{"id":5320,"date":"2023-11-28T10:53:04","date_gmt":"2023-11-28T13:53:04","guid":{"rendered":"https:\/\/proservice.com.ar\/?post_type=product&#038;p=5320"},"modified":"2025-05-12T14:05:52","modified_gmt":"2025-05-12T17:05:52","slug":"century-precision-optics-0hd-fead-sh6-0-3x-hd-fisheye-adapter-lens-for-sony-hdr-fx7-hvr-v1u","status":"publish","type":"product","link":"https:\/\/proservice.com.ar\/index.php\/product\/century-precision-optics-0hd-fead-sh6-0-3x-hd-fisheye-adapter-lens-for-sony-hdr-fx7-hvr-v1u\/","title":{"rendered":"Century Precision Optics 0HD-FEAD-SH6 0.3x HD Fisheye Adapter Lens &#8211; for Sony HDR-FX7 &#038; HVR-V1U"},"content":{"rendered":"<div>\n<div class=\"productDescription_UbV5SNP5Eo\" data-selenium=\"overviewLongDescription\">\n<div class=\"js-injected-html text_UbV5SNP5Eo\">\n<p>Esta lente adaptadora ojo de pez HD\u00a00HD-FEAD-SH6 de Century Precision Optics\u00a0funciona con las videoc\u00e1maras Sony HDR-FX7 y HVR-V1U.\u00a0El ojo de pez produce un grado extraordinario de distorsi\u00f3n de barril.\u00a0Este accesorio econ\u00f3mico ofrecer\u00e1 una distorsi\u00f3n de buena calidad en el extremo amplio del zoom.<\/p>\n<\/div>\n<\/div>\n<\/div>\n<div class=\"feature_UbV5SNP5Eo\">\n<div class=\"feature_UbV5SNP5Eo\">\n<div>\n<div class=\"feature_UbV5SNP5Eo\">\n<div class=\"featureHeader_UbV5SNP5Eo\">\n<div class=\"text_TAw0W35QK_ comfy_TAw0W35QK_ sizeTitle2_TAw0W35QK_ weightNormal_TAw0W35QK_ primary_i3MsQsqoe0\">ojo de pez<\/div>\n<\/div>\n<div>\n<div class=\"js-injected-html text_UbV5SNP5Eo\">El ojo de pez exagera la profundidad, acercando los objetos cercanos y haciendo que los objetos distantes retrocedan hacia el fondo.<\/div>\n<\/div>\n<\/div>\n<\/div>\n<div>\n<div class=\"feature_UbV5SNP5Eo\">\n<div class=\"featureHeader_UbV5SNP5Eo\">\n<div class=\"text_TAw0W35QK_ comfy_TAw0W35QK_ sizeTitle2_TAw0W35QK_ weightNormal_TAw0W35QK_ primary_i3MsQsqoe0\">Bayoneta<\/div>\n<\/div>\n<div>\n<div class=\"js-injected-html text_UbV5SNP5Eo\">Este soporte se conecta directamente a la lente de la videoc\u00e1mara a trav\u00e9s de la conexi\u00f3n de bayoneta del parasol de f\u00e1brica.<\/div>\n<\/div>\n<\/div>\n<\/div>\n<\/div>\n<\/div>\n","protected":false},"excerpt":{"rendered":"<p>0HD-FEAD-SH6<\/p>\n","protected":false},"featured_media":5321,"template":"","meta":{"om_disable_all_campaigns":false},"pwb-brand":[],"product_brand":[],"product_cat":[420],"product_tag":[435],"class_list":{"0":"post-5320","1":"product","2":"type-product","3":"status-publish","4":"has-post-thumbnail","6":"product_cat-ofertas","7":"product_tag-0hd-fead-sh6","9":"first","10":"instock","11":"shipping-taxable","12":"purchasable","13":"product-type-simple"},"aioseo_notices":[],"jetpack_sharing_enabled":true,"brands":[],"_links":{"self":[{"href":"https:\/\/proservice.com.ar\/index.php\/wp-json\/wp\/v2\/product\/5320","targetHints":{"allow":["GET"]}}],"collection":[{"href":"https:\/\/proservice.com.ar\/index.php\/wp-json\/wp\/v2\/product"}],"about":[{"href":"https:\/\/proservice.com.ar\/index.php\/wp-json\/wp\/v2\/types\/product"}],"wp:featuredmedia":[{"embeddable":true,"href":"https:\/\/proservice.com.ar\/index.php\/wp-json\/wp\/v2\/media\/5321"}],"wp:attachment":[{"href":"https:\/\/proservice.com.ar\/index.php\/wp-json\/wp\/v2\/media?parent=5320"}],"wp:term":[{"taxonomy":"pwb-brand","embeddable":true,"href":"https:\/\/proservice.com.ar\/index.php\/wp-json\/wp\/v2\/pwb-brand?post=5320"},{"taxonomy":"product_brand","embeddable":true,"href":"https:\/\/proservice.com.ar\/index.php\/wp-json\/wp\/v2\/product_brand?post=5320"},{"taxonomy":"product_cat","embeddable":true,"href":"https:\/\/proservice.com.ar\/index.php\/wp-json\/wp\/v2\/product_cat?post=5320"},{"taxonomy":"product_tag","embeddable":true,"href":"https:\/\/proservice.com.ar\/index.php\/wp-json\/wp\/v2\/product_tag?post=5320"}],"curies":[{"name":"wp","href":"https:\/\/api.w.org\/{rel}","templated":true}]}}