{"id":5324,"date":"2023-11-28T11:02:26","date_gmt":"2023-11-28T14:02:26","guid":{"rendered":"https:\/\/proservice.com.ar\/?post_type=product&#038;p=5324"},"modified":"2025-05-29T10:59:30","modified_gmt":"2025-05-29T13:59:30","slug":"idx-system-technology-x3-lite-led-on-camera-light-dimmer-daylight-balanced-35-watt-illumination","status":"publish","type":"product","link":"https:\/\/proservice.com.ar\/index.php\/product\/idx-system-technology-x3-lite-led-on-camera-light-dimmer-daylight-balanced-35-watt-illumination\/","title":{"rendered":"IDX System Technology X3-Lite LED On Camera Light &#8211; Dimmer, Daylight Balanced, 35 Watt Illumination"},"content":{"rendered":"<div>\n<div class=\"productDescription_UbV5SNP5Eo\" data-selenium=\"overviewLongDescription\">\n<div class=\"js-injected-html text_UbV5SNP5Eo\">\n<p>El\u00a0IDX X3-Lite\u00a0es una luz atenuadora equilibrada con luz diurna en la c\u00e1mara;\u00a0Utiliza un LED para iluminaci\u00f3n y consume una peque\u00f1a cantidad de corriente para proporcionar 35 vatios de iluminaci\u00f3n.<\/p>\n<\/div>\n<\/div>\n<\/div>\n<div class=\"feature_UbV5SNP5Eo\">\n<div class=\"feature_UbV5SNP5Eo\">\n<div>\n<div class=\"feature_UbV5SNP5Eo\">\n<div class=\"featureHeader_UbV5SNP5Eo\">\n<div class=\"text_TAw0W35QK_ comfy_TAw0W35QK_ sizeTitle2_TAw0W35QK_ weightNormal_TAw0W35QK_ primary_i3MsQsqoe0\">Iluminaci\u00f3n LED<\/div>\n<\/div>\n<div>\n<div class=\"js-injected-html text_UbV5SNP5Eo\">El uso de un LED para la iluminaci\u00f3n proporciona una luz equilibrada con luz diurna sin filtros ni balastos y no se apaga como las l\u00e1mparas normales.<\/div>\n<\/div>\n<\/div>\n<\/div>\n<div>\n<div class=\"feature_UbV5SNP5Eo\">\n<div class=\"featureHeader_UbV5SNP5Eo\">\n<div class=\"text_TAw0W35QK_ comfy_TAw0W35QK_ sizeTitle2_TAw0W35QK_ weightNormal_TAw0W35QK_ primary_i3MsQsqoe0\">Regulador de intensidad<\/div>\n<\/div>\n<div>\n<div class=\"js-injected-html text_UbV5SNP5Eo\">Esta luz se aten\u00faa del 0 al 100% de su capacidad.<\/div>\n<\/div>\n<\/div>\n<\/div>\n<div>\n<div class=\"feature_UbV5SNP5Eo\">\n<div class=\"featureHeader_UbV5SNP5Eo\">\n<div class=\"text_TAw0W35QK_ comfy_TAw0W35QK_ sizeTitle2_TAw0W35QK_ weightNormal_TAw0W35QK_ primary_i3MsQsqoe0\">Soporte para lentes<\/div>\n<\/div>\n<div>\n<div class=\"js-injected-html text_UbV5SNP5Eo\">Este dispositivo cuenta con un soporte de lente dise\u00f1ado espec\u00edficamente que garantiza una dispersi\u00f3n de la luz constante y uniforme.<\/div>\n<\/div>\n<\/div>\n<\/div>\n<div>\n<div class=\"feature_UbV5SNP5Eo\">\n<div class=\"featureHeader_UbV5SNP5Eo\">\n<div class=\"text_TAw0W35QK_ comfy_TAw0W35QK_ sizeTitle2_TAw0W35QK_ weightNormal_TAw0W35QK_ primary_i3MsQsqoe0\">Eficiente<\/div>\n<\/div>\n<div>\n<div class=\"js-injected-html text_UbV5SNP5Eo\">La l\u00e1mpara LED produce 35 W de iluminaci\u00f3n y utiliza solo 11 W de potencia.<\/div>\n<\/div>\n<\/div>\n<\/div>\n<\/div>\n<\/div>\n","protected":false},"excerpt":{"rendered":"<p><b>X3-Lite<\/b><\/p>\n","protected":false},"featured_media":5325,"template":"","meta":{"om_disable_all_campaigns":false},"pwb-brand":[],"product_brand":[],"product_cat":[420],"product_tag":[437],"class_list":{"0":"post-5324","1":"product","2":"type-product","3":"status-publish","4":"has-post-thumbnail","6":"product_cat-ofertas","7":"product_tag-x3-lite","9":"first","10":"instock","11":"shipping-taxable","12":"purchasable","13":"product-type-simple"},"aioseo_notices":[],"jetpack_sharing_enabled":true,"brands":[],"_links":{"self":[{"href":"https:\/\/proservice.com.ar\/index.php\/wp-json\/wp\/v2\/product\/5324","targetHints":{"allow":["GET"]}}],"collection":[{"href":"https:\/\/proservice.com.ar\/index.php\/wp-json\/wp\/v2\/product"}],"about":[{"href":"https:\/\/proservice.com.ar\/index.php\/wp-json\/wp\/v2\/types\/product"}],"wp:featuredmedia":[{"embeddable":true,"href":"https:\/\/proservice.com.ar\/index.php\/wp-json\/wp\/v2\/media\/5325"}],"wp:attachment":[{"href":"https:\/\/proservice.com.ar\/index.php\/wp-json\/wp\/v2\/media?parent=5324"}],"wp:term":[{"taxonomy":"pwb-brand","embeddable":true,"href":"https:\/\/proservice.com.ar\/index.php\/wp-json\/wp\/v2\/pwb-brand?post=5324"},{"taxonomy":"product_brand","embeddable":true,"href":"https:\/\/proservice.com.ar\/index.php\/wp-json\/wp\/v2\/product_brand?post=5324"},{"taxonomy":"product_cat","embeddable":true,"href":"https:\/\/proservice.com.ar\/index.php\/wp-json\/wp\/v2\/product_cat?post=5324"},{"taxonomy":"product_tag","embeddable":true,"href":"https:\/\/proservice.com.ar\/index.php\/wp-json\/wp\/v2\/product_tag?post=5324"}],"curies":[{"name":"wp","href":"https:\/\/api.w.org\/{rel}","templated":true}]}}