{"id":5331,"date":"2023-11-29T11:40:22","date_gmt":"2023-11-29T14:40:22","guid":{"rendered":"https:\/\/proservice.com.ar\/?post_type=product&#038;p=5331"},"modified":"2024-12-27T14:56:18","modified_gmt":"2024-12-27T17:56:18","slug":"ps-8300-redundant-power-supply-para-open-gear","status":"publish","type":"product","link":"https:\/\/proservice.com.ar\/index.php\/product\/ps-8300-redundant-power-supply-para-open-gear\/","title":{"rendered":"Ps-8300 Redundant Power Supply Para Open Gear"},"content":{"rendered":"<p>El PS-8300 Es una fuente de alimentaci\u00f3n de respaldo para los marcos modulares como DFR8310, DFR8310-C, y DFR8310-N. En caso de un fallo de la fuente de alimentaci\u00f3n principal, la fuente de alimentaci\u00f3n redundante se hace cargo para evitar cualquier p\u00e9rdida de potencia.<\/p>\n<p>Situado en la parte frontal de los bastidores modulares, el PS-8300 tiene un cable de alimentaci\u00f3n separado.<\/p>\n<p>Entrada de energ\u00eda: 100 &#8211; 240 VAC, 47 &#8211; 63 Hz, 190 vatios<\/p>\n<p>Salida 1: 12 V, \u00b1 10%, 0,5 &#8211; 12,5 A<\/p>\n<p>Salida 2:-7.5V, \u00b1 10%, 0 &#8211; 2,5 A<\/p>\n<p>Total: La suma de las dos salidas no debe exceder de 150 vatios m\u00e1ximo.<\/p>\n","protected":false},"excerpt":{"rendered":"<p>Ps-8300<\/p>\n","protected":false},"featured_media":5332,"template":"","meta":{"om_disable_all_campaigns":false},"pwb-brand":[],"product_brand":[],"product_cat":[420],"product_tag":[438],"class_list":{"0":"post-5331","1":"product","2":"type-product","3":"status-publish","4":"has-post-thumbnail","6":"product_cat-ofertas","7":"product_tag-ps-8300","9":"first","10":"instock","11":"shipping-taxable","12":"purchasable","13":"product-type-simple"},"aioseo_notices":[],"jetpack_sharing_enabled":true,"brands":[],"_links":{"self":[{"href":"https:\/\/proservice.com.ar\/index.php\/wp-json\/wp\/v2\/product\/5331","targetHints":{"allow":["GET"]}}],"collection":[{"href":"https:\/\/proservice.com.ar\/index.php\/wp-json\/wp\/v2\/product"}],"about":[{"href":"https:\/\/proservice.com.ar\/index.php\/wp-json\/wp\/v2\/types\/product"}],"wp:featuredmedia":[{"embeddable":true,"href":"https:\/\/proservice.com.ar\/index.php\/wp-json\/wp\/v2\/media\/5332"}],"wp:attachment":[{"href":"https:\/\/proservice.com.ar\/index.php\/wp-json\/wp\/v2\/media?parent=5331"}],"wp:term":[{"taxonomy":"pwb-brand","embeddable":true,"href":"https:\/\/proservice.com.ar\/index.php\/wp-json\/wp\/v2\/pwb-brand?post=5331"},{"taxonomy":"product_brand","embeddable":true,"href":"https:\/\/proservice.com.ar\/index.php\/wp-json\/wp\/v2\/product_brand?post=5331"},{"taxonomy":"product_cat","embeddable":true,"href":"https:\/\/proservice.com.ar\/index.php\/wp-json\/wp\/v2\/product_cat?post=5331"},{"taxonomy":"product_tag","embeddable":true,"href":"https:\/\/proservice.com.ar\/index.php\/wp-json\/wp\/v2\/product_tag?post=5331"}],"curies":[{"name":"wp","href":"https:\/\/api.w.org\/{rel}","templated":true}]}}