{"id":5348,"date":"2023-11-29T12:29:11","date_gmt":"2023-11-29T15:29:11","guid":{"rendered":"https:\/\/proservice.com.ar\/?post_type=product&#038;p=5348"},"modified":"2025-05-29T10:28:45","modified_gmt":"2025-05-29T13:28:45","slug":"soporte-de-hombro-multiformato-6-en-1","status":"publish","type":"product","link":"https:\/\/proservice.com.ar\/index.php\/product\/soporte-de-hombro-multiformato-6-en-1\/","title":{"rendered":"Soporte De Hombro Multiformato 6 En 1"},"content":{"rendered":"<p>La combinaci\u00f3n de los distintos componentes permite variadas configuraciones seg\u00fan la necesidad<br \/>\nLa platina de c\u00e1mara le permite una r\u00e1pida expulsi\u00f3n sin necesidad de aflojar tornillos<br \/>\n\u00a1HASTA 6 FORMAS DE USO! SOPORTE DE HOMBRO MULTIFORMATO!, RIG MULTI FUNCI\u00d3N, \u00a1USALO COMO VOS QUIERAS!<br \/>\n-Algunos ejemplos de configuraci\u00f3n:<br \/>\n1.Modo M\u00e1stil para vista superior<br \/>\n2.Modo Handy.<br \/>\n3.Modo Handle.<br \/>\n4.Modo Hombro.<\/p>\n","protected":false},"excerpt":{"rendered":"<p>Smf-61<\/p>\n","protected":false},"featured_media":5349,"template":"","meta":{"om_disable_all_campaigns":false},"pwb-brand":[],"product_brand":[],"product_cat":[420],"product_tag":[446],"class_list":{"0":"post-5348","1":"product","2":"type-product","3":"status-publish","4":"has-post-thumbnail","6":"product_cat-ofertas","7":"product_tag-smf-61","9":"first","10":"instock","11":"shipping-taxable","12":"purchasable","13":"product-type-simple"},"aioseo_notices":[],"jetpack_sharing_enabled":true,"brands":[],"_links":{"self":[{"href":"https:\/\/proservice.com.ar\/index.php\/wp-json\/wp\/v2\/product\/5348","targetHints":{"allow":["GET"]}}],"collection":[{"href":"https:\/\/proservice.com.ar\/index.php\/wp-json\/wp\/v2\/product"}],"about":[{"href":"https:\/\/proservice.com.ar\/index.php\/wp-json\/wp\/v2\/types\/product"}],"wp:featuredmedia":[{"embeddable":true,"href":"https:\/\/proservice.com.ar\/index.php\/wp-json\/wp\/v2\/media\/5349"}],"wp:attachment":[{"href":"https:\/\/proservice.com.ar\/index.php\/wp-json\/wp\/v2\/media?parent=5348"}],"wp:term":[{"taxonomy":"pwb-brand","embeddable":true,"href":"https:\/\/proservice.com.ar\/index.php\/wp-json\/wp\/v2\/pwb-brand?post=5348"},{"taxonomy":"product_brand","embeddable":true,"href":"https:\/\/proservice.com.ar\/index.php\/wp-json\/wp\/v2\/product_brand?post=5348"},{"taxonomy":"product_cat","embeddable":true,"href":"https:\/\/proservice.com.ar\/index.php\/wp-json\/wp\/v2\/product_cat?post=5348"},{"taxonomy":"product_tag","embeddable":true,"href":"https:\/\/proservice.com.ar\/index.php\/wp-json\/wp\/v2\/product_tag?post=5348"}],"curies":[{"name":"wp","href":"https:\/\/api.w.org\/{rel}","templated":true}]}}