{"id":5356,"date":"2023-11-29T12:40:48","date_gmt":"2023-11-29T15:40:48","guid":{"rendered":"https:\/\/proservice.com.ar\/?post_type=product&#038;p=5356"},"modified":"2026-02-10T14:24:03","modified_gmt":"2026-02-10T17:24:03","slug":"flycam-dslr-nano-blue","status":"publish","type":"product","link":"https:\/\/proservice.com.ar\/index.php\/product\/flycam-dslr-nano-blue\/","title":{"rendered":"Flycam Dslr Nano Blue"},"content":{"rendered":"<p>Dise\u00f1ado para soportar c\u00e1maras de hasta 1.5kg\/3.3lbs. Tiene capacidad para una gran variedad de c\u00e1maras Canon, Sony, Nikon, Panasonic, Fuji.<\/p>\n<p>Equilibrio perfecto mediante el ajuste de las pesas.<br \/>\nTrineo telesc\u00f3pico totalmente ajustable.<br \/>\nDise\u00f1o ergon\u00f3mico para Steady Cam, no m\u00e1s inestabilidad e im\u00e1genes borrosas.<\/p>\n<p><strong>Especificaci\u00f3nes<\/strong><\/p>\n<p>Steady Cam Estabilizador constru\u00eddo en aluminio negro<br \/>\nPerillas de la c\u00e1mara en calidad industrial<br \/>\nEquilibrio de pesos hechos de MS y polvo de recubrimiento<br \/>\nEl di\u00e1metro del disco de peso &#8211; 65mm<br \/>\nPeso espesor &#8211; 4,5 mm<br \/>\nTornillo de fijaci\u00f3n &#8211; 1\/4<br \/>\nPeso &#8211; Kg\/3.5<br \/>\nSolo peso del disco &#8211; 95 gramos<br \/>\nLa duraci\u00f3n del Estabilizador Steady &#8211; 14.5inches<br \/>\nExtended longitud telesc\u00f3pica &#8211; 22.5inches<br \/>\nTop Dimensiones de la placa &#8211; 7 &#8220;(L) x 4&#8243; (L)<br \/>\nDi\u00e1metro de trineo &#8211; 23mm<br \/>\nMatt estabilizador negro<\/p>\n<p>F\u00e1cil de configurar y f\u00e1cil de usar nuestra FlyCAM DSLR Nano Blue. Funciona a la perfecci\u00f3n con las siguientes c\u00e1maras:<\/p>\n<p>CANON &#8211; 5d Mark II, EOS7D, 1000D, 40D, 50D, 450D, 60D, 1100D, 30D, 20D, 50D 3, 450D, Rebel XSI, XT, T2I, 500D, 550D, 500D Rebel<br \/>\nSONY &#8211; A230, A330, A350, A380, A200, A580, A900, A700, A100, A290, A450, A500, A390, A850, A300, A560, A29, NIKON &#8211; D70, D90, D40, D60, D40, D3, D3X, D3S, D5000, D3100, D3000, D80, D60, D700, D300, D3S<br \/>\nPANASONIC &#8211; Lumix Gla, DMC-FZ 50K, GH1, GH2, G1, G10, DMC-FZ7,<br \/>\nFUJI &#8211; S3500, S6900, S2500, S1800, HS10, S700, S8000, S5800, 5200EXR, S3, S5 S5200HD, 58000FD, S3, S5<\/p>\n<p>Datos T\u00e9cnicos:<\/p>\n<p>Platina de C\u00e1mara Pl\u00e1stica con sistema de expulsi\u00f3n r\u00e1pida por palanca<\/p>\n<p>El estabilizador esta fabricado en aluminio tratado de color negro.<\/p>\n<p>Algunas partes del Estabilizador son de pl\u00e1stico resistente y duradero<\/p>\n<p>Manillar espuma de Foam de suave tacto.<br \/>\nRodamiento con recubrimiento anti polvo.<br \/>\nDi\u00e1metro de cada platillo: 65 mm y 4,5 mm de espesor<br \/>\nPeso de cada disco: 95 gramos<br \/>\nEl tornillo de sujeci\u00f3n de c\u00e1mara es de: 1\/4 &#8221;<br \/>\nPeso del Estabilizador sin c\u00e1mara: 1,6 Kg.<br \/>\nLargo m\u00ednimo del estabilizador: 36.25 cm<br \/>\nLongitud completa con extensi\u00f3n telesc\u00f3pica: 56.25 cm<br \/>\nLargo de platina superior 17.5cm<br \/>\nDimensiones principales de la platina inferior: 15.5cm x 10cm<br \/>\nColor de estabilizador: Negro con Azul<\/p>\n","protected":false},"excerpt":{"rendered":"<p>Sku-560<\/p>\n","protected":false},"featured_media":5357,"template":"","meta":{"om_disable_all_campaigns":false},"pwb-brand":[],"product_brand":[],"product_cat":[420],"product_tag":[449],"class_list":{"0":"post-5356","1":"product","2":"type-product","3":"status-publish","4":"has-post-thumbnail","6":"product_cat-ofertas","7":"product_tag-sku-560","9":"first","10":"instock","11":"shipping-taxable","12":"purchasable","13":"product-type-simple"},"aioseo_notices":[],"jetpack_sharing_enabled":true,"brands":[],"_links":{"self":[{"href":"https:\/\/proservice.com.ar\/index.php\/wp-json\/wp\/v2\/product\/5356","targetHints":{"allow":["GET"]}}],"collection":[{"href":"https:\/\/proservice.com.ar\/index.php\/wp-json\/wp\/v2\/product"}],"about":[{"href":"https:\/\/proservice.com.ar\/index.php\/wp-json\/wp\/v2\/types\/product"}],"wp:featuredmedia":[{"embeddable":true,"href":"https:\/\/proservice.com.ar\/index.php\/wp-json\/wp\/v2\/media\/5357"}],"wp:attachment":[{"href":"https:\/\/proservice.com.ar\/index.php\/wp-json\/wp\/v2\/media?parent=5356"}],"wp:term":[{"taxonomy":"pwb-brand","embeddable":true,"href":"https:\/\/proservice.com.ar\/index.php\/wp-json\/wp\/v2\/pwb-brand?post=5356"},{"taxonomy":"product_brand","embeddable":true,"href":"https:\/\/proservice.com.ar\/index.php\/wp-json\/wp\/v2\/product_brand?post=5356"},{"taxonomy":"product_cat","embeddable":true,"href":"https:\/\/proservice.com.ar\/index.php\/wp-json\/wp\/v2\/product_cat?post=5356"},{"taxonomy":"product_tag","embeddable":true,"href":"https:\/\/proservice.com.ar\/index.php\/wp-json\/wp\/v2\/product_tag?post=5356"}],"curies":[{"name":"wp","href":"https:\/\/api.w.org\/{rel}","templated":true}]}}