{"id":5368,"date":"2023-11-29T13:27:34","date_gmt":"2023-11-29T16:27:34","guid":{"rendered":"https:\/\/proservice.com.ar\/?post_type=product&#038;p=5368"},"modified":"2025-05-29T12:38:08","modified_gmt":"2025-05-29T15:38:08","slug":"dual-channel-beltpack-bp-2002-telex","status":"publish","type":"product","link":"https:\/\/proservice.com.ar\/index.php\/product\/dual-channel-beltpack-bp-2002-telex\/","title":{"rendered":"Dual-channel Beltpack Bp-2002 Telex"},"content":{"rendered":"<p>BELTPACK DE DOBLE CANAL<\/p>\n<p>Bot\u00f3n e indicador de conversaci\u00f3n<br \/>\nEl bot\u00f3n &#8220;Hablar&#8221; activa el auricular y puede funcionar en el modo manos libres para hablar o pulsar para hablar.<\/p>\n<p>Bot\u00f3n e indicadores de canal<br \/>\nPermite al usuario seleccionar qu\u00e9 canal de intercomunicaci\u00f3n est\u00e1 activo. Una luz indicadora amarilla muestra el canal activo.<\/p>\n<p>Control de tono local<br \/>\nEl control de tono local ajusta su propio nivel de voz que se escucha en los auriculares.<\/p>\n<p>Bot\u00f3n e indicador de llamada<br \/>\nLa funci\u00f3n de llamada permite al usuario enviar o recibir se\u00f1ales a otras estaciones de usuario en el canal de intercomunicaci\u00f3n. El usuario puede recibir se\u00f1ales luminosas de llamada y enviar se\u00f1ales f\u00e1cilmente.<\/p>\n<p>Compatible con Clear-Com<br \/>\nSpecifications (English)<\/p>\n<p>Channels: 2 CH<\/p>\n<p>Color: Black<br \/>\nDepth: 1.8&#8243; (45.7 mm)<br \/>\nForm Factor: Beltpack<br \/>\nHeight: 5&#8243; (127 mm)<br \/>\nWeight: 1.5 lbs (0.68 kg)<br \/>\nWidth: 3.5&#8243; (88.9 mm)<\/p>\n","protected":false},"excerpt":{"rendered":"<p>Bp-2002<\/p>\n","protected":false},"featured_media":5369,"template":"","meta":{"om_disable_all_campaigns":false},"pwb-brand":[],"product_brand":[],"product_cat":[420],"product_tag":[452],"class_list":{"0":"post-5368","1":"product","2":"type-product","3":"status-publish","4":"has-post-thumbnail","6":"product_cat-ofertas","7":"product_tag-bp-2002","9":"first","10":"instock","11":"shipping-taxable","12":"purchasable","13":"product-type-simple"},"aioseo_notices":[],"jetpack_sharing_enabled":true,"brands":[],"_links":{"self":[{"href":"https:\/\/proservice.com.ar\/index.php\/wp-json\/wp\/v2\/product\/5368","targetHints":{"allow":["GET"]}}],"collection":[{"href":"https:\/\/proservice.com.ar\/index.php\/wp-json\/wp\/v2\/product"}],"about":[{"href":"https:\/\/proservice.com.ar\/index.php\/wp-json\/wp\/v2\/types\/product"}],"wp:featuredmedia":[{"embeddable":true,"href":"https:\/\/proservice.com.ar\/index.php\/wp-json\/wp\/v2\/media\/5369"}],"wp:attachment":[{"href":"https:\/\/proservice.com.ar\/index.php\/wp-json\/wp\/v2\/media?parent=5368"}],"wp:term":[{"taxonomy":"pwb-brand","embeddable":true,"href":"https:\/\/proservice.com.ar\/index.php\/wp-json\/wp\/v2\/pwb-brand?post=5368"},{"taxonomy":"product_brand","embeddable":true,"href":"https:\/\/proservice.com.ar\/index.php\/wp-json\/wp\/v2\/product_brand?post=5368"},{"taxonomy":"product_cat","embeddable":true,"href":"https:\/\/proservice.com.ar\/index.php\/wp-json\/wp\/v2\/product_cat?post=5368"},{"taxonomy":"product_tag","embeddable":true,"href":"https:\/\/proservice.com.ar\/index.php\/wp-json\/wp\/v2\/product_tag?post=5368"}],"curies":[{"name":"wp","href":"https:\/\/api.w.org\/{rel}","templated":true}]}}