{"id":5371,"date":"2023-11-29T13:33:43","date_gmt":"2023-11-29T16:33:43","guid":{"rendered":"https:\/\/proservice.com.ar\/?post_type=product&#038;p=5371"},"modified":"2024-02-23T09:28:16","modified_gmt":"2024-02-23T12:28:16","slug":"motor-sentido-horario-walkera-tali","status":"publish","type":"product","link":"https:\/\/proservice.com.ar\/index.php\/product\/motor-sentido-horario-walkera-tali\/","title":{"rendered":"Motor Sentido Horario Walkera Tali"},"content":{"rendered":"<p>Motor Walkera para Drone TALI H500<\/p>\n<p>Brushless motor (dextrogyrate thread)<\/p>\n<p>Esta versi\u00f3n del motor sin escobillas para Drone TALI H500 de Walkera ofrece un hilo dextrogyrate para la rotaci\u00f3n a la derecha. Hay dos direcciones de rotaci\u00f3n para los motores (en sentido horario y antihorario).<\/p>\n","protected":false},"excerpt":{"rendered":"<h1 class=\"ui-pdp-title\">H500-z-12<\/h1>\n","protected":false},"featured_media":5372,"template":"","meta":{"om_disable_all_campaigns":false},"pwb-brand":[],"product_brand":[],"product_cat":[33,420],"product_tag":[453],"class_list":{"0":"post-5371","1":"product","2":"type-product","3":"status-publish","4":"has-post-thumbnail","6":"product_cat-accesorios","7":"product_cat-ofertas","8":"product_tag-h500-z-12","10":"first","11":"instock","12":"shipping-taxable","13":"product-type-simple"},"aioseo_notices":[],"jetpack_sharing_enabled":true,"brands":[],"_links":{"self":[{"href":"https:\/\/proservice.com.ar\/index.php\/wp-json\/wp\/v2\/product\/5371","targetHints":{"allow":["GET"]}}],"collection":[{"href":"https:\/\/proservice.com.ar\/index.php\/wp-json\/wp\/v2\/product"}],"about":[{"href":"https:\/\/proservice.com.ar\/index.php\/wp-json\/wp\/v2\/types\/product"}],"wp:featuredmedia":[{"embeddable":true,"href":"https:\/\/proservice.com.ar\/index.php\/wp-json\/wp\/v2\/media\/5372"}],"wp:attachment":[{"href":"https:\/\/proservice.com.ar\/index.php\/wp-json\/wp\/v2\/media?parent=5371"}],"wp:term":[{"taxonomy":"pwb-brand","embeddable":true,"href":"https:\/\/proservice.com.ar\/index.php\/wp-json\/wp\/v2\/pwb-brand?post=5371"},{"taxonomy":"product_brand","embeddable":true,"href":"https:\/\/proservice.com.ar\/index.php\/wp-json\/wp\/v2\/product_brand?post=5371"},{"taxonomy":"product_cat","embeddable":true,"href":"https:\/\/proservice.com.ar\/index.php\/wp-json\/wp\/v2\/product_cat?post=5371"},{"taxonomy":"product_tag","embeddable":true,"href":"https:\/\/proservice.com.ar\/index.php\/wp-json\/wp\/v2\/product_tag?post=5371"}],"curies":[{"name":"wp","href":"https:\/\/api.w.org\/{rel}","templated":true}]}}