{"id":5380,"date":"2023-11-29T16:43:19","date_gmt":"2023-11-29T19:43:19","guid":{"rendered":"https:\/\/proservice.com.ar\/?post_type=product&#038;p=5380"},"modified":"2026-04-05T15:44:40","modified_gmt":"2026-04-05T18:44:40","slug":"rgblink-tao-1pro-hdmi-usb-ndi-video-switcher","status":"publish","type":"product","link":"https:\/\/proservice.com.ar\/index.php\/product\/rgblink-tao-1pro-hdmi-usb-ndi-video-switcher\/","title":{"rendered":"RGBlink TAO 1pro HDMI\/USB\/NDI Video Switcher"},"content":{"rendered":"<div class=\"title_OMS5rN7R1Z\">\n<div data-selenium=\"sellingPointsTitle\">Cambie, transmita y grabe v\u00eddeo HD para transmisiones en vivo con el Switcher\u00a0de v\u00eddeo TAO 1pro HDMI\/USB\/NDI\u00a0de\u00a0RGBlink\u00a0.<\/div>\n<div data-selenium=\"sellingPointsTitle\">\u00a0Este Switcher de transmisi\u00f3n en vivo port\u00e1til cuenta con dos entradas HDMI 1.3 y dos USB 3.0 para una variedad de c\u00e1maras con una resoluci\u00f3n de hasta 1080p60, una salida de monitor HDMI 2.0 y el puerto Ethernet RJ45 le permite transmitir simult\u00e1neamente hasta cuatro plataformas de transmisi\u00f3n, como OBS y YouTube. Vivir. Tambi\u00e9n cuenta con un codificador NDI 5.0, para que pueda transmitir v\u00eddeo de alta calidad con una resoluci\u00f3n de hasta UHD 4K60 en una red NDI.\u00a0Tambi\u00e9n se incluye una salida USB 2.0 tipo A para grabar su programa en una unidad USB disponible por separado.<\/div>\n<div data-selenium=\"sellingPointsTitle\"><\/div>\n<div class=\"text_TAw0W35QK_ comfy_TAw0W35QK_ sizeTitle4_TAw0W35QK_ weightBold_TAw0W35QK_ primary_i3MsQsqoe0\" data-selenium=\"sellingPointsTitle\"><strong>Caracter\u00edsticas principales:\u00a0<\/strong><\/div>\n<\/div>\n<ul class=\"list_OMS5rN7R1Z\">\n<li class=\"listItem_OMS5rN7R1Z\" data-selenium=\"sellingPointsListItem\">Cambie hasta cuatro se\u00f1ales de v\u00eddeo 1080p60<\/li>\n<li class=\"listItem_OMS5rN7R1Z\" data-selenium=\"sellingPointsListItem\">Entrada USB\/HDMI de 1080p, salida HDMI 2.0<\/li>\n<li class=\"listItem_OMS5rN7R1Z\" data-selenium=\"sellingPointsListItem\">Salida NDI 5.0\/HDMI hasta UHD 4K60<\/li>\n<li class=\"listItem_OMS5rN7R1Z\" data-selenium=\"sellingPointsListItem\">Pantalla t\u00e1ctil integrada de 5,5&#8243; 1920 x 1080<\/li>\n<li class=\"listItem_OMS5rN7R1Z\" data-selenium=\"sellingPointsListItem\">Salida de grabaci\u00f3n USB 2.0, soporte UVC<\/li>\n<li class=\"listItem_OMS5rN7R1Z\" data-selenium=\"sellingPointsListItem\">Puerto RJ45 para LAN\/Streaming<\/li>\n<li class=\"listItem_OMS5rN7R1Z\" data-selenium=\"sellingPointsListItem\">Hasta cuatro transmisiones simult\u00e1neas<\/li>\n<li class=\"listItem_OMS5rN7R1Z\" data-selenium=\"sellingPointsListItem\">Compatibilidad con Bluetooth 5.0 para control PTZ<\/li>\n<li class=\"listItem_OMS5rN7R1Z\" data-selenium=\"sellingPointsListItem\">Placa de bater\u00eda serie L<\/li>\n<\/ul>\n","protected":false},"excerpt":{"rendered":"<p>TAO1PRO<\/p>\n","protected":false},"featured_media":5383,"template":"","meta":{"om_disable_all_campaigns":false},"pwb-brand":[],"product_brand":[],"product_cat":[63,420,659,65,66,741],"product_tag":[457],"class_list":{"0":"post-5380","1":"product","2":"type-product","3":"status-publish","4":"has-post-thumbnail","6":"product_cat-monitors-multiview","7":"product_cat-ofertas","8":"product_cat-rgblink","9":"product_cat-streaming-device","10":"product_cat-switchers","11":"product_cat-switcher","12":"product_tag-tao1pro","14":"first","15":"instock","16":"shipping-taxable","17":"purchasable","18":"product-type-simple"},"aioseo_notices":[],"jetpack_sharing_enabled":true,"brands":[],"_links":{"self":[{"href":"https:\/\/proservice.com.ar\/index.php\/wp-json\/wp\/v2\/product\/5380","targetHints":{"allow":["GET"]}}],"collection":[{"href":"https:\/\/proservice.com.ar\/index.php\/wp-json\/wp\/v2\/product"}],"about":[{"href":"https:\/\/proservice.com.ar\/index.php\/wp-json\/wp\/v2\/types\/product"}],"wp:featuredmedia":[{"embeddable":true,"href":"https:\/\/proservice.com.ar\/index.php\/wp-json\/wp\/v2\/media\/5383"}],"wp:attachment":[{"href":"https:\/\/proservice.com.ar\/index.php\/wp-json\/wp\/v2\/media?parent=5380"}],"wp:term":[{"taxonomy":"pwb-brand","embeddable":true,"href":"https:\/\/proservice.com.ar\/index.php\/wp-json\/wp\/v2\/pwb-brand?post=5380"},{"taxonomy":"product_brand","embeddable":true,"href":"https:\/\/proservice.com.ar\/index.php\/wp-json\/wp\/v2\/product_brand?post=5380"},{"taxonomy":"product_cat","embeddable":true,"href":"https:\/\/proservice.com.ar\/index.php\/wp-json\/wp\/v2\/product_cat?post=5380"},{"taxonomy":"product_tag","embeddable":true,"href":"https:\/\/proservice.com.ar\/index.php\/wp-json\/wp\/v2\/product_tag?post=5380"}],"curies":[{"name":"wp","href":"https:\/\/api.w.org\/{rel}","templated":true}]}}