{"id":5392,"date":"2023-12-21T15:47:20","date_gmt":"2023-12-21T18:47:20","guid":{"rendered":"https:\/\/proservice.com.ar\/?post_type=product&#038;p=5392"},"modified":"2026-05-08T10:19:46","modified_gmt":"2026-05-08T13:19:46","slug":"aida-imaging-full-hd-ndihx-broadcast-ptz-camera-with-18x-optical-zoom-black-2","status":"publish","type":"product","link":"https:\/\/proservice.com.ar\/index.php\/product\/aida-imaging-full-hd-ndihx-broadcast-ptz-camera-with-18x-optical-zoom-black-2\/","title":{"rendered":"AIDA Imaging Full HD NDI|HX Broadcast PTZ Camera with 18x Optical Zoom (Black)"},"content":{"rendered":"<div class=\"title_OMS5rN7R1Z\">\n<div data-selenium=\"sellingPointsTitle\">La PTZ-NDI-X18 es una c\u00e1mara PTZ que te permite transmitir en vivo con calidad profesional y con m\u00faltiples opciones de salida. Tiene un zoom \u00f3ptico de 18x, un sensor CMOS progresivo de Sony y una licencia NDI|HX integrada. Puedes usarla con lentes Nikon, controlarla con diferentes protocolos y alimentarla con PoE+. Es una c\u00e1mara vers\u00e1til, potente y econ\u00f3mica que se adapta a cualquier producci\u00f3n de video en vivo.<\/div>\n<div data-selenium=\"sellingPointsTitle\"><\/div>\n<div class=\"text_TAw0W35QK_ comfy_TAw0W35QK_ sizeTitle4_TAw0W35QK_ weightBold_TAw0W35QK_ primary_i3MsQsqoe0\" data-selenium=\"sellingPointsTitle\"><strong>Caracter\u00edsticas principales:\u00a0<\/strong><\/div>\n<\/div>\n<ul class=\"list_OMS5rN7R1Z\">\n<li class=\"listItem_OMS5rN7R1Z\" data-selenium=\"sellingPointsListItem\">Sensor CMOS Full HD de 1\/3&#8243;<\/li>\n<li class=\"listItem_OMS5rN7R1Z\" data-selenium=\"sellingPointsListItem\">Salidas HDMI, NDI|HX, IP simult\u00e1neas<\/li>\n<li class=\"listItem_OMS5rN7R1Z\" data-selenium=\"sellingPointsListItem\">V\u00eddeo de hasta 1080p a 60 fps<\/li>\n<li class=\"listItem_OMS5rN7R1Z\" data-selenium=\"sellingPointsListItem\">Zoom \u00f3ptico de 18x<\/li>\n<li class=\"listItem_OMS5rN7R1Z\" data-selenium=\"sellingPointsListItem\">Control RS-232, VISCA, VISCA sobre IP<\/li>\n<li class=\"listItem_OMS5rN7R1Z\" data-selenium=\"sellingPointsListItem\">Hasta 128 preajustes a trav\u00e9s del control en serie<\/li>\n<li class=\"listItem_OMS5rN7R1Z\" data-selenium=\"sellingPointsListItem\">Control remoto con 10 presinton\u00edas<\/li>\n<li class=\"listItem_OMS5rN7R1Z\" data-selenium=\"sellingPointsListItem\">Reducci\u00f3n de ruido con compensaci\u00f3n de movimiento<\/li>\n<li class=\"listItem_OMS5rN7R1Z\" data-selenium=\"sellingPointsListItem\">Entrada de l\u00ednea de 3,5 mm<\/li>\n<\/ul>\n","protected":false},"excerpt":{"rendered":"<p>PTZ-NDI-X18 c\u00e1mara PTZ<\/p>\n","protected":false},"featured_media":5390,"template":"","meta":{"om_disable_all_campaigns":false},"pwb-brand":[],"product_brand":[],"product_cat":[70,15],"product_tag":[458],"class_list":{"0":"post-5392","1":"product","2":"type-product","3":"status-publish","4":"has-post-thumbnail","6":"product_cat-aida","7":"product_cat-camera","8":"product_tag-ptz-ndi-x18","10":"first","11":"outofstock","12":"shipping-taxable","13":"product-type-simple"},"aioseo_notices":[],"jetpack_sharing_enabled":true,"brands":[],"_links":{"self":[{"href":"https:\/\/proservice.com.ar\/index.php\/wp-json\/wp\/v2\/product\/5392","targetHints":{"allow":["GET"]}}],"collection":[{"href":"https:\/\/proservice.com.ar\/index.php\/wp-json\/wp\/v2\/product"}],"about":[{"href":"https:\/\/proservice.com.ar\/index.php\/wp-json\/wp\/v2\/types\/product"}],"wp:featuredmedia":[{"embeddable":true,"href":"https:\/\/proservice.com.ar\/index.php\/wp-json\/wp\/v2\/media\/5390"}],"wp:attachment":[{"href":"https:\/\/proservice.com.ar\/index.php\/wp-json\/wp\/v2\/media?parent=5392"}],"wp:term":[{"taxonomy":"pwb-brand","embeddable":true,"href":"https:\/\/proservice.com.ar\/index.php\/wp-json\/wp\/v2\/pwb-brand?post=5392"},{"taxonomy":"product_brand","embeddable":true,"href":"https:\/\/proservice.com.ar\/index.php\/wp-json\/wp\/v2\/product_brand?post=5392"},{"taxonomy":"product_cat","embeddable":true,"href":"https:\/\/proservice.com.ar\/index.php\/wp-json\/wp\/v2\/product_cat?post=5392"},{"taxonomy":"product_tag","embeddable":true,"href":"https:\/\/proservice.com.ar\/index.php\/wp-json\/wp\/v2\/product_tag?post=5392"}],"curies":[{"name":"wp","href":"https:\/\/api.w.org\/{rel}","templated":true}]}}