{"id":5406,"date":"2024-01-15T11:10:27","date_gmt":"2024-01-15T14:10:27","guid":{"rendered":"https:\/\/proservice.com.ar\/?post_type=product&#038;p=5406"},"modified":"2025-05-22T13:19:17","modified_gmt":"2025-05-22T16:19:17","slug":"hollyland-solidcom-c1-8s-full-duplex-wireless-dect-intercom-system-with-8-headsets-1-9-ghz","status":"publish","type":"product","link":"https:\/\/proservice.com.ar\/index.php\/product\/hollyland-solidcom-c1-8s-full-duplex-wireless-dect-intercom-system-with-8-headsets-1-9-ghz\/","title":{"rendered":"Hollyland Solidcom C1-8S Full-Duplex Wireless DECT Intercom System with 8 Headsets (1.9 GHz)"},"content":{"rendered":"<p>El Hollyland Solidcom C1-8S es un sistema de intercomunicaci\u00f3n DECT inal\u00e1mbrico full-duplex dise\u00f1ado para brindar audio claro y comodidad durante todo el d\u00eda en un dise\u00f1o verdaderamente inal\u00e1mbrico sin necesidad de petaca ni concentrador. Esta configuraci\u00f3n incluye 8 auriculares de un solo lado, 1 unidad maestra y 7 remotas, junto con bater\u00edas recargables, un cargador y accesorios. El sistema utiliza cifrado DECT 6.0 y tecnolog\u00eda de antena dual para garantizar una transmisi\u00f3n segura y confiable en un rango de hasta 1000\u2032, lo que lo hace muy adecuado para una variedad de aplicaciones que incluyen producci\u00f3n cinematogr\u00e1fica, conciertos y eventos p\u00fablicos.<\/p>\n<div class=\"title_OMS5rN7R1Z\">\n<div class=\"text_TAw0W35QK_ comfy_TAw0W35QK_ sizeTitle4_TAw0W35QK_ weightBold_TAw0W35QK_ primary_i3MsQsqoe0\" data-selenium=\"sellingPointsTitle\"><strong>Caracter\u00edsticas principales:<\/strong><\/div>\n<\/div>\n<ul class=\"list_OMS5rN7R1Z\">\n<li class=\"listItem_OMS5rN7R1Z\" data-selenium=\"sellingPointsListItem\">Amplia respuesta de frecuencia para un audio claro<\/li>\n<li class=\"listItem_OMS5rN7R1Z\" data-selenium=\"sellingPointsListItem\">Aut\u00e9nticos auriculares inal\u00e1mbricos, sin petaca<\/li>\n<li class=\"listItem_OMS5rN7R1Z\" data-selenium=\"sellingPointsListItem\">C\u00f3modo de usar todo el d\u00eda<\/li>\n<li class=\"listItem_OMS5rN7R1Z\" data-selenium=\"sellingPointsListItem\">Rango de operaci\u00f3n de 2 v\u00edas de 1000&#8242;<\/li>\n<li class=\"listItem_OMS5rN7R1Z\" data-selenium=\"sellingPointsListItem\">DECT 6.0 para estabilidad y seguridad<\/li>\n<li class=\"listItem_OMS5rN7R1Z\" data-selenium=\"sellingPointsListItem\">Emparejamiento instant\u00e1neo, f\u00e1cil de usar<\/li>\n<li class=\"listItem_OMS5rN7R1Z\" data-selenium=\"sellingPointsListItem\">Cancelaci\u00f3n de eco ac\u00fastico<\/li>\n<li class=\"listItem_OMS5rN7R1Z\" data-selenium=\"sellingPointsListItem\">Incluye bater\u00edas y cargador.<\/li>\n<li class=\"listItem_OMS5rN7R1Z\" data-selenium=\"sellingPointsListItem\">Sistema ampliable<\/li>\n<\/ul>\n","protected":false},"excerpt":{"rendered":"<p>Hollyland Solidcom C1-8S Full-Duplex Wireless DECT Intercom System with 8 Headsets (1.9 GHz)<\/p>\n","protected":false},"featured_media":5410,"template":"","meta":{"om_disable_all_campaigns":false},"pwb-brand":[],"product_brand":[],"product_cat":[55,77,640],"product_tag":[460],"class_list":{"0":"post-5406","1":"product","2":"type-product","3":"status-publish","4":"has-post-thumbnail","6":"product_cat-audio","7":"product_cat-hollyland","8":"product_cat-intercom","9":"product_tag-solidcom-c1-8s","11":"first","12":"onbackorder","13":"shipping-taxable","14":"product-type-simple"},"aioseo_notices":[],"jetpack_sharing_enabled":true,"brands":[],"_links":{"self":[{"href":"https:\/\/proservice.com.ar\/index.php\/wp-json\/wp\/v2\/product\/5406","targetHints":{"allow":["GET"]}}],"collection":[{"href":"https:\/\/proservice.com.ar\/index.php\/wp-json\/wp\/v2\/product"}],"about":[{"href":"https:\/\/proservice.com.ar\/index.php\/wp-json\/wp\/v2\/types\/product"}],"wp:featuredmedia":[{"embeddable":true,"href":"https:\/\/proservice.com.ar\/index.php\/wp-json\/wp\/v2\/media\/5410"}],"wp:attachment":[{"href":"https:\/\/proservice.com.ar\/index.php\/wp-json\/wp\/v2\/media?parent=5406"}],"wp:term":[{"taxonomy":"pwb-brand","embeddable":true,"href":"https:\/\/proservice.com.ar\/index.php\/wp-json\/wp\/v2\/pwb-brand?post=5406"},{"taxonomy":"product_brand","embeddable":true,"href":"https:\/\/proservice.com.ar\/index.php\/wp-json\/wp\/v2\/product_brand?post=5406"},{"taxonomy":"product_cat","embeddable":true,"href":"https:\/\/proservice.com.ar\/index.php\/wp-json\/wp\/v2\/product_cat?post=5406"},{"taxonomy":"product_tag","embeddable":true,"href":"https:\/\/proservice.com.ar\/index.php\/wp-json\/wp\/v2\/product_tag?post=5406"}],"curies":[{"name":"wp","href":"https:\/\/api.w.org\/{rel}","templated":true}]}}