{"id":5417,"date":"2024-01-23T11:05:19","date_gmt":"2024-01-23T14:05:19","guid":{"rendered":"https:\/\/proservice.com.ar\/?post_type=product&#038;p=5417"},"modified":"2025-11-28T14:09:54","modified_gmt":"2025-11-28T17:09:54","slug":"atomos-connect-hdmi-video-capture-device-4k","status":"publish","type":"product","link":"https:\/\/proservice.com.ar\/index.php\/product\/atomos-connect-hdmi-video-capture-device-4k\/","title":{"rendered":"Atomos Connect Hdmi Video Capture Device 4k"},"content":{"rendered":"<div data-selenium=\"sellingPointsTitle\">Atomos Connect 4K\u00a0proporciona conversi\u00f3n de HDMI a USB para aplicaciones de transmisi\u00f3n en vivo.\u00a0Le permite ejecutar una se\u00f1al HDMI al puerto USB de su computadora Mac o Windows para usarla en aplicaciones de transmisi\u00f3n como OBS, Twitch y YouTube Live.\u00a0Connect 4K acepta hasta una se\u00f1al HDMI UHD 4K30 y emite una se\u00f1al de hasta 1080p60 a trav\u00e9s de USB.\u00a0Puede conectar una c\u00e1mara HDMI para usarla como c\u00e1mara web, sistemas de juegos para transmisi\u00f3n en vivo de juegos, monitorear se\u00f1ales y se\u00f1ales de varios otros dispositivos.\u00a0Cuando se utiliza con el monitor Atomos Shogun 7, que es capaz de grabar y conmutar cuatro se\u00f1ales de 1080p60, Connect 4K le permite enviar la se\u00f1al conmutada a su computadora para su transmisi\u00f3n.<\/div>\n<div class=\"title_OMS5rN7R1Z\">\n<div class=\"text_TAw0W35QK_ comfy_TAw0W35QK_ sizeTitle4_TAw0W35QK_ weightBold_TAw0W35QK_ primary_i3MsQsqoe0\" data-selenium=\"sellingPointsTitle\"><strong>Caracter\u00edsticas principales:\u00a0<\/strong><\/div>\n<\/div>\n<ul class=\"list_OMS5rN7R1Z\">\n<li class=\"listItem_OMS5rN7R1Z\" data-selenium=\"sellingPointsListItem\">Conversi\u00f3n 4K HDMI a USB para streaming<\/li>\n<li class=\"listItem_OMS5rN7R1Z\" data-selenium=\"sellingPointsListItem\">Entrada HDMI hasta UHD 4K30 (8\/10\/12 bits)<\/li>\n<li class=\"listItem_OMS5rN7R1Z\" data-selenium=\"sellingPointsListItem\">Salida de hasta 1080p60 a trav\u00e9s de USB<\/li>\n<li class=\"listItem_OMS5rN7R1Z\" data-selenium=\"sellingPointsListItem\">Acepta alimentaci\u00f3n conmutada de Shogun 7<\/li>\n<li class=\"listItem_OMS5rN7R1Z\" data-selenium=\"sellingPointsListItem\">Convierte la se\u00f1al HDMI al est\u00e1ndar USB UVC<\/li>\n<\/ul>\n","protected":false},"excerpt":{"rendered":"<p>Atomos Connect 4K\u00a0proporciona conversi\u00f3n de HDMI a USB para aplicaciones de transmisi\u00f3n en vivo.\u00a0Le permite ejecutar una se\u00f1al HDMI al puerto USB de su computadora Mac o Windows para usarla en aplicaciones de transmisi\u00f3n como OBS, Twitch y YouTube Live.\u00a0Connect 4K acepta hasta una se\u00f1al HDMI UHD 4K30 y emite una se\u00f1al de hasta 1080p60 [&hellip;]<\/p>\n","protected":false},"featured_media":5420,"template":"","meta":{"om_disable_all_campaigns":false},"pwb-brand":[],"product_brand":[],"product_cat":[75],"product_tag":[576],"class_list":{"0":"post-5417","1":"product","2":"type-product","3":"status-publish","4":"has-post-thumbnail","6":"product_cat-atomos","7":"product_tag-atomnjpb01","9":"first","10":"outofstock","11":"shipping-taxable","12":"purchasable","13":"product-type-simple"},"aioseo_notices":[],"jetpack_sharing_enabled":true,"brands":[],"_links":{"self":[{"href":"https:\/\/proservice.com.ar\/index.php\/wp-json\/wp\/v2\/product\/5417","targetHints":{"allow":["GET"]}}],"collection":[{"href":"https:\/\/proservice.com.ar\/index.php\/wp-json\/wp\/v2\/product"}],"about":[{"href":"https:\/\/proservice.com.ar\/index.php\/wp-json\/wp\/v2\/types\/product"}],"wp:featuredmedia":[{"embeddable":true,"href":"https:\/\/proservice.com.ar\/index.php\/wp-json\/wp\/v2\/media\/5420"}],"wp:attachment":[{"href":"https:\/\/proservice.com.ar\/index.php\/wp-json\/wp\/v2\/media?parent=5417"}],"wp:term":[{"taxonomy":"pwb-brand","embeddable":true,"href":"https:\/\/proservice.com.ar\/index.php\/wp-json\/wp\/v2\/pwb-brand?post=5417"},{"taxonomy":"product_brand","embeddable":true,"href":"https:\/\/proservice.com.ar\/index.php\/wp-json\/wp\/v2\/product_brand?post=5417"},{"taxonomy":"product_cat","embeddable":true,"href":"https:\/\/proservice.com.ar\/index.php\/wp-json\/wp\/v2\/product_cat?post=5417"},{"taxonomy":"product_tag","embeddable":true,"href":"https:\/\/proservice.com.ar\/index.php\/wp-json\/wp\/v2\/product_tag?post=5417"}],"curies":[{"name":"wp","href":"https:\/\/api.w.org\/{rel}","templated":true}]}}