{"id":5421,"date":"2024-01-25T11:15:05","date_gmt":"2024-01-25T14:15:05","guid":{"rendered":"https:\/\/proservice.com.ar\/?post_type=product&#038;p=5421"},"modified":"2025-05-12T14:28:36","modified_gmt":"2025-05-12T17:28:36","slug":"blackmagic-design-studio-camera-4k-pro","status":"publish","type":"product","link":"https:\/\/proservice.com.ar\/index.php\/product\/blackmagic-design-studio-camera-4k-pro\/","title":{"rendered":"Blackmagic Design Studio Camera 4K Pro"},"content":{"rendered":"<p><span>\u00a0<\/span><span>Esta c\u00e1mara de transmisi\u00f3n compacta y liviana actualizada est\u00e1 dise\u00f1ada para producci\u00f3n en vivo y brinda una variedad de opciones para grabar y transmitir su video.\u00a0<\/span><span>Las nuevas caracter\u00edsticas agregadas al modelo Studio incluyen un cuerpo de fibra de carbono m\u00e1s liviano, hasta 25,600 ISO, 13 pasos de rango din\u00e1mico, una luz tally m\u00e1s grande, salida HDMI con control de c\u00e1mara, entrada y salida 12G-SDI, talkback dentro de SDI, dos USB tipo -C para grabaci\u00f3n y control, un conector para auriculares de transmisi\u00f3n est\u00e1ndar de 5 pines, un altavoz, micr\u00f3fonos duales integrados, una pantalla LCD HDR de 7&#8243;, un parasol redise\u00f1ado y Ethernet 10G.<\/span><\/p>\n<p><strong>Caracter\u00edsticas principales:\u00a0<\/strong><\/p>\n<ul class=\"list_OMS5rN7R1Z\">\n<li class=\"listItem_OMS5rN7R1Z\" data-selenium=\"sellingPointsListItem\"><span>Montura de lente Micro Cuatro Tercios<\/span><\/li>\n<li class=\"listItem_OMS5rN7R1Z\" data-selenium=\"sellingPointsListItem\"><span>Capture hasta UHD 4K 3840 x 2160p60<\/span><\/li>\n<li class=\"listItem_OMS5rN7R1Z\" data-selenium=\"sellingPointsListItem\"><span>Pantalla t\u00e1ctil LCD HDR de alto brillo de 7&#8243;<\/span><\/li>\n<li class=\"listItem_OMS5rN7R1Z\" data-selenium=\"sellingPointsListItem\"><span>Grabar en discos USB tipo C externos<\/span><\/li>\n<li class=\"listItem_OMS5rN7R1Z\" data-selenium=\"sellingPointsListItem\"><span>Graba Blackmagic RAW, hasta 25.600 ISO<\/span><\/li>\n<li class=\"listItem_OMS5rN7R1Z\" data-selenium=\"sellingPointsListItem\"><span>E\/S de v\u00eddeo 12G-SDI, HDMI y Ethernet 10G<\/span><\/li>\n<li class=\"listItem_OMS5rN7R1Z\" data-selenium=\"sellingPointsListItem\"><span>Entrada de audio XLR y 3,5 mm, micr\u00f3fonos integrados<\/span><\/li>\n<li class=\"listItem_OMS5rN7R1Z\" data-selenium=\"sellingPointsListItem\"><span>Corrector de color DaVinci Resolve incorporado<\/span><\/li>\n<li class=\"listItem_OMS5rN7R1Z\" data-selenium=\"sellingPointsListItem\"><span>Luz indicadora grande, conector para auriculares de 5 pines<\/span><\/li>\n<li class=\"listItem_OMS5rN7R1Z\" data-selenium=\"sellingPointsListItem\"><span>Cuerpo de policarbonato de fibra de carbono ligero<\/span><\/li>\n<\/ul>\n","protected":false},"excerpt":{"rendered":"<p>\u00a0Esta c\u00e1mara de transmisi\u00f3n compacta y liviana actualizada est\u00e1 dise\u00f1ada para producci\u00f3n en vivo y brinda una variedad de opciones para grabar y transmitir su video.\u00a0Las nuevas caracter\u00edsticas agregadas al modelo Studio incluyen un cuerpo de fibra de carbono m\u00e1s liviano, hasta 25,600 ISO, 13 pasos de rango din\u00e1mico, una luz tally m\u00e1s grande, salida [&hellip;]<\/p>\n","protected":false},"featured_media":5422,"template":"","meta":{"om_disable_all_campaigns":false},"pwb-brand":[],"product_brand":[],"product_cat":[71,15],"product_tag":[463],"class_list":{"0":"post-5421","1":"product","2":"type-product","3":"status-publish","4":"has-post-thumbnail","6":"product_cat-blackmagic-design","7":"product_cat-camera","8":"product_tag-cinstudmft-g24pdf","10":"first","11":"onbackorder","12":"shipping-taxable","13":"product-type-simple"},"aioseo_notices":[],"jetpack_sharing_enabled":true,"brands":[],"_links":{"self":[{"href":"https:\/\/proservice.com.ar\/index.php\/wp-json\/wp\/v2\/product\/5421","targetHints":{"allow":["GET"]}}],"collection":[{"href":"https:\/\/proservice.com.ar\/index.php\/wp-json\/wp\/v2\/product"}],"about":[{"href":"https:\/\/proservice.com.ar\/index.php\/wp-json\/wp\/v2\/types\/product"}],"wp:featuredmedia":[{"embeddable":true,"href":"https:\/\/proservice.com.ar\/index.php\/wp-json\/wp\/v2\/media\/5422"}],"wp:attachment":[{"href":"https:\/\/proservice.com.ar\/index.php\/wp-json\/wp\/v2\/media?parent=5421"}],"wp:term":[{"taxonomy":"pwb-brand","embeddable":true,"href":"https:\/\/proservice.com.ar\/index.php\/wp-json\/wp\/v2\/pwb-brand?post=5421"},{"taxonomy":"product_brand","embeddable":true,"href":"https:\/\/proservice.com.ar\/index.php\/wp-json\/wp\/v2\/product_brand?post=5421"},{"taxonomy":"product_cat","embeddable":true,"href":"https:\/\/proservice.com.ar\/index.php\/wp-json\/wp\/v2\/product_cat?post=5421"},{"taxonomy":"product_tag","embeddable":true,"href":"https:\/\/proservice.com.ar\/index.php\/wp-json\/wp\/v2\/product_tag?post=5421"}],"curies":[{"name":"wp","href":"https:\/\/api.w.org\/{rel}","templated":true}]}}