{"id":5426,"date":"2024-01-18T11:22:11","date_gmt":"2024-01-18T14:22:11","guid":{"rendered":"https:\/\/proservice.com.ar\/?post_type=product&#038;p=5426"},"modified":"2025-05-12T14:28:50","modified_gmt":"2025-05-12T17:28:50","slug":"tilta-tiltaing-lightweight-kit-for-sony-a7s-iii-tactical-gray","status":"publish","type":"product","link":"https:\/\/proservice.com.ar\/index.php\/product\/tilta-tiltaing-lightweight-kit-for-sony-a7s-iii-tactical-gray\/","title":{"rendered":"Tilta Tiltaing Lightweight Kit for Sony a7S III (Tactical Gray)"},"content":{"rendered":"<div class=\"title_OMS5rN7R1Z\">\n<div data-selenium=\"sellingPointsTitle\">\n<p>Agregue protecci\u00f3n, operaci\u00f3n port\u00e1til y accesorios adicionales a su c\u00e1mara sin espejo Sony a7S III con este\u00a0<b>kit liviano inclinable<\/b>\u00a0t\u00e1ctico gris de\u00a0<b>Tilta<\/b>\u00a0.\u00a0El kit incluye una media jaula para c\u00e1mara adaptable, un accesorio para riel NATO, un accesorio para montura de zapata y un mango de madera del lado izquierdo con accesorio para jaula de liberaci\u00f3n r\u00e1pida.<\/p>\n<p>La media jaula proporciona m\u00faltiples roscas para accesorios de 1\/4&#8243;-20 alrededor de tres lados, un soporte de zapata integrado y m\u00faltiples roscas de montaje para tr\u00edpode de 1\/4&#8243;-20, y deja la empu\u00f1adura de la c\u00e1mara del lado derecho y todos los puertos y controles abiertos. acceso.\u00a0El adaptador de manija del lado izquierdo se monta en la jaula con tornillos de 1\/4&#8243;-20 y luego se usa el riel NATO en su abrazadera NATO. Luego, la manija del lado izquierdo se puede montar en ese riel NATO y montarse y soltarse r\u00e1pidamente. El adaptador de montaje en zapata se monta en la parte superior del mango como punto de montaje de accesorios adicional.<\/p>\n<\/div>\n<div class=\"text_TAw0W35QK_ comfy_TAw0W35QK_ sizeTitle4_TAw0W35QK_ weightBold_TAw0W35QK_ primary_i3MsQsqoe0\" data-selenium=\"sellingPointsTitle\">Caracter\u00edsticas principales:<\/div>\n<\/div>\n<ul class=\"list_OMS5rN7R1Z\">\n<li class=\"listItem_OMS5rN7R1Z\" data-selenium=\"sellingPointsListItem\">Media jaula para c\u00e1mara Sony a7S III<\/li>\n<li class=\"listItem_OMS5rN7R1Z\" data-selenium=\"sellingPointsListItem\">Accesorio para riel NATO, soportes para zapatos<\/li>\n<li class=\"listItem_OMS5rN7R1Z\" data-selenium=\"sellingPointsListItem\">Empu\u00f1adura de madera del lado izquierdo y adaptador NATO<\/li>\n<li class=\"listItem_OMS5rN7R1Z\" data-selenium=\"sellingPointsListItem\">Roscas para accesorios y tr\u00edpodes de 1\/4&#8243;-20<\/li>\n<li class=\"listItem_OMS5rN7R1Z\" data-selenium=\"sellingPointsListItem\">La jaula deja abierta la empu\u00f1adura derecha de la c\u00e1mara<\/li>\n<li class=\"listItem_OMS5rN7R1Z\" data-selenium=\"sellingPointsListItem\">Construcci\u00f3n de aluminio duradera<\/li>\n<\/ul>\n","protected":false},"excerpt":{"rendered":"<p>TA-T18-A<\/p>\n<p>&nbsp;<\/p>\n","protected":false},"featured_media":5427,"template":"","meta":{"om_disable_all_campaigns":false},"pwb-brand":[],"product_brand":[],"product_cat":[59,84],"product_tag":[464],"class_list":{"0":"post-5426","1":"product","2":"type-product","3":"status-publish","4":"has-post-thumbnail","6":"product_cat-camera-cage-and-kit","7":"product_cat-tilta","8":"product_tag-ta-t18-a","10":"first","11":"onbackorder","12":"shipping-taxable","13":"product-type-simple"},"aioseo_notices":[],"jetpack_sharing_enabled":true,"brands":[],"_links":{"self":[{"href":"https:\/\/proservice.com.ar\/index.php\/wp-json\/wp\/v2\/product\/5426","targetHints":{"allow":["GET"]}}],"collection":[{"href":"https:\/\/proservice.com.ar\/index.php\/wp-json\/wp\/v2\/product"}],"about":[{"href":"https:\/\/proservice.com.ar\/index.php\/wp-json\/wp\/v2\/types\/product"}],"wp:featuredmedia":[{"embeddable":true,"href":"https:\/\/proservice.com.ar\/index.php\/wp-json\/wp\/v2\/media\/5427"}],"wp:attachment":[{"href":"https:\/\/proservice.com.ar\/index.php\/wp-json\/wp\/v2\/media?parent=5426"}],"wp:term":[{"taxonomy":"pwb-brand","embeddable":true,"href":"https:\/\/proservice.com.ar\/index.php\/wp-json\/wp\/v2\/pwb-brand?post=5426"},{"taxonomy":"product_brand","embeddable":true,"href":"https:\/\/proservice.com.ar\/index.php\/wp-json\/wp\/v2\/product_brand?post=5426"},{"taxonomy":"product_cat","embeddable":true,"href":"https:\/\/proservice.com.ar\/index.php\/wp-json\/wp\/v2\/product_cat?post=5426"},{"taxonomy":"product_tag","embeddable":true,"href":"https:\/\/proservice.com.ar\/index.php\/wp-json\/wp\/v2\/product_tag?post=5426"}],"curies":[{"name":"wp","href":"https:\/\/api.w.org\/{rel}","templated":true}]}}