{"id":5430,"date":"2024-01-18T11:27:23","date_gmt":"2024-01-18T14:27:23","guid":{"rendered":"https:\/\/proservice.com.ar\/?post_type=product&#038;p=5430"},"modified":"2026-02-10T14:21:42","modified_gmt":"2026-02-10T17:21:42","slug":"blackmagic-design-teranex-mini-smart-panel","status":"publish","type":"product","link":"https:\/\/proservice.com.ar\/index.php\/product\/blackmagic-design-teranex-mini-smart-panel\/","title":{"rendered":"Blackmagic Design Teranex Mini Smart Panel"},"content":{"rendered":"<div data-selenium=\"sellingPointsTitle\">El\u00a0Teranex Mini Smart Panel\u00a0, de\u00a0Blackmagic Design\u00a0, est\u00e1 dise\u00f1ado para reemplazar simplemente el panel frontal existente en cualquier Teranex Mini Converter, as\u00ed como en el Blackmagic Web Presenter.\u00a0Proporciona una pantalla LCD en color de 2,2&#8243;, un dial giratorio y seis botones de control, incluido un control de men\u00fa<\/div>\n<div data-selenium=\"sellingPointsTitle\"><\/div>\n<div class=\"title_OMS5rN7R1Z\">\n<div class=\"text_TAw0W35QK_ comfy_TAw0W35QK_ sizeTitle4_TAw0W35QK_ weightBold_TAw0W35QK_ primary_i3MsQsqoe0\" data-selenium=\"sellingPointsTitle\"><strong>Caracter\u00edsticas principales:\u00a0<\/strong><\/div>\n<\/div>\n<ul class=\"list_OMS5rN7R1Z\">\n<li class=\"listItem_OMS5rN7R1Z\" data-selenium=\"sellingPointsListItem\"><span>Se conecta a Teranex Mini y Web Presenter<\/span><\/li>\n<li class=\"listItem_OMS5rN7R1Z\" data-selenium=\"sellingPointsListItem\"><span>Reemplaza el panel frontal est\u00e1ndar<\/span><\/li>\n<li class=\"listItem_OMS5rN7R1Z\" data-selenium=\"sellingPointsListItem\"><span>LCD en color de 2,2&#8243;, dial giratorio y botones<\/span><\/li>\n<li class=\"listItem_OMS5rN7R1Z\" data-selenium=\"sellingPointsListItem\"><span>Ajustar la configuraci\u00f3n, explorar men\u00fas<\/span><\/li>\n<li class=\"listItem_OMS5rN7R1Z\" data-selenium=\"sellingPointsListItem\"><span>Monitorear conversiones y niveles de audio<\/span><\/li>\n<li class=\"listItem_OMS5rN7R1Z\" data-selenium=\"sellingPointsListItem\"><span>Verificar c\u00f3digo de tiempo y est\u00e1ndar de v\u00eddeo<\/span><\/li>\n<\/ul>\n","protected":false},"excerpt":{"rendered":"<p>CONVNTRM\/YA\/SMTPN Teranex Mini Smart Panel<\/p>\n","protected":false},"featured_media":5432,"template":"","meta":{"om_disable_all_campaigns":false},"pwb-brand":[],"product_brand":[],"product_cat":[71],"product_tag":[465],"class_list":{"0":"post-5430","1":"product","2":"type-product","3":"status-publish","4":"has-post-thumbnail","6":"product_cat-blackmagic-design","7":"product_tag-convntrm-ya-smtpn","9":"first","10":"instock","11":"shipping-taxable","12":"purchasable","13":"product-type-simple"},"aioseo_notices":[],"jetpack_sharing_enabled":true,"brands":[],"_links":{"self":[{"href":"https:\/\/proservice.com.ar\/index.php\/wp-json\/wp\/v2\/product\/5430","targetHints":{"allow":["GET"]}}],"collection":[{"href":"https:\/\/proservice.com.ar\/index.php\/wp-json\/wp\/v2\/product"}],"about":[{"href":"https:\/\/proservice.com.ar\/index.php\/wp-json\/wp\/v2\/types\/product"}],"wp:featuredmedia":[{"embeddable":true,"href":"https:\/\/proservice.com.ar\/index.php\/wp-json\/wp\/v2\/media\/5432"}],"wp:attachment":[{"href":"https:\/\/proservice.com.ar\/index.php\/wp-json\/wp\/v2\/media?parent=5430"}],"wp:term":[{"taxonomy":"pwb-brand","embeddable":true,"href":"https:\/\/proservice.com.ar\/index.php\/wp-json\/wp\/v2\/pwb-brand?post=5430"},{"taxonomy":"product_brand","embeddable":true,"href":"https:\/\/proservice.com.ar\/index.php\/wp-json\/wp\/v2\/product_brand?post=5430"},{"taxonomy":"product_cat","embeddable":true,"href":"https:\/\/proservice.com.ar\/index.php\/wp-json\/wp\/v2\/product_cat?post=5430"},{"taxonomy":"product_tag","embeddable":true,"href":"https:\/\/proservice.com.ar\/index.php\/wp-json\/wp\/v2\/product_tag?post=5430"}],"curies":[{"name":"wp","href":"https:\/\/api.w.org\/{rel}","templated":true}]}}