{"id":5438,"date":"2024-01-18T11:50:28","date_gmt":"2024-01-18T14:50:28","guid":{"rendered":"https:\/\/proservice.com.ar\/?post_type=product&#038;p=5438"},"modified":"2026-01-21T15:23:19","modified_gmt":"2026-01-21T18:23:19","slug":"kit-extensor-hdbaset-de-marshall-electronics","status":"publish","type":"product","link":"https:\/\/proservice.com.ar\/index.php\/product\/kit-extensor-hdbaset-de-marshall-electronics\/","title":{"rendered":"Kit extensor HDBaseT de Marshall Electronics"},"content":{"rendered":"<p>Convierte cualquier c\u00e1mara HDMI en una ubicaci\u00f3n de un solo cable a c\u00e1mara.<br \/>\nAdmite HDMI 1.4 Deep Color, Full-3D y video 4K \/ 2K (HDBaseT) &#8211; Tx \/ Rx.<br \/>\nEl kit incluye 1 x transmisor, 1 x receptor, extensores de infrarrojos y fuente de alimentaci\u00f3n.<br \/>\nEl transmisor contiene una entrada HDMI 1.4, suministra 12V de potencia a la c\u00e1mara y recibe se\u00f1ales RS485 \/ 232 (capacidad de conversi\u00f3n cruzada)<br \/>\nEl receptor contiene salida HDMI 1.4, control RS485 \/ 232 y cable para alimentar ambos Tx \/ Rx (24V PoC).<br \/>\nTransmite video sin comprimir hasta 4K30 (100m) a 4: 4: 4 de 8 bits, 4K60 (100m) a 4: 2: 0 de 8 bits y Full-HD (1080p \/ 1080i \/ 720p) a formatos de 12\/16 bits y convertir a salida HDMI 1.4.<br \/>\nRS485 \/ RS232 (capacidad de conversi\u00f3n cruzada) y extensor remoto IR bidireccional.<br \/>\nSonido envolvente (hasta 7.1 canales) o audio digital est\u00e9reo.<br \/>\nDise\u00f1o de montaje en pared f\u00e1cil para ocultar o montar.<br \/>\nPasa HDCP y EDID.<\/p>\n","protected":false},"excerpt":{"rendered":"<p>VAC-HT12-KIT<\/p>\n","protected":false},"featured_media":5439,"template":"","meta":{"om_disable_all_campaigns":false},"pwb-brand":[],"product_brand":[],"product_cat":[81],"product_tag":[658],"class_list":{"0":"post-5438","1":"product","2":"type-product","3":"status-publish","4":"has-post-thumbnail","6":"product_cat-marshall","7":"product_tag-kit-vac-ht12","9":"first","10":"outofstock","11":"shipping-taxable","12":"purchasable","13":"product-type-simple"},"aioseo_notices":[],"jetpack_sharing_enabled":true,"brands":[],"_links":{"self":[{"href":"https:\/\/proservice.com.ar\/index.php\/wp-json\/wp\/v2\/product\/5438","targetHints":{"allow":["GET"]}}],"collection":[{"href":"https:\/\/proservice.com.ar\/index.php\/wp-json\/wp\/v2\/product"}],"about":[{"href":"https:\/\/proservice.com.ar\/index.php\/wp-json\/wp\/v2\/types\/product"}],"wp:featuredmedia":[{"embeddable":true,"href":"https:\/\/proservice.com.ar\/index.php\/wp-json\/wp\/v2\/media\/5439"}],"wp:attachment":[{"href":"https:\/\/proservice.com.ar\/index.php\/wp-json\/wp\/v2\/media?parent=5438"}],"wp:term":[{"taxonomy":"pwb-brand","embeddable":true,"href":"https:\/\/proservice.com.ar\/index.php\/wp-json\/wp\/v2\/pwb-brand?post=5438"},{"taxonomy":"product_brand","embeddable":true,"href":"https:\/\/proservice.com.ar\/index.php\/wp-json\/wp\/v2\/product_brand?post=5438"},{"taxonomy":"product_cat","embeddable":true,"href":"https:\/\/proservice.com.ar\/index.php\/wp-json\/wp\/v2\/product_cat?post=5438"},{"taxonomy":"product_tag","embeddable":true,"href":"https:\/\/proservice.com.ar\/index.php\/wp-json\/wp\/v2\/product_tag?post=5438"}],"curies":[{"name":"wp","href":"https:\/\/api.w.org\/{rel}","templated":true}]}}