{"id":5443,"date":"2024-01-18T15:25:41","date_gmt":"2024-01-18T18:25:41","guid":{"rendered":"https:\/\/proservice.com.ar\/?post_type=product&#038;p=5443"},"modified":"2026-04-10T13:32:32","modified_gmt":"2026-04-10T16:32:32","slug":"marshall-electronics-m-sm03-camera-1-4-hot-shoe-mount-for-7-0-monitors","status":"publish","type":"product","link":"https:\/\/proservice.com.ar\/index.php\/product\/marshall-electronics-m-sm03-camera-1-4-hot-shoe-mount-for-7-0-monitors\/","title":{"rendered":"Marshall Electronics M-SM03 Camera 1\/4&#8243; Hot Shoe Mount for 7.0&#8243; Monitors"},"content":{"rendered":"<p>El soporte de zapata de 1\/4&#8243; para c\u00e1mara M-SM03 para monitores de 7&#8243; de Marshall Electronics es un soporte de 1\/4&#8243; que se puede montar directamente en un soporte de zapata DSLR y permite conectar monitores de pantalla de 7,0&#8243;. Este cabezal esf\u00e9rico tiene una \u00fanica perilla de bloqueo para un funcionamiento r\u00e1pido y seguro, y se puede quitar f\u00e1cilmente.<\/p>\n<p>Los accesorios se fijan mediante la rosca de tornillo de 1\/4&#8243;-20 en la parte superior y la parte inferior cuenta con un soporte de zapata extra\u00edble. El cabezal en s\u00ed permite una articulaci\u00f3n vertical de 90\u00b0.<\/p>\n<div class=\"title_OMS5rN7R1Z\">\n<div class=\"text_TAw0W35QK_ comfy_TAw0W35QK_ sizeTitle4_TAw0W35QK_ weightBold_TAw0W35QK_ primary_i3MsQsqoe0\" data-selenium=\"sellingPointsTitle\"><strong>Caracter\u00edsticas principales:\u00a0<\/strong><\/div>\n<\/div>\n<ul class=\"list_OMS5rN7R1Z\">\n<li class=\"listItem_OMS5rN7R1Z\" data-selenium=\"sellingPointsListItem\">Monta monitor de 7,0&#8243; en DSLR<\/li>\n<li class=\"listItem_OMS5rN7R1Z\" data-selenium=\"sellingPointsListItem\">Articulaci\u00f3n vertical de 90\u00b0<\/li>\n<li class=\"listItem_OMS5rN7R1Z\" data-selenium=\"sellingPointsListItem\">Perilla de ajuste \u00fanica<\/li>\n<li class=\"listItem_OMS5rN7R1Z\" data-selenium=\"sellingPointsListItem\">Tornillo de 1\/4&#8243;-20 en la parte superior<\/li>\n<li class=\"listItem_OMS5rN7R1Z\" data-selenium=\"sellingPointsListItem\">Soporte de zapato inferior extra\u00edble.<\/li>\n<\/ul>\n","protected":false},"excerpt":{"rendered":"<p>M-SM03\u00a0 Marshall Electronics M-SM03<\/p>\n","protected":false},"featured_media":5445,"template":"","meta":{"om_disable_all_campaigns":false},"pwb-brand":[],"product_brand":[],"product_cat":[33,81],"product_tag":[468],"class_list":{"0":"post-5443","1":"product","2":"type-product","3":"status-publish","4":"has-post-thumbnail","6":"product_cat-accesorios","7":"product_cat-marshall","8":"product_tag-m-sm03","10":"first","11":"outofstock","12":"sale","13":"shipping-taxable","14":"purchasable","15":"product-type-simple"},"aioseo_notices":[],"jetpack_sharing_enabled":true,"brands":[],"_links":{"self":[{"href":"https:\/\/proservice.com.ar\/index.php\/wp-json\/wp\/v2\/product\/5443","targetHints":{"allow":["GET"]}}],"collection":[{"href":"https:\/\/proservice.com.ar\/index.php\/wp-json\/wp\/v2\/product"}],"about":[{"href":"https:\/\/proservice.com.ar\/index.php\/wp-json\/wp\/v2\/types\/product"}],"wp:featuredmedia":[{"embeddable":true,"href":"https:\/\/proservice.com.ar\/index.php\/wp-json\/wp\/v2\/media\/5445"}],"wp:attachment":[{"href":"https:\/\/proservice.com.ar\/index.php\/wp-json\/wp\/v2\/media?parent=5443"}],"wp:term":[{"taxonomy":"pwb-brand","embeddable":true,"href":"https:\/\/proservice.com.ar\/index.php\/wp-json\/wp\/v2\/pwb-brand?post=5443"},{"taxonomy":"product_brand","embeddable":true,"href":"https:\/\/proservice.com.ar\/index.php\/wp-json\/wp\/v2\/product_brand?post=5443"},{"taxonomy":"product_cat","embeddable":true,"href":"https:\/\/proservice.com.ar\/index.php\/wp-json\/wp\/v2\/product_cat?post=5443"},{"taxonomy":"product_tag","embeddable":true,"href":"https:\/\/proservice.com.ar\/index.php\/wp-json\/wp\/v2\/product_tag?post=5443"}],"curies":[{"name":"wp","href":"https:\/\/api.w.org\/{rel}","templated":true}]}}