{"id":5455,"date":"2024-01-18T16:09:28","date_gmt":"2024-01-18T19:09:28","guid":{"rendered":"https:\/\/proservice.com.ar\/?post_type=product&#038;p=5455"},"modified":"2025-05-30T15:32:24","modified_gmt":"2025-05-30T18:32:24","slug":"blackmagic-design-sdi-to-hdmi-6g-mini-converter","status":"publish","type":"product","link":"https:\/\/proservice.com.ar\/index.php\/product\/blackmagic-design-sdi-to-hdmi-6g-mini-converter\/","title":{"rendered":"Blackmagic Design SDI to HDMI 6G Mini Converter"},"content":{"rendered":"<div class=\"title_OMS5rN7R1Z\">\n<div data-selenium=\"sellingPointsTitle\">Convierte SDI en resoluciones de hasta DCI 4K (4096 x 2160) a 24p y UHD 4K (3840 x 2160) hasta 30p a HDMI. Esto resulta \u00fatil para conectar dispositivos de consumo que requieren se\u00f1ales HDMI con equipos de v\u00eddeo SDI profesionales.\u00a0Con un factor de forma compacto y controles f\u00e1ciles de usar, el Mini Converter es ideal para una variedad de aplicaciones AV profesionales, de posproducci\u00f3n y de transmisi\u00f3n.\u00a0Utilizando tecnolog\u00edas 4K HDMI y 6G-SDI, el Mini Converter detecta autom\u00e1ticamente el formato de v\u00eddeo de entrada y cambia instant\u00e1neamente entre formatos SD, HD y UHD\/DCI 4K.\u00a0Con dos entradas SDI y una salida SDI y HDMI, la unidad cambiar\u00e1 autom\u00e1ticamente de la entrada SDI principal a la entrada alternativa si la entrada principal falla.\u00a0El audio no est\u00e1 integrado en la entrada SDI y est\u00e1 disponible en la salida HDMI, as\u00ed como en la salida de audio anal\u00f3gica o AES\/EBU.<\/div>\n<div data-selenium=\"sellingPointsTitle\"><\/div>\n<div class=\"text_TAw0W35QK_ comfy_TAw0W35QK_ sizeTitle4_TAw0W35QK_ weightBold_TAw0W35QK_ primary_i3MsQsqoe0\" data-selenium=\"sellingPointsTitle\"><strong>Caracter\u00edsticas principales:\u00a0<\/strong><\/div>\n<\/div>\n<ul class=\"list_OMS5rN7R1Z\">\n<li class=\"listItem_OMS5rN7R1Z\" data-selenium=\"sellingPointsListItem\">2 entradas SDI 4K<\/li>\n<li class=\"listItem_OMS5rN7R1Z\" data-selenium=\"sellingPointsListItem\">1 x HDMI tipo A y 1 x salida SDI<\/li>\n<li class=\"listItem_OMS5rN7R1Z\" data-selenium=\"sellingPointsListItem\">Admite se\u00f1ales SD, HD, UHD 4K y DCI 4K<\/li>\n<li class=\"listItem_OMS5rN7R1Z\" data-selenium=\"sellingPointsListItem\">Detecci\u00f3n autom\u00e1tica de se\u00f1al de entrada<\/li>\n<li class=\"listItem_OMS5rN7R1Z\" data-selenium=\"sellingPointsListItem\">Audio de 24 bits y 48 kHz<\/li>\n<li class=\"listItem_OMS5rN7R1Z\" data-selenium=\"sellingPointsListItem\">Salidas de audio anal\u00f3gicas y digitales AES-EBU<\/li>\n<li class=\"listItem_OMS5rN7R1Z\" data-selenium=\"sellingPointsListItem\">Elimina audio de SDI<\/li>\n<li class=\"listItem_OMS5rN7R1Z\" data-selenium=\"sellingPointsListItem\">Configuraci\u00f3n a trav\u00e9s de miniinterruptores o software<\/li>\n<li class=\"listItem_OMS5rN7R1Z\" data-selenium=\"sellingPointsListItem\">Puerto USB 2.0 para actualizaciones de firmware<\/li>\n<li class=\"listItem_OMS5rN7R1Z\" data-selenium=\"sellingPointsListItem\"><\/li>\n<\/ul>\n","protected":false},"excerpt":{"rendered":"<p>CONVMBSH4K6G<\/p>\n","protected":false},"featured_media":5458,"template":"","meta":{"om_disable_all_campaigns":false},"pwb-brand":[],"product_brand":[],"product_cat":[71,57],"product_tag":[473],"class_list":{"0":"post-5455","1":"product","2":"type-product","3":"status-publish","4":"has-post-thumbnail","6":"product_cat-blackmagic-design","7":"product_cat-converter","8":"product_tag-convmbsh4k6g","10":"first","11":"outofstock","12":"shipping-taxable","13":"purchasable","14":"product-type-simple"},"aioseo_notices":[],"jetpack_sharing_enabled":true,"brands":[],"_links":{"self":[{"href":"https:\/\/proservice.com.ar\/index.php\/wp-json\/wp\/v2\/product\/5455","targetHints":{"allow":["GET"]}}],"collection":[{"href":"https:\/\/proservice.com.ar\/index.php\/wp-json\/wp\/v2\/product"}],"about":[{"href":"https:\/\/proservice.com.ar\/index.php\/wp-json\/wp\/v2\/types\/product"}],"wp:featuredmedia":[{"embeddable":true,"href":"https:\/\/proservice.com.ar\/index.php\/wp-json\/wp\/v2\/media\/5458"}],"wp:attachment":[{"href":"https:\/\/proservice.com.ar\/index.php\/wp-json\/wp\/v2\/media?parent=5455"}],"wp:term":[{"taxonomy":"pwb-brand","embeddable":true,"href":"https:\/\/proservice.com.ar\/index.php\/wp-json\/wp\/v2\/pwb-brand?post=5455"},{"taxonomy":"product_brand","embeddable":true,"href":"https:\/\/proservice.com.ar\/index.php\/wp-json\/wp\/v2\/product_brand?post=5455"},{"taxonomy":"product_cat","embeddable":true,"href":"https:\/\/proservice.com.ar\/index.php\/wp-json\/wp\/v2\/product_cat?post=5455"},{"taxonomy":"product_tag","embeddable":true,"href":"https:\/\/proservice.com.ar\/index.php\/wp-json\/wp\/v2\/product_tag?post=5455"}],"curies":[{"name":"wp","href":"https:\/\/api.w.org\/{rel}","templated":true}]}}