{"id":5463,"date":"2024-01-18T16:34:50","date_gmt":"2024-01-18T19:34:50","guid":{"rendered":"https:\/\/proservice.com.ar\/?post_type=product&#038;p=5463"},"modified":"2025-05-29T12:10:46","modified_gmt":"2025-05-29T15:10:46","slug":"exascend-ssd-interno-nvme-u-2-de-960-gb-pe3-de-25","status":"publish","type":"product","link":"https:\/\/proservice.com.ar\/index.php\/product\/exascend-ssd-interno-nvme-u-2-de-960-gb-pe3-de-25\/","title":{"rendered":"Exascend SSD interno NVMe U.2 de 960 GB PE3 de 2,5&#8243;"},"content":{"rendered":"<div class=\"title_OMS5rN7R1Z\">\n<div data-selenium=\"sellingPointsTitle\">Dise\u00f1ado espec\u00edficamente para aplicaciones empresariales como transmisi\u00f3n de v\u00eddeo, intercambio de datos y fabricaci\u00f3n, este SSD interno U.2 de 2,5&#8243; La unidad de estado s\u00f3lido presenta velocidades sostenidas de lectura y escritura de hasta 3100 MB\/s y 1100 MB\/s con una interfaz PCIe 3.0 x4.\u00a0Construida con tecnolog\u00eda de memoria flash 3D TLC NVMe de baja latencia con un controlador Marvell 88SS1092, la serie PE3 est\u00e1 dise\u00f1ada para ofrecer un rendimiento r\u00e1pido y alta confiabilidad, capaz de soportar temperaturas de hasta 158 \u00b0F.\u00a0Adem\u00e1s, esta unidad tiene una clasificaci\u00f3n de TBW de 1000 TB y MTBF de 2 millones de horas.\u00a0Sus datos est\u00e1n protegidos mediante cifrado de hardware AES de 256 bits integrado.<\/div>\n<div data-selenium=\"sellingPointsTitle\"><\/div>\n<div class=\"text_TAw0W35QK_ comfy_TAw0W35QK_ sizeTitle4_TAw0W35QK_ weightBold_TAw0W35QK_ primary_i3MsQsqoe0\" data-selenium=\"sellingPointsTitle\"><strong>Caracter\u00edsticas principales:\u00a0<\/strong><\/div>\n<\/div>\n<ul class=\"list_OMS5rN7R1Z\">\n<li class=\"listItem_OMS5rN7R1Z\" data-selenium=\"sellingPointsListItem\">Capacidad de almacenamiento de 960 GB<\/li>\n<li class=\"listItem_OMS5rN7R1Z\" data-selenium=\"sellingPointsListItem\">Factor de forma de 2,5&#8243;<\/li>\n<li class=\"listItem_OMS5rN7R1Z\" data-selenium=\"sellingPointsListItem\">Interfaz U.2 NVMe PCIe 3.0 x4<\/li>\n<li class=\"listItem_OMS5rN7R1Z\" data-selenium=\"sellingPointsListItem\">Velocidades de lectura de hasta 3100 MB\/s<\/li>\n<li class=\"listItem_OMS5rN7R1Z\" data-selenium=\"sellingPointsListItem\">Velocidades de escritura de hasta 1100 MB\/s<\/li>\n<li class=\"listItem_OMS5rN7R1Z\" data-selenium=\"sellingPointsListItem\">Controlador Marvell 88SS1092<\/li>\n<li class=\"listItem_OMS5rN7R1Z\" data-selenium=\"sellingPointsListItem\">Tecnolog\u00eda de memoria de celda de tres niveles (TLC)<\/li>\n<li class=\"listItem_OMS5rN7R1Z\" data-selenium=\"sellingPointsListItem\">Cifrado AES de 256 bits<\/li>\n<li class=\"listItem_OMS5rN7R1Z\" data-selenium=\"sellingPointsListItem\">Tecnolog\u00eda SuperCrucero<\/li>\n<\/ul>\n","protected":false},"excerpt":{"rendered":"<p>EXPE3U960GB<\/p>\n","protected":false},"featured_media":5464,"template":"","meta":{"om_disable_all_campaigns":false},"pwb-brand":[],"product_brand":[],"product_cat":[420,238],"product_tag":[475],"class_list":{"0":"post-5463","1":"product","2":"type-product","3":"status-publish","4":"has-post-thumbnail","6":"product_cat-ofertas","7":"product_cat-recorders","8":"product_tag-expe3u960gb","10":"first","11":"instock","12":"sale","13":"shipping-taxable","14":"purchasable","15":"product-type-simple"},"aioseo_notices":[],"jetpack_sharing_enabled":true,"brands":[],"_links":{"self":[{"href":"https:\/\/proservice.com.ar\/index.php\/wp-json\/wp\/v2\/product\/5463","targetHints":{"allow":["GET"]}}],"collection":[{"href":"https:\/\/proservice.com.ar\/index.php\/wp-json\/wp\/v2\/product"}],"about":[{"href":"https:\/\/proservice.com.ar\/index.php\/wp-json\/wp\/v2\/types\/product"}],"wp:featuredmedia":[{"embeddable":true,"href":"https:\/\/proservice.com.ar\/index.php\/wp-json\/wp\/v2\/media\/5464"}],"wp:attachment":[{"href":"https:\/\/proservice.com.ar\/index.php\/wp-json\/wp\/v2\/media?parent=5463"}],"wp:term":[{"taxonomy":"pwb-brand","embeddable":true,"href":"https:\/\/proservice.com.ar\/index.php\/wp-json\/wp\/v2\/pwb-brand?post=5463"},{"taxonomy":"product_brand","embeddable":true,"href":"https:\/\/proservice.com.ar\/index.php\/wp-json\/wp\/v2\/product_brand?post=5463"},{"taxonomy":"product_cat","embeddable":true,"href":"https:\/\/proservice.com.ar\/index.php\/wp-json\/wp\/v2\/product_cat?post=5463"},{"taxonomy":"product_tag","embeddable":true,"href":"https:\/\/proservice.com.ar\/index.php\/wp-json\/wp\/v2\/product_tag?post=5463"}],"curies":[{"name":"wp","href":"https:\/\/api.w.org\/{rel}","templated":true}]}}