{"id":5471,"date":"2023-01-18T16:54:09","date_gmt":"2023-01-18T19:54:09","guid":{"rendered":"https:\/\/proservice.com.ar\/?post_type=product&#038;p=5471"},"modified":"2025-01-23T09:37:12","modified_gmt":"2025-01-23T12:37:12","slug":"filtro-4x4-nd-1-8-absorptive-2","status":"publish","type":"product","link":"https:\/\/proservice.com.ar\/index.php\/product\/filtro-4x4-nd-1-8-absorptive-2\/","title":{"rendered":"Filtro 4&#215;4 Nd 1.8 Absorptive"},"content":{"rendered":"<p>Filtro 4&#215;4 Nd 1.8<br \/>\nSe trata de un filtro neutro que se utiliza en la Cinematograf\u00eda. Tiene una densidad neutra de 1,8 y por lo tanto reduce la transmisi\u00f3n por 98,5%. Un uso com\u00fan de este filtro es para permitir el uso de aberturas grandes, la reducci\u00f3n de la profundidad de campo, para permitir la atenci\u00f3n selectiva y enfoque.<\/p>\n","protected":false},"excerpt":{"rendered":"<p>68-041844<\/p>\n","protected":false},"featured_media":5472,"template":"","meta":{"om_disable_all_campaigns":false},"pwb-brand":[],"product_brand":[],"product_cat":[420],"product_tag":[433],"class_list":{"0":"post-5471","1":"product","2":"type-product","3":"status-publish","4":"has-post-thumbnail","6":"product_cat-ofertas","7":"product_tag-68-041844","9":"first","10":"instock","11":"shipping-taxable","12":"purchasable","13":"product-type-simple"},"aioseo_notices":[],"jetpack_sharing_enabled":true,"brands":[],"_links":{"self":[{"href":"https:\/\/proservice.com.ar\/index.php\/wp-json\/wp\/v2\/product\/5471","targetHints":{"allow":["GET"]}}],"collection":[{"href":"https:\/\/proservice.com.ar\/index.php\/wp-json\/wp\/v2\/product"}],"about":[{"href":"https:\/\/proservice.com.ar\/index.php\/wp-json\/wp\/v2\/types\/product"}],"wp:featuredmedia":[{"embeddable":true,"href":"https:\/\/proservice.com.ar\/index.php\/wp-json\/wp\/v2\/media\/5472"}],"wp:attachment":[{"href":"https:\/\/proservice.com.ar\/index.php\/wp-json\/wp\/v2\/media?parent=5471"}],"wp:term":[{"taxonomy":"pwb-brand","embeddable":true,"href":"https:\/\/proservice.com.ar\/index.php\/wp-json\/wp\/v2\/pwb-brand?post=5471"},{"taxonomy":"product_brand","embeddable":true,"href":"https:\/\/proservice.com.ar\/index.php\/wp-json\/wp\/v2\/product_brand?post=5471"},{"taxonomy":"product_cat","embeddable":true,"href":"https:\/\/proservice.com.ar\/index.php\/wp-json\/wp\/v2\/product_cat?post=5471"},{"taxonomy":"product_tag","embeddable":true,"href":"https:\/\/proservice.com.ar\/index.php\/wp-json\/wp\/v2\/product_tag?post=5471"}],"curies":[{"name":"wp","href":"https:\/\/api.w.org\/{rel}","templated":true}]}}