{"id":5701,"date":"2024-01-30T14:16:17","date_gmt":"2024-01-30T17:16:17","guid":{"rendered":"https:\/\/proservice.com.ar\/?post_type=product&#038;p=5701"},"modified":"2025-05-27T15:21:08","modified_gmt":"2025-05-27T18:21:08","slug":"hollyland-mars-m1-enhanced-5-5-wireless-transceiver-monitor-kit-set-of-2","status":"publish","type":"product","link":"https:\/\/proservice.com.ar\/index.php\/product\/hollyland-mars-m1-enhanced-5-5-wireless-transceiver-monitor-kit-set-of-2\/","title":{"rendered":"Hollyland Mars M1 Enhanced 5.5&#8243; Wireless Transceiver Monitor Kit (Set of 2)"},"content":{"rendered":"<p><span>Este kit incluye dos monitores Mars M1 mejorados de 5,5&#8243; que se pueden usar como transmisor o receptor.\u00a0<\/span><span>El Mars M1 Enhanced ofrece nuevas funciones, incluida una funci\u00f3n de revisi\u00f3n de grabaci\u00f3n\/reproducci\u00f3n que puede revisar hasta 2 minutos de v\u00eddeo para una revisi\u00f3n instant\u00e1nea, y presenta un nuevo dise\u00f1o de antena de c\u00e1psula de bajo perfil.\u00a0<\/span><span>Al igual que el M1 original, cada Mars M1 Enhanced cuenta con una pantalla t\u00e1ctil de 5,5&#8243; que proporciona una resoluci\u00f3n n\u00edtida y un brillo de 1000 cd\/m\u00b2 para aplicaciones de seguimiento de enfoque y monitorizaci\u00f3n del director. Su transmisor y receptor inal\u00e1mbricos integrados le permiten enviar y recibir v\u00eddeo. entre unidades M1, as\u00ed como hacia\/desde los transmisores\/receptores inal\u00e1mbricos Mars 400S Pro, Mars 300 Pro y Mars 4K a una distancia de hasta 450&#8242;. Tambi\u00e9n puede monitorear video desde el M1 Enhanced en tel\u00e9fonos inteligentes y tabletas que ejecutan el complemento Aplicaci\u00f3n HollyView.<\/span><\/p>\n<div class=\"title_OMS5rN7R1Z\">\n<div class=\"text_TAw0W35QK_ comfy_TAw0W35QK_ sizeTitle4_TAw0W35QK_ weightBold_TAw0W35QK_ primary_i3MsQsqoe0\" data-selenium=\"sellingPointsTitle\"><strong>Caracter\u00edsticas principales:\u00a0<\/strong><\/div>\n<\/div>\n<ul class=\"list_OMS5rN7R1Z\">\n<li class=\"listItem_OMS5rN7R1Z\" data-selenium=\"sellingPointsListItem\"><span>Supervise v\u00eddeo de forma inal\u00e1mbrica desde hasta 450&#8242;<\/span><\/li>\n<li class=\"listItem_OMS5rN7R1Z\" data-selenium=\"sellingPointsListItem\"><span>Cambio de modo de transmisor y receptor<\/span><\/li>\n<li class=\"listItem_OMS5rN7R1Z\" data-selenium=\"sellingPointsListItem\"><span>Nuevas antenas c\u00e1psula y grabaci\u00f3n\/reproducci\u00f3n<\/span><\/li>\n<li class=\"listItem_OMS5rN7R1Z\" data-selenium=\"sellingPointsListItem\"><span>Pantalla t\u00e1ctil de 5,5&#8243; Pantalla de 1920 x 1080<\/span><\/li>\n<li class=\"listItem_OMS5rN7R1Z\" data-selenium=\"sellingPointsListItem\"><span>Entrada SDI de v\u00eddeo hasta 4K30, entrada\/salida HDMI<\/span><\/li>\n<li class=\"listItem_OMS5rN7R1Z\" data-selenium=\"sellingPointsListItem\"><span>Presets e importaci\u00f3n de LUT 3D USB-C<\/span><\/li>\n<li class=\"listItem_OMS5rN7R1Z\" data-selenium=\"sellingPointsListItem\"><span>Alto brillo de 1000 cd\/m\u00b2<\/span><\/li>\n<li class=\"listItem_OMS5rN7R1Z\" data-selenium=\"sellingPointsListItem\"><span>Baja latencia de 0,08 s, escaneo de canales inteligente<\/span><\/li>\n<li class=\"listItem_OMS5rN7R1Z\" data-selenium=\"sellingPointsListItem\"><span>Entrada y salida de alimentaci\u00f3n CC<\/span><\/li>\n<li class=\"listItem_OMS5rN7R1Z\" data-selenium=\"sellingPointsListItem\"><span>Placa de bater\u00eda integrada serie L<\/span><\/li>\n<\/ul>\n","protected":false},"excerpt":{"rendered":"<p>MARS M1 ENHANCED KIT<\/p>\n","protected":false},"featured_media":5703,"template":"","meta":{"om_disable_all_campaigns":false},"pwb-brand":[],"product_brand":[],"product_cat":[77,63],"product_tag":[480],"class_list":{"0":"post-5701","1":"product","2":"type-product","3":"status-publish","4":"has-post-thumbnail","6":"product_cat-hollyland","7":"product_cat-monitors-multiview","8":"product_tag-mars-m1-enhanced-kit","10":"first","11":"onbackorder","12":"shipping-taxable","13":"product-type-simple"},"aioseo_notices":[],"jetpack_sharing_enabled":true,"brands":[],"_links":{"self":[{"href":"https:\/\/proservice.com.ar\/index.php\/wp-json\/wp\/v2\/product\/5701","targetHints":{"allow":["GET"]}}],"collection":[{"href":"https:\/\/proservice.com.ar\/index.php\/wp-json\/wp\/v2\/product"}],"about":[{"href":"https:\/\/proservice.com.ar\/index.php\/wp-json\/wp\/v2\/types\/product"}],"wp:featuredmedia":[{"embeddable":true,"href":"https:\/\/proservice.com.ar\/index.php\/wp-json\/wp\/v2\/media\/5703"}],"wp:attachment":[{"href":"https:\/\/proservice.com.ar\/index.php\/wp-json\/wp\/v2\/media?parent=5701"}],"wp:term":[{"taxonomy":"pwb-brand","embeddable":true,"href":"https:\/\/proservice.com.ar\/index.php\/wp-json\/wp\/v2\/pwb-brand?post=5701"},{"taxonomy":"product_brand","embeddable":true,"href":"https:\/\/proservice.com.ar\/index.php\/wp-json\/wp\/v2\/product_brand?post=5701"},{"taxonomy":"product_cat","embeddable":true,"href":"https:\/\/proservice.com.ar\/index.php\/wp-json\/wp\/v2\/product_cat?post=5701"},{"taxonomy":"product_tag","embeddable":true,"href":"https:\/\/proservice.com.ar\/index.php\/wp-json\/wp\/v2\/product_tag?post=5701"}],"curies":[{"name":"wp","href":"https:\/\/api.w.org\/{rel}","templated":true}]}}