{"id":6140,"date":"2025-09-22T08:22:36","date_gmt":"2025-09-22T11:22:36","guid":{"rendered":"https:\/\/proservice.com.ar\/?post_type=product&#038;p=6140"},"modified":"2026-04-17T16:58:59","modified_gmt":"2026-04-17T19:58:59","slug":"blackmagic-design-davinci-resolve-studio-activation-card","status":"publish","type":"product","link":"https:\/\/proservice.com.ar\/index.php\/product\/blackmagic-design-davinci-resolve-studio-activation-card\/","title":{"rendered":"Blackmagic Design DaVinci Resolve Studio (Licencia Digital)"},"content":{"rendered":"<div class=\"title_OMS5rN7R1Z\">\n<div data-selenium=\"sellingPointsTitle\">Blackmagic Design DaVinci Resolve Studio\u00a0es un NLE que se puede utilizar para proyectos que van desde pel\u00edculas personales hasta largometrajes y efectos visuales.\u00a0La p\u00e1gina Color presenta nuevas herramientas de gradaci\u00f3n HDR, una m\u00e1scara m\u00e1gica basada en IA para gradaci\u00f3n espec\u00edfica y un deformador de color.\u00a0Fairlight proporciona un flujo de trabajo m\u00e1s r\u00e1pido con herramientas de selecci\u00f3n de edici\u00f3n de teclado y mouse actualizadas.\u00a0Fairlight tambi\u00e9n tiene un motor de audio de pr\u00f3xima generaci\u00f3n y una arquitectura de bus con soporte para editar 2000 pistas en tiempo real.<\/div>\n<div data-selenium=\"sellingPointsTitle\"><\/div>\n<div class=\"text_TAw0W35QK_ comfy_TAw0W35QK_ sizeTitle4_TAw0W35QK_ weightBold_TAw0W35QK_ primary_i3MsQsqoe0\" data-selenium=\"sellingPointsTitle\"><strong>Caracter\u00edsticas principales:\u00a0<\/strong><\/div>\n<\/div>\n<ul class=\"list_OMS5rN7R1Z\">\n<li class=\"listItem_OMS5rN7R1Z\" data-selenium=\"sellingPointsListItem\">M\u00e1s de 100 funciones nuevas y 200 mejoras<\/li>\n<li class=\"listItem_OMS5rN7R1Z\" data-selenium=\"sellingPointsListItem\">Edici\u00f3n 8K y correcci\u00f3n de color<\/li>\n<li class=\"listItem_OMS5rN7R1Z\" data-selenium=\"sellingPointsListItem\">Edici\u00f3n HDR avanzada<\/li>\n<li class=\"listItem_OMS5rN7R1Z\" data-selenium=\"sellingPointsListItem\">M\u00e1scara m\u00e1gica basada en IA para calificaciones espec\u00edficas<\/li>\n<li class=\"listItem_OMS5rN7R1Z\" data-selenium=\"sellingPointsListItem\">Motor de audio de pr\u00f3xima generaci\u00f3n;\u00a0Editar m\u00e1s de 2000 pistas<\/li>\n<li class=\"listItem_OMS5rN7R1Z\" data-selenium=\"sellingPointsListItem\">Utilice composiciones de Fusion en pesta\u00f1as Cortar\/Editar<\/li>\n<li class=\"listItem_OMS5rN7R1Z\" data-selenium=\"sellingPointsListItem\">Flujos de trabajo de medios proxy<\/li>\n<li class=\"listItem_OMS5rN7R1Z\" data-selenium=\"sellingPointsListItem\">Reencuadre inteligente para las redes sociales<\/li>\n<li class=\"listItem_OMS5rN7R1Z\" data-selenium=\"sellingPointsListItem\">Detecci\u00f3n de rostros del motor neuronal DaVinci<\/li>\n<li class=\"listItem_OMS5rN7R1Z\" data-selenium=\"sellingPointsListItem\">Compatible con Mac, Windows y Linux<\/li>\n<\/ul>\n<h3 data-start=\"279\" data-end=\"320\"><strong data-start=\"283\" data-end=\"320\">Condiciones de venta \u2013 Proservice<\/strong><\/h3>\n<ul data-start=\"322\" data-end=\"1479\">\n<li data-start=\"322\" data-end=\"481\">\n<p data-start=\"324\" data-end=\"481\">El producto comercializado corresponde a una <strong data-start=\"369\" data-end=\"398\">licencia digital original<\/strong> de <strong data-start=\"402\" data-end=\"448\">DaVinci Resolve Studio \u2013 Blackmagic Design<\/strong>. No se entrega soporte f\u00edsico.<\/p>\n<\/li>\n<li data-start=\"482\" data-end=\"651\">\n<p data-start=\"484\" data-end=\"651\">La <strong data-start=\"487\" data-end=\"521\">entrega del n\u00famero de licencia<\/strong> se realiza una vez completado el <strong data-start=\"555\" data-end=\"609\">proceso de validaci\u00f3n de identidad y medio de pago<\/strong>, seg\u00fan nuestras pol\u00edticas de seguridad.<\/p>\n<\/li>\n<li data-start=\"652\" data-end=\"924\">\n<p data-start=\"654\" data-end=\"704\">Para dicha validaci\u00f3n, Proservice podr\u00e1 solicitar:<\/p>\n<ul data-start=\"707\" data-end=\"924\">\n<li data-start=\"707\" data-end=\"737\">\n<p data-start=\"709\" data-end=\"737\">Remito de entrega firmado.<\/p>\n<\/li>\n<li data-start=\"740\" data-end=\"798\">\n<p data-start=\"742\" data-end=\"798\">Documento de identidad (DNI) del titular de la compra.<\/p>\n<\/li>\n<li data-start=\"801\" data-end=\"924\">\n<p data-start=\"803\" data-end=\"924\">Informaci\u00f3n adicional que permita verificar la titularidad del medio de pago, resguardando siempre los datos sensibles.<\/p>\n<\/li>\n<\/ul>\n<\/li>\n<li data-start=\"925\" data-end=\"1137\">\n<p data-start=\"927\" data-end=\"1137\">Una vez entregado el <strong data-start=\"948\" data-end=\"970\">n\u00famero de licencia<\/strong>, el producto se considera <strong data-start=\"997\" data-end=\"1021\">entregado y activado<\/strong>, por lo que <strong data-start=\"1034\" data-end=\"1083\">no admite cambios, devoluciones ni reintegros<\/strong>, de acuerdo con la naturaleza digital del producto.<\/p>\n<\/li>\n<li data-start=\"1138\" data-end=\"1287\">\n<p data-start=\"1140\" data-end=\"1287\">La activaci\u00f3n, uso y compatibilidad del software son responsabilidad del usuario final, conforme a los <strong data-start=\"1243\" data-end=\"1284\">t\u00e9rminos y condiciones del fabricante<\/strong>.<\/p>\n<\/li>\n<li data-start=\"1288\" data-end=\"1479\">\n<p data-start=\"1290\" data-end=\"1479\">Proservice comercializa licencias <strong data-start=\"1324\" data-end=\"1343\">100% originales<\/strong> y brinda acompa\u00f1amiento previo y posterior a la compra, sin intervenir en las pol\u00edticas de licenciamiento propias de Blackmagic Design.<\/p>\n<\/li>\n<\/ul>\n","protected":false},"excerpt":{"rendered":"<ul>\n<li>DaVinci Resolve Studio<\/li>\n<\/ul>\n","protected":false},"featured_media":6144,"template":"","meta":{"om_disable_all_campaigns":false},"pwb-brand":[],"product_brand":[],"product_cat":[71],"product_tag":[486],"class_list":{"0":"post-6140","1":"product","2":"type-product","3":"status-publish","4":"has-post-thumbnail","6":"product_cat-blackmagic-design","7":"product_tag-dv-resstud","9":"first","10":"instock","11":"featured","12":"shipping-taxable","13":"purchasable","14":"product-type-simple"},"aioseo_notices":[],"jetpack_sharing_enabled":true,"brands":[],"_links":{"self":[{"href":"https:\/\/proservice.com.ar\/index.php\/wp-json\/wp\/v2\/product\/6140","targetHints":{"allow":["GET"]}}],"collection":[{"href":"https:\/\/proservice.com.ar\/index.php\/wp-json\/wp\/v2\/product"}],"about":[{"href":"https:\/\/proservice.com.ar\/index.php\/wp-json\/wp\/v2\/types\/product"}],"wp:featuredmedia":[{"embeddable":true,"href":"https:\/\/proservice.com.ar\/index.php\/wp-json\/wp\/v2\/media\/6144"}],"wp:attachment":[{"href":"https:\/\/proservice.com.ar\/index.php\/wp-json\/wp\/v2\/media?parent=6140"}],"wp:term":[{"taxonomy":"pwb-brand","embeddable":true,"href":"https:\/\/proservice.com.ar\/index.php\/wp-json\/wp\/v2\/pwb-brand?post=6140"},{"taxonomy":"product_brand","embeddable":true,"href":"https:\/\/proservice.com.ar\/index.php\/wp-json\/wp\/v2\/product_brand?post=6140"},{"taxonomy":"product_cat","embeddable":true,"href":"https:\/\/proservice.com.ar\/index.php\/wp-json\/wp\/v2\/product_cat?post=6140"},{"taxonomy":"product_tag","embeddable":true,"href":"https:\/\/proservice.com.ar\/index.php\/wp-json\/wp\/v2\/product_tag?post=6140"}],"curies":[{"name":"wp","href":"https:\/\/api.w.org\/{rel}","templated":true}]}}