{"id":6146,"date":"2024-03-12T12:12:05","date_gmt":"2024-03-12T15:12:05","guid":{"rendered":"https:\/\/proservice.com.ar\/?post_type=product&#038;p=6146"},"modified":"2025-11-12T11:04:00","modified_gmt":"2025-11-12T14:04:00","slug":"sony-pxw-z90v-4k-hdr-xdcam-with-fast-hybrid-af","status":"publish","type":"product","link":"https:\/\/proservice.com.ar\/index.php\/product\/sony-pxw-z90v-4k-hdr-xdcam-with-fast-hybrid-af\/","title":{"rendered":"Sony PXW-Z90V 4K HDR XDCAM with Fast Hybrid AF(Discontinuada)"},"content":{"rendered":"<div class=\"title_OMS5rN7R1Z\">\n<div data-selenium=\"sellingPointsTitle\">La videoc\u00e1mara Sony PXW-Z90V 4K HDR XDCAM ofrece enfoque autom\u00e1tico (AF) con detecci\u00f3n de fase y capacidades HDR en un cuerpo compacto estilo palma. Adecuada para eventos corporativos, retransmisiones de noticias y producci\u00f3n televisiva, la videoc\u00e1mara PXW-Z90V cuenta con un sensor CMOS Exmor RS apilado de 1&#8243; con resoluci\u00f3n UHD 4K (3840 x 2160), un zoom \u00f3ptico Zeiss de 12x, un visor OLED y una pantalla t\u00e1ctil de 3,5&#8243;. Monitor LCD. Puede grabar 4K en XAVC Long a 4:2:0, HD en XAVC Long a 4:2:2 de 10 bits, as\u00ed como MPEG HD a 4:2:2 (requiere una clave de licencia opcional). Las funciones S-Log3\/S-Gamut3 ofrecen a los usuarios un control de imagen adicional. Las caracter\u00edsticas adicionales incluyen 2,4\/5 GHz integrados para transmisi\u00f3n m\u00faltiple a trav\u00e9s de protocolos RTMP\/RTMPS y opciones FTP.<\/div>\n<div data-selenium=\"sellingPointsTitle\"><\/div>\n<div class=\"text_TAw0W35QK_ comfy_TAw0W35QK_ sizeTitle4_TAw0W35QK_ weightBold_TAw0W35QK_ primary_i3MsQsqoe0\" data-selenium=\"sellingPointsTitle\"><strong>Caracter\u00edsticas principales:\u00a0<\/strong><\/div>\n<\/div>\n<ul class=\"list_OMS5rN7R1Z\">\n<li class=\"listItem_OMS5rN7R1Z\" data-selenium=\"sellingPointsListItem\">Sensor CMOS Exmor RS \u00fanico de 1&#8243;<\/li>\n<li class=\"listItem_OMS5rN7R1Z\" data-selenium=\"sellingPointsListItem\">UHD 4K (3840 x 2160) hasta 30p<\/li>\n<li class=\"listItem_OMS5rN7R1Z\" data-selenium=\"sellingPointsListItem\">4K HDR con Log-Gamma h\u00edbrido (HLG)<\/li>\n<li class=\"listItem_OMS5rN7R1Z\" data-selenium=\"sellingPointsListItem\">Salida 3G-SDI, transmisi\u00f3n en vivo de 2,4\/5 GHz<\/li>\n<li class=\"listItem_OMS5rN7R1Z\" data-selenium=\"sellingPointsListItem\">Enfoque autom\u00e1tico por detecci\u00f3n de fase (AF)<\/li>\n<li class=\"listItem_OMS5rN7R1Z\" data-selenium=\"sellingPointsListItem\">Zoom \u00f3ptico Zeiss de 12x \/ imagen clara de 18x<\/li>\n<li class=\"listItem_OMS5rN7R1Z\" data-selenium=\"sellingPointsListItem\">Graba MPEG-2 HD con licencia opcional<\/li>\n<li class=\"listItem_OMS5rN7R1Z\" data-selenium=\"sellingPointsListItem\">Grabaci\u00f3n XAVC HD\/QFHD<\/li>\n<li class=\"listItem_OMS5rN7R1Z\" data-selenium=\"sellingPointsListItem\">Opciones de im\u00e1genes S-Log3\/S-Gamut3<\/li>\n<li class=\"listItem_OMS5rN7R1Z\" data-selenium=\"sellingPointsListItem\">2 x ranuras para tarjetas SD, modos de retransmisi\u00f3n y simulaci\u00f3n<\/li>\n<\/ul>\n","protected":false},"excerpt":{"rendered":"<h1 class=\"text_TAw0W35QK_ comfy_TAw0W35QK_ sizeTitle1_TAw0W35QK_ weightNormal_TAw0W35QK_ primary_i3MsQsqoe0\" data-selenium=\"productTitle\">Sony PXW-Z90V 4K HDR XDCAM with Fast Hybrid AF<\/h1>\n","protected":false},"featured_media":6151,"template":"","meta":{"om_disable_all_campaigns":false},"pwb-brand":[],"product_brand":[],"product_cat":[15],"product_tag":[],"class_list":{"0":"post-6146","1":"product","2":"type-product","3":"status-publish","4":"has-post-thumbnail","6":"product_cat-camera","8":"first","9":"onbackorder","10":"shipping-taxable","11":"product-type-simple"},"aioseo_notices":[],"jetpack_sharing_enabled":true,"brands":[],"_links":{"self":[{"href":"https:\/\/proservice.com.ar\/index.php\/wp-json\/wp\/v2\/product\/6146","targetHints":{"allow":["GET"]}}],"collection":[{"href":"https:\/\/proservice.com.ar\/index.php\/wp-json\/wp\/v2\/product"}],"about":[{"href":"https:\/\/proservice.com.ar\/index.php\/wp-json\/wp\/v2\/types\/product"}],"wp:featuredmedia":[{"embeddable":true,"href":"https:\/\/proservice.com.ar\/index.php\/wp-json\/wp\/v2\/media\/6151"}],"wp:attachment":[{"href":"https:\/\/proservice.com.ar\/index.php\/wp-json\/wp\/v2\/media?parent=6146"}],"wp:term":[{"taxonomy":"pwb-brand","embeddable":true,"href":"https:\/\/proservice.com.ar\/index.php\/wp-json\/wp\/v2\/pwb-brand?post=6146"},{"taxonomy":"product_brand","embeddable":true,"href":"https:\/\/proservice.com.ar\/index.php\/wp-json\/wp\/v2\/product_brand?post=6146"},{"taxonomy":"product_cat","embeddable":true,"href":"https:\/\/proservice.com.ar\/index.php\/wp-json\/wp\/v2\/product_cat?post=6146"},{"taxonomy":"product_tag","embeddable":true,"href":"https:\/\/proservice.com.ar\/index.php\/wp-json\/wp\/v2\/product_tag?post=6146"}],"curies":[{"name":"wp","href":"https:\/\/api.w.org\/{rel}","templated":true}]}}