{"id":6162,"date":"2024-11-20T11:12:53","date_gmt":"2024-11-20T14:12:53","guid":{"rendered":"https:\/\/proservice.com.ar\/?post_type=product&#038;p=6162"},"modified":"2026-04-11T15:47:40","modified_gmt":"2026-04-11T18:47:40","slug":"hollyland-lark-m2-duo-2-person-wireless-combo-microphone-system","status":"publish","type":"product","link":"https:\/\/proservice.com.ar\/index.php\/product\/hollyland-lark-m2-duo-2-person-wireless-combo-microphone-system\/","title":{"rendered":"Hollyland LARK M2 COMBO DUO 2-Person Wireless  Microphone System"},"content":{"rendered":"<div class=\"title_OMS5rN7R1Z\">\n<div data-selenium=\"sellingPointsTitle\">El Lark M2 Combo de Hollyland es un sistema de micr\u00f3fono inal\u00e1mbrico ultraligero y compacto, dise\u00f1ado para ofrecer una grabaci\u00f3n de audio de alta fidelidad en cualquier situaci\u00f3n. Con una duraci\u00f3n de bater\u00eda de hasta 40 horas, calidad de sonido de 48 kHz\/24-bit y cancelaci\u00f3n de ruido ambiental, este micr\u00f3fono garantiza grabaciones claras y profesionales. Su dise\u00f1o vers\u00e1til permite una f\u00e1cil conexi\u00f3n con dispositivos a trav\u00e9s de USB-C, Apple Lightning y cables TRS, haci\u00e9ndolo ideal para creadores de contenido que buscan flexibilidad y rendimientohttps:\/\/www.hollyland.com\/product\/lark-m2.<\/div>\n<\/div>\n<div data-selenium=\"sellingPointsTitle\"><\/div>\n<div data-selenium=\"sellingPointsTitle\"><\/div>\n<div class=\"title_OMS5rN7R1Z\">\n<div class=\"text_TAw0W35QK_ comfy_TAw0W35QK_ sizeTitle4_TAw0W35QK_ weightBold_TAw0W35QK_ primary_i3MsQsqoe0\" data-selenium=\"sellingPointsTitle\"><strong>Caracter\u00edsticas principales:<\/strong><\/div>\n<\/div>\n<ul class=\"list_OMS5rN7R1Z\">\n<li class=\"listItem_OMS5rN7R1Z\" data-selenium=\"sellingPointsListItem\">Para periodismo m\u00f3vil, creaci\u00f3n de contenidos<\/li>\n<li class=\"listItem_OMS5rN7R1Z\" data-selenium=\"sellingPointsListItem\">2 x transmisores con micr\u00f3fonos Omni incorporados<\/li>\n<li class=\"listItem_OMS5rN7R1Z\" data-selenium=\"sellingPointsListItem\">Receptores enchufables y de montaje en c\u00e1mara<\/li>\n<li class=\"listItem_OMS5rN7R1Z\" data-selenium=\"sellingPointsListItem\">Factor de forma compacto y con clip<\/li>\n<li class=\"listItem_OMS5rN7R1Z\" data-selenium=\"sellingPointsListItem\">Distancia de transmisi\u00f3n de hasta 1000&#8242;<\/li>\n<li class=\"listItem_OMS5rN7R1Z\" data-selenium=\"sellingPointsListItem\">Sonido de alta fidelidad de 48 kHz y 24 bits<\/li>\n<li class=\"listItem_OMS5rN7R1Z\" data-selenium=\"sellingPointsListItem\">Cancelaci\u00f3n de ruido ambiental<\/li>\n<li class=\"listItem_OMS5rN7R1Z\" data-selenium=\"sellingPointsListItem\">Indicadores LED, bater\u00edas integradas<\/li>\n<li class=\"listItem_OMS5rN7R1Z\" data-selenium=\"sellingPointsListItem\">Control de aplicaciones iOS\/Android<\/li>\n<li class=\"listItem_OMS5rN7R1Z\" data-selenium=\"sellingPointsListItem\">Estuche de carga incluido<\/li>\n<\/ul>\n","protected":false},"excerpt":{"rendered":"<p>LARK M2 COMBO<\/p>\n","protected":false},"featured_media":6168,"template":"","meta":{"om_disable_all_campaigns":false},"pwb-brand":[],"product_brand":[],"product_cat":[55,77,641],"product_tag":[488],"class_list":{"0":"post-6162","1":"product","2":"type-product","3":"status-publish","4":"has-post-thumbnail","6":"product_cat-audio","7":"product_cat-hollyland","8":"product_cat-microfonos","9":"product_tag-lark-m2-combo","11":"first","12":"outofstock","13":"sale","14":"shipping-taxable","15":"purchasable","16":"product-type-simple"},"aioseo_notices":[],"jetpack_sharing_enabled":true,"brands":[],"_links":{"self":[{"href":"https:\/\/proservice.com.ar\/index.php\/wp-json\/wp\/v2\/product\/6162","targetHints":{"allow":["GET"]}}],"collection":[{"href":"https:\/\/proservice.com.ar\/index.php\/wp-json\/wp\/v2\/product"}],"about":[{"href":"https:\/\/proservice.com.ar\/index.php\/wp-json\/wp\/v2\/types\/product"}],"wp:featuredmedia":[{"embeddable":true,"href":"https:\/\/proservice.com.ar\/index.php\/wp-json\/wp\/v2\/media\/6168"}],"wp:attachment":[{"href":"https:\/\/proservice.com.ar\/index.php\/wp-json\/wp\/v2\/media?parent=6162"}],"wp:term":[{"taxonomy":"pwb-brand","embeddable":true,"href":"https:\/\/proservice.com.ar\/index.php\/wp-json\/wp\/v2\/pwb-brand?post=6162"},{"taxonomy":"product_brand","embeddable":true,"href":"https:\/\/proservice.com.ar\/index.php\/wp-json\/wp\/v2\/product_brand?post=6162"},{"taxonomy":"product_cat","embeddable":true,"href":"https:\/\/proservice.com.ar\/index.php\/wp-json\/wp\/v2\/product_cat?post=6162"},{"taxonomy":"product_tag","embeddable":true,"href":"https:\/\/proservice.com.ar\/index.php\/wp-json\/wp\/v2\/product_tag?post=6162"}],"curies":[{"name":"wp","href":"https:\/\/api.w.org\/{rel}","templated":true}]}}