{"id":6186,"date":"2024-03-27T10:39:43","date_gmt":"2024-03-27T13:39:43","guid":{"rendered":"https:\/\/proservice.com.ar\/?post_type=product&#038;p=6186"},"modified":"2025-05-12T14:06:30","modified_gmt":"2025-05-12T17:06:30","slug":"6186","status":"publish","type":"product","link":"https:\/\/proservice.com.ar\/index.php\/product\/6186\/","title":{"rendered":"Blackmagic Videohub 80&#215;80 12G"},"content":{"rendered":"<p>Esta matriz de conmutaci\u00f3n permite distribuir todo tipo de se\u00f1ales en distintas definiciones simult\u00e1neamente y sin latencia alguna. Las 80 entradas SDI 12G cuentan con ledes en cada conector BNC que indican la presencia de una se\u00f1al SDI. Adem\u00e1s, incluye 80 salidas SDI 12G, sistema de alimentaci\u00f3n redundante y conexiones para se\u00f1ales de referencia en un dise\u00f1o elegante de cuatro unidades de bastidor. La gran pantalla LCD frontal de alta definici\u00f3n muestra claramente las im\u00e1genes respectivas y el formato, as\u00ed como la fuente y el destino asignado. Las se\u00f1ales pueden distribuirse directamente mediante los botones y el mando giratorio, que cuenta con un embrague electr\u00f3nico. Este modelo ofrece adem\u00e1s una funci\u00f3n de resincronizaci\u00f3n autom\u00e1tica, control externo mediante redes Ethernet y compatibilidad con todas las definiciones a una resoluci\u00f3n m\u00e1xima de 2160p60.<\/p>\n<div class=\"title_OMS5rN7R1Z\">\n<div class=\"text_TAw0W35QK_ comfy_TAw0W35QK_ sizeTitle4_TAw0W35QK_ weightBold_TAw0W35QK_ primary_i3MsQsqoe0\" data-selenium=\"sellingPointsTitle\"><strong>Caracter\u00edsticas principales:\u00a0<\/strong><\/div>\n<\/div>\n<ul class=\"list_OMS5rN7R1Z\">\n<li class=\"listItem_OMS5rN7R1Z\" data-selenium=\"sellingPointsListItem\">Conmutador de enrutamiento de latencia cero<\/li>\n<li class=\"listItem_OMS5rN7R1Z\" data-selenium=\"sellingPointsListItem\">80 entradas 12G-SDI\/80 salidas 12G-SDI<\/li>\n<li class=\"listItem_OMS5rN7R1Z\" data-selenium=\"sellingPointsListItem\">Admite v\u00eddeo hasta DCI 4K60<\/li>\n<li class=\"listItem_OMS5rN7R1Z\" data-selenium=\"sellingPointsListItem\">Combina v\u00eddeo SD, HD, UHD 4K y DCI 4K<\/li>\n<li class=\"listItem_OMS5rN7R1Z\" data-selenium=\"sellingPointsListItem\">Compatible con muestreo de v\u00eddeo 4:2:2 y 4:4:4<\/li>\n<li class=\"listItem_OMS5rN7R1Z\" data-selenium=\"sellingPointsListItem\">Control por bot\u00f3n, perilla y Ethernet<\/li>\n<li class=\"listItem_OMS5rN7R1Z\" data-selenium=\"sellingPointsListItem\">32 canales de audio integrado<\/li>\n<li class=\"listItem_OMS5rN7R1Z\" data-selenium=\"sellingPointsListItem\">Reclocking SDI<\/li>\n<li class=\"listItem_OMS5rN7R1Z\" data-selenium=\"sellingPointsListItem\">Incluye software Videohub para Mac\/Windows<\/li>\n<\/ul>\n","protected":false},"excerpt":{"rendered":"<p>Blackmagic Videohub 80&#215;80 12G<\/p>\n","protected":false},"featured_media":6187,"template":"","meta":{"om_disable_all_campaigns":false},"pwb-brand":[],"product_brand":[],"product_cat":[71,67],"product_tag":[492],"class_list":{"0":"post-6186","1":"product","2":"type-product","3":"status-publish","4":"has-post-thumbnail","6":"product_cat-blackmagic-design","7":"product_cat-routers","8":"product_tag-vhubsmas12g8080","10":"first","11":"onbackorder","12":"shipping-taxable","13":"product-type-simple"},"aioseo_notices":[],"jetpack_sharing_enabled":true,"brands":[],"_links":{"self":[{"href":"https:\/\/proservice.com.ar\/index.php\/wp-json\/wp\/v2\/product\/6186","targetHints":{"allow":["GET"]}}],"collection":[{"href":"https:\/\/proservice.com.ar\/index.php\/wp-json\/wp\/v2\/product"}],"about":[{"href":"https:\/\/proservice.com.ar\/index.php\/wp-json\/wp\/v2\/types\/product"}],"wp:featuredmedia":[{"embeddable":true,"href":"https:\/\/proservice.com.ar\/index.php\/wp-json\/wp\/v2\/media\/6187"}],"wp:attachment":[{"href":"https:\/\/proservice.com.ar\/index.php\/wp-json\/wp\/v2\/media?parent=6186"}],"wp:term":[{"taxonomy":"pwb-brand","embeddable":true,"href":"https:\/\/proservice.com.ar\/index.php\/wp-json\/wp\/v2\/pwb-brand?post=6186"},{"taxonomy":"product_brand","embeddable":true,"href":"https:\/\/proservice.com.ar\/index.php\/wp-json\/wp\/v2\/product_brand?post=6186"},{"taxonomy":"product_cat","embeddable":true,"href":"https:\/\/proservice.com.ar\/index.php\/wp-json\/wp\/v2\/product_cat?post=6186"},{"taxonomy":"product_tag","embeddable":true,"href":"https:\/\/proservice.com.ar\/index.php\/wp-json\/wp\/v2\/product_tag?post=6186"}],"curies":[{"name":"wp","href":"https:\/\/api.w.org\/{rel}","templated":true}]}}