{"id":6198,"date":"2024-03-27T13:32:55","date_gmt":"2024-03-27T16:32:55","guid":{"rendered":"https:\/\/proservice.com.ar\/?post_type=product&#038;p=6198"},"modified":"2025-05-12T14:06:51","modified_gmt":"2025-05-12T17:06:51","slug":"blackmagic-videohub-20x20-12g","status":"publish","type":"product","link":"https:\/\/proservice.com.ar\/index.php\/product\/blackmagic-videohub-20x20-12g\/","title":{"rendered":"Blackmagic Videohub 20&#215;20 12G"},"content":{"rendered":"<p>Matriz de conmutaci\u00f3n avanzada con tecnolog\u00eda SDI 12G que permite distribuir simult\u00e1neamente y\u00a0sin latencia todo tipo de se\u00f1ales en distintas definiciones. Con\u00a0un tama\u00f1o de una unidad de bastidor, incluye 20 entradas y\u00a020 salidas SDI, as\u00ed como conexiones para se\u00f1ales de referencia. La\u00a0pantalla LCD frontal muestra claramente las im\u00e1genes respectivas y\u00a0el formato, as\u00ed como la fuente y\u00a0el destino asignado. Las\u00a0se\u00f1ales pueden distribuirse directamente mediante los botones y\u00a0el mando giratorio, que cuenta con un embrague electr\u00f3nico. Este modelo ofrece adem\u00e1s una funci\u00f3n de resincronizaci\u00f3n autom\u00e1tica, control externo mediante redes Ethernet y\u00a0compatibilidad con todas las definiciones a\u00a0una resoluci\u00f3n m\u00e1xima de\u00a02160p60.<\/p>\n<div class=\"title_OMS5rN7R1Z\">\n<div class=\"text_TAw0W35QK_ comfy_TAw0W35QK_ sizeTitle4_TAw0W35QK_ weightBold_TAw0W35QK_ primary_i3MsQsqoe0\" data-selenium=\"sellingPointsTitle\"><strong>Caracter\u00edsticas Principales:\u00a0<\/strong><\/div>\n<\/div>\n<ul class=\"list_OMS5rN7R1Z\">\n<li class=\"listItem_OMS5rN7R1Z\" data-selenium=\"sellingPointsListItem\">Conmutador de enrutamiento de latencia cero<\/li>\n<li class=\"listItem_OMS5rN7R1Z\" data-selenium=\"sellingPointsListItem\">20 entradas 12G-SDI\/20 salidas 12G-SDI<\/li>\n<li class=\"listItem_OMS5rN7R1Z\" data-selenium=\"sellingPointsListItem\">Admite v\u00eddeo hasta DCI 4K60<\/li>\n<li class=\"listItem_OMS5rN7R1Z\" data-selenium=\"sellingPointsListItem\">Combina v\u00eddeo SD, HD, UHD 4K y DCI 4K<\/li>\n<li class=\"listItem_OMS5rN7R1Z\" data-selenium=\"sellingPointsListItem\">Control por bot\u00f3n, perilla y Ethernet<\/li>\n<li class=\"listItem_OMS5rN7R1Z\" data-selenium=\"sellingPointsListItem\">Pantalla de estado LCD del panel frontal de 2,2&#8243;<\/li>\n<li class=\"listItem_OMS5rN7R1Z\" data-selenium=\"sellingPointsListItem\">Reclocking SDI, tama\u00f1o compacto de 1 RU<\/li>\n<li class=\"listItem_OMS5rN7R1Z\" data-selenium=\"sellingPointsListItem\">Incluye software Videohub para Mac\/Windows<\/li>\n<\/ul>\n","protected":false},"excerpt":{"rendered":"<p>Blackmagic Videohub 20&#215;20 12G<\/p>\n","protected":false},"featured_media":6200,"template":"","meta":{"om_disable_all_campaigns":false},"pwb-brand":[],"product_brand":[],"product_cat":[71,67],"product_tag":[495],"class_list":{"0":"post-6198","1":"product","2":"type-product","3":"status-publish","4":"has-post-thumbnail","6":"product_cat-blackmagic-design","7":"product_cat-routers","8":"product_tag-vhubsmas12g2020","10":"first","11":"onbackorder","12":"shipping-taxable","13":"product-type-simple"},"aioseo_notices":[],"jetpack_sharing_enabled":true,"brands":[],"_links":{"self":[{"href":"https:\/\/proservice.com.ar\/index.php\/wp-json\/wp\/v2\/product\/6198","targetHints":{"allow":["GET"]}}],"collection":[{"href":"https:\/\/proservice.com.ar\/index.php\/wp-json\/wp\/v2\/product"}],"about":[{"href":"https:\/\/proservice.com.ar\/index.php\/wp-json\/wp\/v2\/types\/product"}],"wp:featuredmedia":[{"embeddable":true,"href":"https:\/\/proservice.com.ar\/index.php\/wp-json\/wp\/v2\/media\/6200"}],"wp:attachment":[{"href":"https:\/\/proservice.com.ar\/index.php\/wp-json\/wp\/v2\/media?parent=6198"}],"wp:term":[{"taxonomy":"pwb-brand","embeddable":true,"href":"https:\/\/proservice.com.ar\/index.php\/wp-json\/wp\/v2\/pwb-brand?post=6198"},{"taxonomy":"product_brand","embeddable":true,"href":"https:\/\/proservice.com.ar\/index.php\/wp-json\/wp\/v2\/product_brand?post=6198"},{"taxonomy":"product_cat","embeddable":true,"href":"https:\/\/proservice.com.ar\/index.php\/wp-json\/wp\/v2\/product_cat?post=6198"},{"taxonomy":"product_tag","embeddable":true,"href":"https:\/\/proservice.com.ar\/index.php\/wp-json\/wp\/v2\/product_tag?post=6198"}],"curies":[{"name":"wp","href":"https:\/\/api.w.org\/{rel}","templated":true}]}}