{"id":62,"date":"2021-06-17T14:41:08","date_gmt":"2021-06-17T14:41:08","guid":{"rendered":"https:\/\/webshop.sites.qsandbox.com\/?post_type=product&#038;p=62"},"modified":"2025-08-27T16:48:17","modified_gmt":"2025-08-27T19:48:17","slug":"joystick","status":"publish","type":"product","link":"https:\/\/proservice.com.ar\/index.php\/product\/joystick\/","title":{"rendered":"AIDA Imaging Micro UHD 4K HDMI POV Camera with TRS Stereo Audio Input"},"content":{"rendered":"<p>La\u00a0c\u00e1mara POV AIDA Imaging UHD-100A Micro UHD 4K HDMI con entrada de audio est\u00e9reo TRS\u00a0es una c\u00e1mara ultracompacta adecuada para conferencias web, deportes, carreras de autos, vigilancia, medicina, radiodifusi\u00f3n, producci\u00f3n en vivo, educaci\u00f3n, lugares de culto y otras aplicaciones. .\u00a0Con aproximadamente 1,5&#8243; de ancho por 1,5&#8243; de alto y 3&#8243; de profundidad, la c\u00e1mara puede caber en una variedad de espacios donde es ventajoso ocupar poco espacio, como una c\u00e1mara para tablero en un auto de carreras o discretamente en la esquina de una sala quir\u00fargica. La c\u00e1mara captura V\u00eddeo con resoluci\u00f3n UHD 4K de hasta 30 fps y HD de hasta 60 fps. Cuenta con montura C\/CS para montar lentes intercambiables e incluye una lente de 3.2 mm con control de iris. La c\u00e1mara tiene una salida HDMI que permite conectarla<\/p>\n<div class=\"title_OMS5rN7R1Z\">\n<div class=\"text_TAw0W35QK_ comfy_TAw0W35QK_ sizeTitle4_TAw0W35QK_ weightBold_TAw0W35QK_ primary_i3MsQsqoe0\" data-selenium=\"sellingPointsTitle\"><strong>Caracter\u00edsticas principales:\u00a0<\/strong><\/div>\n<\/div>\n<ul class=\"list_OMS5rN7R1Z\">\n<li class=\"listItem_OMS5rN7R1Z\" data-selenium=\"sellingPointsListItem\">V\u00eddeo con resoluci\u00f3n hasta UHD 4K a 30 fps<\/li>\n<li class=\"listItem_OMS5rN7R1Z\" data-selenium=\"sellingPointsListItem\">Montura C\/CS con lente de 3,2 mm incluida<\/li>\n<li class=\"listItem_OMS5rN7R1Z\" data-selenium=\"sellingPointsListItem\">Conector de lente de iris autom\u00e1tico<\/li>\n<li class=\"listItem_OMS5rN7R1Z\" data-selenium=\"sellingPointsListItem\">Salida HDMI<\/li>\n<li class=\"listItem_OMS5rN7R1Z\" data-selenium=\"sellingPointsListItem\">Entrada RS-485 a trav\u00e9s del cable de conexi\u00f3n incluido<\/li>\n<li class=\"listItem_OMS5rN7R1Z\" data-selenium=\"sellingPointsListItem\">Amplio rango din\u00e1mico<\/li>\n<li class=\"listItem_OMS5rN7R1Z\" data-selenium=\"sellingPointsListItem\">Estabilizaci\u00f3n de imagen digital<\/li>\n<li class=\"listItem_OMS5rN7R1Z\" data-selenium=\"sellingPointsListItem\">Reducci\u00f3n de ruido de imagen 2D\/3D<\/li>\n<li class=\"listItem_OMS5rN7R1Z\" data-selenium=\"sellingPointsListItem\">2 orificios de montaje roscados de 1\/4&#8243;-20<\/li>\n<\/ul>\n","protected":false},"excerpt":{"rendered":"<p>UHD-100A<\/p>\n","protected":false},"featured_media":4350,"template":"","meta":{"om_disable_all_campaigns":false},"pwb-brand":[],"product_brand":[],"product_cat":[70,15],"product_tag":[477],"class_list":{"0":"post-62","1":"product","2":"type-product","3":"status-publish","4":"has-post-thumbnail","6":"product_cat-aida","7":"product_cat-camera","8":"product_tag-uhd-100a","10":"first","11":"onbackorder","12":"shipping-taxable","13":"product-type-simple"},"aioseo_notices":[],"jetpack_sharing_enabled":true,"brands":[],"_links":{"self":[{"href":"https:\/\/proservice.com.ar\/index.php\/wp-json\/wp\/v2\/product\/62","targetHints":{"allow":["GET"]}}],"collection":[{"href":"https:\/\/proservice.com.ar\/index.php\/wp-json\/wp\/v2\/product"}],"about":[{"href":"https:\/\/proservice.com.ar\/index.php\/wp-json\/wp\/v2\/types\/product"}],"wp:featuredmedia":[{"embeddable":true,"href":"https:\/\/proservice.com.ar\/index.php\/wp-json\/wp\/v2\/media\/4350"}],"wp:attachment":[{"href":"https:\/\/proservice.com.ar\/index.php\/wp-json\/wp\/v2\/media?parent=62"}],"wp:term":[{"taxonomy":"pwb-brand","embeddable":true,"href":"https:\/\/proservice.com.ar\/index.php\/wp-json\/wp\/v2\/pwb-brand?post=62"},{"taxonomy":"product_brand","embeddable":true,"href":"https:\/\/proservice.com.ar\/index.php\/wp-json\/wp\/v2\/product_brand?post=62"},{"taxonomy":"product_cat","embeddable":true,"href":"https:\/\/proservice.com.ar\/index.php\/wp-json\/wp\/v2\/product_cat?post=62"},{"taxonomy":"product_tag","embeddable":true,"href":"https:\/\/proservice.com.ar\/index.php\/wp-json\/wp\/v2\/product_tag?post=62"}],"curies":[{"name":"wp","href":"https:\/\/api.w.org\/{rel}","templated":true}]}}