{"id":6227,"date":"2024-04-18T14:07:16","date_gmt":"2024-04-18T17:07:16","guid":{"rendered":"https:\/\/proservice.com.ar\/?post_type=product&#038;p=6227"},"modified":"2025-06-13T15:50:57","modified_gmt":"2025-06-13T18:50:57","slug":"smallrig-multifunctional-teleprompter-for-tablets-and-cameras","status":"publish","type":"product","link":"https:\/\/proservice.com.ar\/index.php\/product\/smallrig-multifunctional-teleprompter-for-tablets-and-cameras\/","title":{"rendered":"SmallRig Multifunctional Teleprompter for Tablets and Cameras"},"content":{"rendered":"<p>Grabe contenido con gui\u00f3n con su tableta o c\u00e1mara sin espejo utilizando el teleprompter multifuncional SmallRig gracias a los accesorios de montaje incluidos. La abrazadera para tableta puede acomodar dispositivos de hasta 11&#8243; de ancho, mientras que la abrazadera posterior y la cubierta de silicona para lentes cuentan con aberturas para lentes con di\u00e1metros exteriores de 22 a 95 mm. Una superficie de apoyo al vidrio, una bandera superior ajustable y un marco de filtro de 4 x 5,65&#8243; garantizan su La escritura es visible desde una distancia de hasta 16&#8242;.<\/p>\n<p>El soporte de varilla LWS de 15 mm le permite integrar un sistema de varilla y ajustar el apuntador hacia adelante y hacia atr\u00e1s para una visibilidad \u00f3ptima. Utilice el control remoto incluido para desplazarse y reproducir\/pausar su secuencia de comandos en la aplicaci\u00f3n SmallGoGo para iOS y Android. La propia aplicaci\u00f3n extrae texto de archivos e im\u00e1genes PDF, TXT y Word.<\/p>\n<div class=\"title_OMS5rN7R1Z\">\n<div class=\"text_TAw0W35QK_ comfy_TAw0W35QK_ sizeTitle4_TAw0W35QK_ weightBold_TAw0W35QK_ primary_i3MsQsqoe0\" data-selenium=\"sellingPointsTitle\"><strong>Caracter\u00edsticas principales:<\/strong><\/div>\n<\/div>\n<ul class=\"list_OMS5rN7R1Z\">\n<li class=\"listItem_OMS5rN7R1Z\" data-selenium=\"sellingPointsListItem\">Admite tabletas de hasta 11&#8243; de ancho<\/li>\n<li class=\"listItem_OMS5rN7R1Z\" data-selenium=\"sellingPointsListItem\">Se adapta a lentes de hasta 95 mm.<\/li>\n<li class=\"listItem_OMS5rN7R1Z\" data-selenium=\"sellingPointsListItem\">Soporte de varilla LWS de 15 mm<\/li>\n<li class=\"listItem_OMS5rN7R1Z\" data-selenium=\"sellingPointsListItem\">Cubierta de lente de silicona, bandera superior ajustable<\/li>\n<li class=\"listItem_OMS5rN7R1Z\" data-selenium=\"sellingPointsListItem\">Rango de lectura de 16&#8242;, control remoto<\/li>\n<li class=\"listItem_OMS5rN7R1Z\" data-selenium=\"sellingPointsListItem\">Marco de filtro de 4 x 5,65&#8243;<\/li>\n<li class=\"listItem_OMS5rN7R1Z\" data-selenium=\"sellingPointsListItem\">Aplicaci\u00f3n SmallGoGo para iOS y Android<\/li>\n<\/ul>\n","protected":false},"excerpt":{"rendered":"<p>SmallRig Multifunctional Teleprompter for Tablets and Cameras<\/p>\n","protected":false},"featured_media":6230,"template":"","meta":{"om_disable_all_campaigns":false},"pwb-brand":[],"product_brand":[],"product_cat":[59,83],"product_tag":[499],"class_list":{"0":"post-6227","1":"product","2":"type-product","3":"status-publish","4":"has-post-thumbnail","6":"product_cat-camera-cage-and-kit","7":"product_cat-smallrig","8":"product_tag-499","10":"first","11":"onbackorder","12":"shipping-taxable","13":"product-type-simple"},"aioseo_notices":[],"jetpack_sharing_enabled":true,"brands":[],"_links":{"self":[{"href":"https:\/\/proservice.com.ar\/index.php\/wp-json\/wp\/v2\/product\/6227","targetHints":{"allow":["GET"]}}],"collection":[{"href":"https:\/\/proservice.com.ar\/index.php\/wp-json\/wp\/v2\/product"}],"about":[{"href":"https:\/\/proservice.com.ar\/index.php\/wp-json\/wp\/v2\/types\/product"}],"wp:featuredmedia":[{"embeddable":true,"href":"https:\/\/proservice.com.ar\/index.php\/wp-json\/wp\/v2\/media\/6230"}],"wp:attachment":[{"href":"https:\/\/proservice.com.ar\/index.php\/wp-json\/wp\/v2\/media?parent=6227"}],"wp:term":[{"taxonomy":"pwb-brand","embeddable":true,"href":"https:\/\/proservice.com.ar\/index.php\/wp-json\/wp\/v2\/pwb-brand?post=6227"},{"taxonomy":"product_brand","embeddable":true,"href":"https:\/\/proservice.com.ar\/index.php\/wp-json\/wp\/v2\/product_brand?post=6227"},{"taxonomy":"product_cat","embeddable":true,"href":"https:\/\/proservice.com.ar\/index.php\/wp-json\/wp\/v2\/product_cat?post=6227"},{"taxonomy":"product_tag","embeddable":true,"href":"https:\/\/proservice.com.ar\/index.php\/wp-json\/wp\/v2\/product_tag?post=6227"}],"curies":[{"name":"wp","href":"https:\/\/api.w.org\/{rel}","templated":true}]}}