{"id":6236,"date":"2024-04-18T15:58:14","date_gmt":"2024-04-18T18:58:14","guid":{"rendered":"https:\/\/proservice.com.ar\/?post_type=product&#038;p=6236"},"modified":"2025-06-17T11:34:28","modified_gmt":"2025-06-17T14:34:28","slug":"smallrig-shoulder-rig-kit-for-sony-fx6","status":"publish","type":"product","link":"https:\/\/proservice.com.ar\/index.php\/product\/smallrig-shoulder-rig-kit-for-sony-fx6\/","title":{"rendered":"SmallRig Shoulder Rig Kit for Sony FX6"},"content":{"rendered":"<div data-selenium=\"sellingPointsTitle\">Apoye, proteja y agregue accesorios a su c\u00e1mara Sony FX6 con el kit de plataforma para hombro de SmallRig . Este kit consta de una placa base de 15 mm con una hombrera, un soporte de lente universal, placas superior y lateral, un adaptador LCD, una placa de bater\u00eda con montura en V, un cable de alimentaci\u00f3n D-Tap, dos brazos de extensi\u00f3n y dos varillas de aluminio de 8&#8243;. Se pueden conectar m\u00faltiples accesorios usando el soporte de zapata fr\u00eda, roscas de 1\/4&#8243;-20 y 3\/8&#8243;-16, y antitorsi\u00f3n de 3\/8&#8243;-16.<\/div>\n<div data-selenium=\"sellingPointsTitle\"><\/div>\n<div class=\"title_OMS5rN7R1Z\">\n<div class=\"text_TAw0W35QK_ comfy_TAw0W35QK_ sizeTitle4_TAw0W35QK_ weightBold_TAw0W35QK_ primary_i3MsQsqoe0\" data-selenium=\"sellingPointsTitle\"><strong>Caracter\u00edsticas principales:<\/strong><\/div>\n<\/div>\n<ul class=\"list_OMS5rN7R1Z\">\n<li class=\"listItem_OMS5rN7R1Z\" data-selenium=\"sellingPointsListItem\">Equipo de montaje en hombro para Sony FX6<\/li>\n<li class=\"listItem_OMS5rN7R1Z\" data-selenium=\"sellingPointsListItem\">Placas superiores y laterales, montaje de varilla LCD<\/li>\n<li class=\"listItem_OMS5rN7R1Z\" data-selenium=\"sellingPointsListItem\">Placa base LWS de 15 mm con varillas de 8&#8243;<\/li>\n<li class=\"listItem_OMS5rN7R1Z\" data-selenium=\"sellingPointsListItem\">1 x empu\u00f1adura de madera, 2 x extensiones de empu\u00f1adura<\/li>\n<li class=\"listItem_OMS5rN7R1Z\" data-selenium=\"sellingPointsListItem\">Placa de bater\u00eda con montaje en V, cable D-Tap<\/li>\n<li class=\"listItem_OMS5rN7R1Z\" data-selenium=\"sellingPointsListItem\">Soporte universal para lentes<\/li>\n<li class=\"listItem_OMS5rN7R1Z\" data-selenium=\"sellingPointsListItem\">Hombrera, adaptador de roseta<\/li>\n<li class=\"listItem_OMS5rN7R1Z\" data-selenium=\"sellingPointsListItem\">Construcci\u00f3n de aluminio duradera<\/li>\n<\/ul>\n","protected":false},"excerpt":{"rendered":"<p>SmallRig Shoulder Rig Kit for Sony FX6<\/p>\n<div class=\"meta_RiltKdop13\">\n<div class=\"element_kcQ1qlyqn6\"><\/div>\n<\/div>\n","protected":false},"featured_media":6238,"template":"","meta":{"om_disable_all_campaigns":false},"pwb-brand":[],"product_brand":[],"product_cat":[59,83],"product_tag":[500],"class_list":{"0":"post-6236","1":"product","2":"type-product","3":"status-publish","4":"has-post-thumbnail","6":"product_cat-camera-cage-and-kit","7":"product_cat-smallrig","8":"product_tag-500","10":"first","11":"onbackorder","12":"shipping-taxable","13":"product-type-simple"},"aioseo_notices":[],"jetpack_sharing_enabled":true,"brands":[],"_links":{"self":[{"href":"https:\/\/proservice.com.ar\/index.php\/wp-json\/wp\/v2\/product\/6236","targetHints":{"allow":["GET"]}}],"collection":[{"href":"https:\/\/proservice.com.ar\/index.php\/wp-json\/wp\/v2\/product"}],"about":[{"href":"https:\/\/proservice.com.ar\/index.php\/wp-json\/wp\/v2\/types\/product"}],"wp:featuredmedia":[{"embeddable":true,"href":"https:\/\/proservice.com.ar\/index.php\/wp-json\/wp\/v2\/media\/6238"}],"wp:attachment":[{"href":"https:\/\/proservice.com.ar\/index.php\/wp-json\/wp\/v2\/media?parent=6236"}],"wp:term":[{"taxonomy":"pwb-brand","embeddable":true,"href":"https:\/\/proservice.com.ar\/index.php\/wp-json\/wp\/v2\/pwb-brand?post=6236"},{"taxonomy":"product_brand","embeddable":true,"href":"https:\/\/proservice.com.ar\/index.php\/wp-json\/wp\/v2\/product_brand?post=6236"},{"taxonomy":"product_cat","embeddable":true,"href":"https:\/\/proservice.com.ar\/index.php\/wp-json\/wp\/v2\/product_cat?post=6236"},{"taxonomy":"product_tag","embeddable":true,"href":"https:\/\/proservice.com.ar\/index.php\/wp-json\/wp\/v2\/product_tag?post=6236"}],"curies":[{"name":"wp","href":"https:\/\/api.w.org\/{rel}","templated":true}]}}