{"id":6243,"date":"2024-04-19T15:46:36","date_gmt":"2024-04-19T18:46:36","guid":{"rendered":"https:\/\/proservice.com.ar\/?post_type=product&#038;p=6243"},"modified":"2025-06-13T15:31:29","modified_gmt":"2025-06-13T18:31:29","slug":"smallrig-handheld-camera-cage-kit-for-sony-fx30-and-fx3","status":"publish","type":"product","link":"https:\/\/proservice.com.ar\/index.php\/product\/smallrig-handheld-camera-cage-kit-for-sony-fx30-and-fx3\/","title":{"rendered":"SmallRig Handheld Camera Cage Kit for Sony FX30 and FX3"},"content":{"rendered":"<div data-selenium=\"sellingPointsTitle\">\n<p>Este kit de cage para c\u00e1mara port\u00e1til de SmallRig equipa su Sony FX30 o FX3 con una jaula, dos rieles NATO de diferentes tama\u00f1os y herramientas para crear un equipo port\u00e1til c\u00f3modo que se adapte mejor a sus necesidades. Un componente de extensi\u00f3n XLR es compatible con el mango de audio Sony disponible por separado para incorporar diferentes fuentes de audio a su equipamiento. M\u00faltiples roscas de 1\/4&#8243;-20 y ARRI antigiro de 3\/8&#8243;-16 alrededor de la jaula pueden conectar brazos articulados o incluso fijar su c\u00e1mara en orientaci\u00f3n vertical, todo mientras se mantiene el acceso a los botones y puertos de la c\u00e1mara.<\/p>\n<p>Un soporte de zapata en la jaula puede aceptar un monitor externo o un micr\u00f3fono de ca\u00f1\u00f3n. Tambi\u00e9n puede insertar la correa de mano incluida en las ranuras dedicadas de la jaula para proporcionar otro agarre ergon\u00f3mico. Asegurar su c\u00e1mara es muy f\u00e1cil gracias a los tres tornillos de 1\/4&#8243;-20. Una placa tipo Arca incorporada puede deslizar la c\u00e1mara equipada con jaula sobre un tr\u00edpode o estabilizador compatible.<\/p>\n<\/div>\n<div class=\"title_OMS5rN7R1Z\">\n<div class=\"text_TAw0W35QK_ comfy_TAw0W35QK_ sizeTitle4_TAw0W35QK_ weightBold_TAw0W35QK_ primary_i3MsQsqoe0\" data-selenium=\"sellingPointsTitle\"><strong>Caracter\u00edsticas principales:\u00a0<\/strong><\/div>\n<\/div>\n<ul class=\"list_OMS5rN7R1Z\">\n<li class=\"listItem_OMS5rN7R1Z\" data-selenium=\"sellingPointsListItem\">Jaula parcial para Sony FX30 y FX3<\/li>\n<li class=\"listItem_OMS5rN7R1Z\" data-selenium=\"sellingPointsListItem\">Extensi\u00f3n XLR para mango de audio Sony<\/li>\n<li class=\"listItem_OMS5rN7R1Z\" data-selenium=\"sellingPointsListItem\">Abrazadera para cable HDMI, dos rieles NATO<\/li>\n<li class=\"listItem_OMS5rN7R1Z\" data-selenium=\"sellingPointsListItem\">Soporte para zapato, correa de mano<\/li>\n<li class=\"listItem_OMS5rN7R1Z\" data-selenium=\"sellingPointsListItem\">Mantiene el acceso a botones y puertos<\/li>\n<li class=\"listItem_OMS5rN7R1Z\" data-selenium=\"sellingPointsListItem\">M\u00faltiples roscas de 1\/4&#8243;-20 y ARRI 3\/8&#8243;-16<\/li>\n<li class=\"listItem_OMS5rN7R1Z\" data-selenium=\"sellingPointsListItem\">Tres tornillos para c\u00e1mara de 1\/4&#8243;-20<\/li>\n<\/ul>\n","protected":false},"excerpt":{"rendered":"<p>SmallRig Handheld Camera Cage Kit for Sony FX30 and FX3<\/p>\n","protected":false},"featured_media":6246,"template":"","meta":{"om_disable_all_campaigns":false},"pwb-brand":[],"product_brand":[],"product_cat":[59,83],"product_tag":[501],"class_list":{"0":"post-6243","1":"product","2":"type-product","3":"status-publish","4":"has-post-thumbnail","6":"product_cat-camera-cage-and-kit","7":"product_cat-smallrig","8":"product_tag-501","10":"first","11":"onbackorder","12":"shipping-taxable","13":"product-type-simple"},"aioseo_notices":[],"jetpack_sharing_enabled":true,"brands":[],"_links":{"self":[{"href":"https:\/\/proservice.com.ar\/index.php\/wp-json\/wp\/v2\/product\/6243","targetHints":{"allow":["GET"]}}],"collection":[{"href":"https:\/\/proservice.com.ar\/index.php\/wp-json\/wp\/v2\/product"}],"about":[{"href":"https:\/\/proservice.com.ar\/index.php\/wp-json\/wp\/v2\/types\/product"}],"wp:featuredmedia":[{"embeddable":true,"href":"https:\/\/proservice.com.ar\/index.php\/wp-json\/wp\/v2\/media\/6246"}],"wp:attachment":[{"href":"https:\/\/proservice.com.ar\/index.php\/wp-json\/wp\/v2\/media?parent=6243"}],"wp:term":[{"taxonomy":"pwb-brand","embeddable":true,"href":"https:\/\/proservice.com.ar\/index.php\/wp-json\/wp\/v2\/pwb-brand?post=6243"},{"taxonomy":"product_brand","embeddable":true,"href":"https:\/\/proservice.com.ar\/index.php\/wp-json\/wp\/v2\/product_brand?post=6243"},{"taxonomy":"product_cat","embeddable":true,"href":"https:\/\/proservice.com.ar\/index.php\/wp-json\/wp\/v2\/product_cat?post=6243"},{"taxonomy":"product_tag","embeddable":true,"href":"https:\/\/proservice.com.ar\/index.php\/wp-json\/wp\/v2\/product_tag?post=6243"}],"curies":[{"name":"wp","href":"https:\/\/api.w.org\/{rel}","templated":true}]}}