{"id":6247,"date":"2024-04-19T15:49:17","date_gmt":"2024-04-19T18:49:17","guid":{"rendered":"https:\/\/proservice.com.ar\/?post_type=product&#038;p=6247"},"modified":"2025-08-27T16:19:35","modified_gmt":"2025-08-27T19:19:35","slug":"smallrig-cage-kit-for-sony-fx6-v-mount","status":"publish","type":"product","link":"https:\/\/proservice.com.ar\/index.php\/product\/smallrig-cage-kit-for-sony-fx6-v-mount\/","title":{"rendered":"SmallRig Cage Kit for Sony FX6 (V-Mount)"},"content":{"rendered":"<div class=\"title_OMS5rN7R1Z\">\n<div data-selenium=\"sellingPointsTitle\">Proteja y agregue accesorios a su c\u00e1mara Sony FX6 con Camera Cage de SmallRig . Este cage modular compacta y liviana consta de una placa base, una placa lateral, una placa superior, una placa de bater\u00eda con montaje en V y un cable de alimentaci\u00f3n D-Tap. La placa base de liberaci\u00f3n r\u00e1pida se puede utilizar tanto en posici\u00f3n horizontal est\u00e1ndar como verticalmente para capturar redes sociales. Se pueden conectar m\u00faltiples accesorios utilizando el soporte de zapata fr\u00eda o roscas de 1\/4&#8243;-20, 3\/8&#8243;-16 y antitorsi\u00f3n de 3\/8&#8243;-16.<\/div>\n<div data-selenium=\"sellingPointsTitle\"><\/div>\n<div class=\"text_TAw0W35QK_ comfy_TAw0W35QK_ sizeTitle4_TAw0W35QK_ weightBold_TAw0W35QK_ primary_i3MsQsqoe0\" data-selenium=\"sellingPointsTitle\"><strong>Caracter\u00edsticas principales:\u00a0<\/strong><\/div>\n<\/div>\n<ul class=\"list_OMS5rN7R1Z\">\n<li class=\"listItem_OMS5rN7R1Z\" data-selenium=\"sellingPointsListItem\">Placas superiores y laterales de la c\u00e1mara<\/li>\n<li class=\"listItem_OMS5rN7R1Z\" data-selenium=\"sellingPointsListItem\">Placa base de liberaci\u00f3n r\u00e1pida<\/li>\n<li class=\"listItem_OMS5rN7R1Z\" data-selenium=\"sellingPointsListItem\">Placa de montaje en V con cable de alimentaci\u00f3n D-Tap<\/li>\n<li class=\"listItem_OMS5rN7R1Z\" data-selenium=\"sellingPointsListItem\">Montaje horizontal y vertical<\/li>\n<li class=\"listItem_OMS5rN7R1Z\" data-selenium=\"sellingPointsListItem\">Roscas para accesorios de 1\/4&#8243;-20 y 3\/8&#8243;-16<\/li>\n<li class=\"listItem_OMS5rN7R1Z\" data-selenium=\"sellingPointsListItem\">Roscas antitorsi\u00f3n de 3\/8&#8243;-16<\/li>\n<li class=\"listItem_OMS5rN7R1Z\" data-selenium=\"sellingPointsListItem\">1 soporte para zapata fr\u00eda.<\/li>\n<li class=\"listItem_OMS5rN7R1Z\" data-selenium=\"sellingPointsListItem\">Construcci\u00f3n de aluminio duradera<\/li>\n<\/ul>\n","protected":false},"excerpt":{"rendered":"<p>SmallRig Cage Kit for Sony FX6 (V-Mount)<\/p>\n","protected":false},"featured_media":6249,"template":"","meta":{"om_disable_all_campaigns":false},"pwb-brand":[],"product_brand":[],"product_cat":[59,83],"product_tag":[502],"class_list":{"0":"post-6247","1":"product","2":"type-product","3":"status-publish","4":"has-post-thumbnail","6":"product_cat-camera-cage-and-kit","7":"product_cat-smallrig","8":"product_tag-502","10":"first","11":"onbackorder","12":"shipping-taxable","13":"product-type-simple"},"aioseo_notices":[],"jetpack_sharing_enabled":true,"brands":[],"_links":{"self":[{"href":"https:\/\/proservice.com.ar\/index.php\/wp-json\/wp\/v2\/product\/6247","targetHints":{"allow":["GET"]}}],"collection":[{"href":"https:\/\/proservice.com.ar\/index.php\/wp-json\/wp\/v2\/product"}],"about":[{"href":"https:\/\/proservice.com.ar\/index.php\/wp-json\/wp\/v2\/types\/product"}],"wp:featuredmedia":[{"embeddable":true,"href":"https:\/\/proservice.com.ar\/index.php\/wp-json\/wp\/v2\/media\/6249"}],"wp:attachment":[{"href":"https:\/\/proservice.com.ar\/index.php\/wp-json\/wp\/v2\/media?parent=6247"}],"wp:term":[{"taxonomy":"pwb-brand","embeddable":true,"href":"https:\/\/proservice.com.ar\/index.php\/wp-json\/wp\/v2\/pwb-brand?post=6247"},{"taxonomy":"product_brand","embeddable":true,"href":"https:\/\/proservice.com.ar\/index.php\/wp-json\/wp\/v2\/product_brand?post=6247"},{"taxonomy":"product_cat","embeddable":true,"href":"https:\/\/proservice.com.ar\/index.php\/wp-json\/wp\/v2\/product_cat?post=6247"},{"taxonomy":"product_tag","embeddable":true,"href":"https:\/\/proservice.com.ar\/index.php\/wp-json\/wp\/v2\/product_tag?post=6247"}],"curies":[{"name":"wp","href":"https:\/\/api.w.org\/{rel}","templated":true}]}}