{"id":6250,"date":"2024-04-22T09:06:53","date_gmt":"2024-04-22T12:06:53","guid":{"rendered":"https:\/\/proservice.com.ar\/?post_type=product&#038;p=6250"},"modified":"2025-09-11T13:11:16","modified_gmt":"2025-09-11T16:11:16","slug":"blackmagic-design-intensity-pro-4k","status":"publish","type":"product","link":"https:\/\/proservice.com.ar\/index.php\/product\/blackmagic-design-intensity-pro-4k\/","title":{"rendered":"Blackmagic Design Intensity Pro 4K"},"content":{"rendered":"<div class=\"title_OMS5rN7R1Z\">\n<div data-selenium=\"sellingPointsTitle\">\n<p>Capture y reproduzca en resoluci\u00f3n hasta Ultra HD con la tarjeta de E\/S Intensity Pro 4K de Blackmagic . Intensity Pro 4K ofrece las mismas caracter\u00edsticas del Intensity Pro original pero adem\u00e1s admite Ultra HD 2160p a 30 fps y Full HD 1080p a 60 fps.<\/p>\n<p>Ingiere fuentes HDMI, YUV, S-Video y NTSC\/PAL en tu computadora Mac, PC o Linux y gu\u00e1rdalas en formatos comprimidos o sin comprimir con el software Media Express incluido, evitando cualquier nivel innecesario de compresi\u00f3n. Obtenga vistas previas en tiempo real en pantallas de alta resoluci\u00f3n para una gradaci\u00f3n de color y una revisi\u00f3n del cliente m\u00e1s precisas. Cree recorridos de alta velocidad de fotogramas de su juego en v\u00eddeo YUV de calidad total de 10 bits y colores profundos. Conecte sus c\u00e1maras para videoconferencias, presentaciones y transmisi\u00f3n en vivo de eventos en vivo, webcasts, seminarios, presentaciones, conciertos y m\u00e1s. Se incluye un cable multiconector que proporciona entradas y salidas de audio y video RCA, as\u00ed como salida de audio SPDIF, lo que le permite trabajar con equipos desde plataformas VHS antiguas hasta pantallas HDTV HDMI.<\/p>\n<\/div>\n<div data-selenium=\"sellingPointsTitle\"><\/div>\n<div class=\"text_TAw0W35QK_ comfy_TAw0W35QK_ sizeTitle4_TAw0W35QK_ weightBold_TAw0W35QK_ primary_i3MsQsqoe0\" data-selenium=\"sellingPointsTitle\"><strong>Caracter\u00edsticas Principales:\u00a0<\/strong><\/div>\n<\/div>\n<ul class=\"list_OMS5rN7R1Z\">\n<li class=\"listItem_OMS5rN7R1Z\" data-selenium=\"sellingPointsListItem\"><span>Captura y reproducci\u00f3n en Ultra HD a 30 fps<\/span><\/li>\n<li class=\"listItem_OMS5rN7R1Z\" data-selenium=\"sellingPointsListItem\"><span>Capture 1080p a 60 fps<\/span><\/li>\n<li class=\"listItem_OMS5rN7R1Z\" data-selenium=\"sellingPointsListItem\"><span>Tarjeta PCIe de 4 carriles para ranuras de 4, 8 y 16 carriles<\/span><\/li>\n<li class=\"listItem_OMS5rN7R1Z\" data-selenium=\"sellingPointsListItem\"><span>Est\u00e1ndar HDMI 1.4b<\/span><\/li>\n<li class=\"listItem_OMS5rN7R1Z\" data-selenium=\"sellingPointsListItem\"><span>Ingesta HDMI, YUV, S-Video y NTSC\/PAL<\/span><\/li>\n<li class=\"listItem_OMS5rN7R1Z\" data-selenium=\"sellingPointsListItem\"><span>Guardar video comprimido o sin comprimir<\/span><\/li>\n<li class=\"listItem_OMS5rN7R1Z\" data-selenium=\"sellingPointsListItem\"><span>Capture directamente a NLE populares<\/span><\/li>\n<li class=\"listItem_OMS5rN7R1Z\" data-selenium=\"sellingPointsListItem\"><span>Salida a televisores HD de alta resoluci\u00f3n<\/span><\/li>\n<li class=\"listItem_OMS5rN7R1Z\" data-selenium=\"sellingPointsListItem\"><span>Conecte c\u00e1maras para transmisi\u00f3n en vivo<\/span><\/li>\n<li class=\"listItem_OMS5rN7R1Z\" data-selenium=\"sellingPointsListItem\"><span>Crea tutoriales de juego a 60 fps<\/span><\/li>\n<\/ul>\n","protected":false},"excerpt":{"rendered":"<p>Blackmagic Design Intensity Pro 4K<\/p>\n","protected":false},"featured_media":6251,"template":"","meta":{"om_disable_all_campaigns":false},"pwb-brand":[],"product_brand":[],"product_cat":[71,56],"product_tag":[671],"class_list":{"0":"post-6250","1":"product","2":"type-product","3":"status-publish","4":"has-post-thumbnail","6":"product_cat-blackmagic-design","7":"product_cat-capture-device","8":"product_tag-bintspro4k","10":"first","11":"outofstock","12":"sale","13":"shipping-taxable","14":"purchasable","15":"product-type-simple"},"aioseo_notices":[],"jetpack_sharing_enabled":true,"brands":[],"_links":{"self":[{"href":"https:\/\/proservice.com.ar\/index.php\/wp-json\/wp\/v2\/product\/6250","targetHints":{"allow":["GET"]}}],"collection":[{"href":"https:\/\/proservice.com.ar\/index.php\/wp-json\/wp\/v2\/product"}],"about":[{"href":"https:\/\/proservice.com.ar\/index.php\/wp-json\/wp\/v2\/types\/product"}],"wp:featuredmedia":[{"embeddable":true,"href":"https:\/\/proservice.com.ar\/index.php\/wp-json\/wp\/v2\/media\/6251"}],"wp:attachment":[{"href":"https:\/\/proservice.com.ar\/index.php\/wp-json\/wp\/v2\/media?parent=6250"}],"wp:term":[{"taxonomy":"pwb-brand","embeddable":true,"href":"https:\/\/proservice.com.ar\/index.php\/wp-json\/wp\/v2\/pwb-brand?post=6250"},{"taxonomy":"product_brand","embeddable":true,"href":"https:\/\/proservice.com.ar\/index.php\/wp-json\/wp\/v2\/product_brand?post=6250"},{"taxonomy":"product_cat","embeddable":true,"href":"https:\/\/proservice.com.ar\/index.php\/wp-json\/wp\/v2\/product_cat?post=6250"},{"taxonomy":"product_tag","embeddable":true,"href":"https:\/\/proservice.com.ar\/index.php\/wp-json\/wp\/v2\/product_tag?post=6250"}],"curies":[{"name":"wp","href":"https:\/\/api.w.org\/{rel}","templated":true}]}}