{"id":6253,"date":"2024-04-22T10:07:17","date_gmt":"2024-04-22T13:07:17","guid":{"rendered":"https:\/\/proservice.com.ar\/?post_type=product&#038;p=6253"},"modified":"2026-04-01T11:30:59","modified_gmt":"2026-04-01T14:30:59","slug":"blackmagic-design-atem-micro-live-stream-switcher-panel","status":"publish","type":"product","link":"https:\/\/proservice.com.ar\/index.php\/product\/blackmagic-design-atem-micro-live-stream-switcher-panel\/","title":{"rendered":"Blackmagic Design ATEM Micro Live Stream Switcher Panel"},"content":{"rendered":"<div class=\"title_OMS5rN7R1Z\">\n<div data-selenium=\"sellingPointsTitle\">\n<p>Tome la interfaz de control del software ATEM y convi\u00e9rtala en un Switcher f\u00edsico con el panel de conmutaci\u00f3n ATEM Micro Live Stream de Blackmagic Design . El panel est\u00e1 dise\u00f1ado para emular el dise\u00f1o exacto del software con dos filas de diez botones de entrada tanto para vista previa como para programa, controles de transici\u00f3n, una tecla macro y un atenuador integrado. Esto le permite facilitar el control tanto manual como autom\u00e1tico de su transmisi\u00f3n.<\/p>\n<p>Los botones retroiluminados de alta calidad y un atenuador de transici\u00f3n manual de bajo perfil emulan el dise\u00f1o de los paneles avanzados ATEM m\u00e1s grandes. El Micro Panel cuenta con un puerto USB-C para conectarse a su computadora personal con ATEM Software Control. Incluso puedes conectarte de forma inal\u00e1mbrica utilizando la se\u00f1al interna Bluetooth 5.1 LE. Una bater\u00eda interna grande mantiene el panel en funcionamiento durante largos d\u00edas de producci\u00f3n y se puede encender y apagar con un interruptor integrado.<\/p>\n<\/div>\n<div data-selenium=\"sellingPointsTitle\"><\/div>\n<div class=\"text_TAw0W35QK_ comfy_TAw0W35QK_ sizeTitle4_TAw0W35QK_ weightBold_TAw0W35QK_ primary_i3MsQsqoe0\" data-selenium=\"sellingPointsTitle\"><strong>Caracter\u00edsticas principales:\u00a0<\/strong><\/div>\n<\/div>\n<ul class=\"list_OMS5rN7R1Z\">\n<li class=\"listItem_OMS5rN7R1Z\" data-selenium=\"sellingPointsListItem\"><span>Para conmutadores ATEM Constellation<\/span><\/li>\n<li class=\"listItem_OMS5rN7R1Z\" data-selenium=\"sellingPointsListItem\"><span>Funciona con el software de control ATEM<\/span><\/li>\n<li class=\"listItem_OMS5rN7R1Z\" data-selenium=\"sellingPointsListItem\"><span>Se conecta mediante Bluetooth, USB<\/span><\/li>\n<li class=\"listItem_OMS5rN7R1Z\" data-selenium=\"sellingPointsListItem\"><span>2 x 10 botones de entrada para programa\/vista previa<\/span><\/li>\n<li class=\"listItem_OMS5rN7R1Z\" data-selenium=\"sellingPointsListItem\"><span>Control de transici\u00f3n, atenuador<\/span><\/li>\n<li class=\"listItem_OMS5rN7R1Z\" data-selenium=\"sellingPointsListItem\"><span>Tecla Macro<\/span><\/li>\n<\/ul>\n","protected":false},"excerpt":{"rendered":"<p>Blackmagic Design ATEM Micro Live Stream Switcher Panel<\/p>\n","protected":false},"featured_media":6255,"template":"","meta":{"om_disable_all_campaigns":false},"pwb-brand":[],"product_brand":[],"product_cat":[71,61],"product_tag":[504],"class_list":{"0":"post-6253","1":"product","2":"type-product","3":"status-publish","4":"has-post-thumbnail","6":"product_cat-blackmagic-design","7":"product_cat-keyboard-and-control-panel","8":"product_tag-swpanelaa1me10","10":"first","11":"instock","12":"shipping-taxable","13":"purchasable","14":"product-type-simple"},"aioseo_notices":[],"jetpack_sharing_enabled":true,"brands":[],"_links":{"self":[{"href":"https:\/\/proservice.com.ar\/index.php\/wp-json\/wp\/v2\/product\/6253","targetHints":{"allow":["GET"]}}],"collection":[{"href":"https:\/\/proservice.com.ar\/index.php\/wp-json\/wp\/v2\/product"}],"about":[{"href":"https:\/\/proservice.com.ar\/index.php\/wp-json\/wp\/v2\/types\/product"}],"wp:featuredmedia":[{"embeddable":true,"href":"https:\/\/proservice.com.ar\/index.php\/wp-json\/wp\/v2\/media\/6255"}],"wp:attachment":[{"href":"https:\/\/proservice.com.ar\/index.php\/wp-json\/wp\/v2\/media?parent=6253"}],"wp:term":[{"taxonomy":"pwb-brand","embeddable":true,"href":"https:\/\/proservice.com.ar\/index.php\/wp-json\/wp\/v2\/pwb-brand?post=6253"},{"taxonomy":"product_brand","embeddable":true,"href":"https:\/\/proservice.com.ar\/index.php\/wp-json\/wp\/v2\/product_brand?post=6253"},{"taxonomy":"product_cat","embeddable":true,"href":"https:\/\/proservice.com.ar\/index.php\/wp-json\/wp\/v2\/product_cat?post=6253"},{"taxonomy":"product_tag","embeddable":true,"href":"https:\/\/proservice.com.ar\/index.php\/wp-json\/wp\/v2\/product_tag?post=6253"}],"curies":[{"name":"wp","href":"https:\/\/api.w.org\/{rel}","templated":true}]}}