{"id":6256,"date":"2024-04-22T10:10:20","date_gmt":"2024-04-22T13:10:20","guid":{"rendered":"https:\/\/proservice.com.ar\/?post_type=product&#038;p=6256"},"modified":"2025-06-18T13:33:32","modified_gmt":"2025-06-18T16:33:32","slug":"blackmagic-design-pyxis-6k-cinema-box-camera-canon-ef","status":"publish","type":"product","link":"https:\/\/proservice.com.ar\/index.php\/product\/blackmagic-design-pyxis-6k-cinema-box-camera-canon-ef\/","title":{"rendered":"Blackmagic Design PYXIS 6K Cinema Box Camera (Canon EF)"},"content":{"rendered":"<div class=\"title_OMS5rN7R1Z\">\n<div data-selenium=\"sellingPointsTitle\">La c\u00e1mara tipo box de cine Blackmagic Design PYXIS 6K toma las innovaciones cinematogr\u00e1ficas digitales de la Blackmagic Design Cinema Camera 6K y la convierte en una c\u00e1mara de cine estilo box con una montura de lente Canon EF bloqueable y placas laterales personalizables. Un sensor 6K de fotograma completo captura colores intensos, tonos de piel precisos y un amplio rango din\u00e1mico de 13 pasos con su sensor ampliado de 36 x 24 mm. Graba archivos proxy Blackmagic RAW y H.265 en la nube o incluso transmite directamente a tu plataforma de redes sociales de tu elecci\u00f3n a trav\u00e9s de Ethernet o tecnolog\u00eda m\u00f3vil 4G\/5G. La PYXS puede filmar v\u00eddeo Open Gate 3:2 de hasta 6K a 36 fps o v\u00eddeo anam\u00f3rfico 6K 6:5 a 60 fps, entre otras resoluciones seleccionables.<\/div>\n<div data-selenium=\"sellingPointsTitle\"><\/div>\n<div class=\"text_TAw0W35QK_ comfy_TAw0W35QK_ sizeTitle4_TAw0W35QK_ weightBold_TAw0W35QK_ primary_i3MsQsqoe0\" data-selenium=\"sellingPointsTitle\"><strong>Caracter\u00edsticas Principales:\u00a0<\/strong><\/div>\n<\/div>\n<ul class=\"list_OMS5rN7R1Z\">\n<li class=\"listItem_OMS5rN7R1Z\" data-selenium=\"sellingPointsListItem\"><span>Sensor 6K de fotograma completo<\/span><\/li>\n<li class=\"listItem_OMS5rN7R1Z\" data-selenium=\"sellingPointsListItem\"><span>Hasta 6K36 fps Open Gate \/ 6K Anam\u00f3rfico<\/span><\/li>\n<li class=\"listItem_OMS5rN7R1Z\" data-selenium=\"sellingPointsListItem\"><span>Rango din\u00e1mico de 13 pasos, ISO nativo dual<\/span><\/li>\n<li class=\"listItem_OMS5rN7R1Z\" data-selenium=\"sellingPointsListItem\"><span>Montura de lente Canon EF<\/span><\/li>\n<li class=\"listItem_OMS5rN7R1Z\" data-selenium=\"sellingPointsListItem\"><span>Pantalla t\u00e1ctil LCD HDR de 4&#8243;<\/span><\/li>\n<li class=\"listItem_OMS5rN7R1Z\" data-selenium=\"sellingPointsListItem\"><span>Graba proxy Blackmagic RAW y H.264<\/span><\/li>\n<li class=\"listItem_OMS5rN7R1Z\" data-selenium=\"sellingPointsListItem\"><span>Transmisi\u00f3n integrada a trav\u00e9s de Ethernet o 4G\/5G<\/span><\/li>\n<li class=\"listItem_OMS5rN7R1Z\" data-selenium=\"sellingPointsListItem\"><span>Placas laterales conmutables, roscas de montaje<\/span><\/li>\n<li class=\"listItem_OMS5rN7R1Z\" data-selenium=\"sellingPointsListItem\"><span>Dos ranuras para tarjetas CFexpress, puerto USB-C<\/span><\/li>\n<li class=\"listItem_OMS5rN7R1Z\" data-selenium=\"sellingPointsListItem\"><span>Puertos Ethernet y 12G-SDI<\/span><\/li>\n<\/ul>\n","protected":false},"excerpt":{"rendered":"<p>Blackmagic Design PYXIS 6K Cinema Box Camera (Canon EF)<\/p>\n","protected":false},"featured_media":6259,"template":"","meta":{"om_disable_all_campaigns":false},"pwb-brand":[],"product_brand":[],"product_cat":[71,15],"product_tag":[],"class_list":{"0":"post-6256","1":"product","2":"type-product","3":"status-publish","4":"has-post-thumbnail","6":"product_cat-blackmagic-design","7":"product_cat-camera","9":"first","10":"onbackorder","11":"shipping-taxable","12":"product-type-simple"},"aioseo_notices":[],"jetpack_sharing_enabled":true,"brands":[],"_links":{"self":[{"href":"https:\/\/proservice.com.ar\/index.php\/wp-json\/wp\/v2\/product\/6256","targetHints":{"allow":["GET"]}}],"collection":[{"href":"https:\/\/proservice.com.ar\/index.php\/wp-json\/wp\/v2\/product"}],"about":[{"href":"https:\/\/proservice.com.ar\/index.php\/wp-json\/wp\/v2\/types\/product"}],"wp:featuredmedia":[{"embeddable":true,"href":"https:\/\/proservice.com.ar\/index.php\/wp-json\/wp\/v2\/media\/6259"}],"wp:attachment":[{"href":"https:\/\/proservice.com.ar\/index.php\/wp-json\/wp\/v2\/media?parent=6256"}],"wp:term":[{"taxonomy":"pwb-brand","embeddable":true,"href":"https:\/\/proservice.com.ar\/index.php\/wp-json\/wp\/v2\/pwb-brand?post=6256"},{"taxonomy":"product_brand","embeddable":true,"href":"https:\/\/proservice.com.ar\/index.php\/wp-json\/wp\/v2\/product_brand?post=6256"},{"taxonomy":"product_cat","embeddable":true,"href":"https:\/\/proservice.com.ar\/index.php\/wp-json\/wp\/v2\/product_cat?post=6256"},{"taxonomy":"product_tag","embeddable":true,"href":"https:\/\/proservice.com.ar\/index.php\/wp-json\/wp\/v2\/product_tag?post=6256"}],"curies":[{"name":"wp","href":"https:\/\/api.w.org\/{rel}","templated":true}]}}