{"id":6267,"date":"2024-04-22T10:21:29","date_gmt":"2024-04-22T13:21:29","guid":{"rendered":"https:\/\/proservice.com.ar\/?post_type=product&#038;p=6267"},"modified":"2026-04-01T11:29:47","modified_gmt":"2026-04-01T14:29:47","slug":"blackmagic-design-davinci-resolve-replay-editor","status":"publish","type":"product","link":"https:\/\/proservice.com.ar\/index.php\/product\/blackmagic-design-davinci-resolve-replay-editor\/","title":{"rendered":"Blackmagic Design DaVinci Resolve Replay Editor"},"content":{"rendered":"<div class=\"title_OMS5rN7R1Z\">\n<div data-selenium=\"sellingPointsTitle\">\n<div>\n<div class=\"feature_UbV5SNP5Eo\">\n<div class=\"js-injected-html text_UbV5SNP5Eo\">\n<p>El Blackmagic Design DaVinci Resolve Replay Editor combina funciones para reproducci\u00f3n y edici\u00f3n multic\u00e1mara en un \u00fanico panel de control de hardware para deportes en vivo y aplicaciones de edici\u00f3n de noticias. M\u00faltiples teclas alternan entre entradas, configuran puntos de inter\u00e9s y habilitan un aguij\u00f3n autom\u00e1tico, entre otras funciones. El panel se conecta a su red preexistente a trav\u00e9s de la tecnolog\u00eda Bluetooth 5.1 LE. Una bater\u00eda interna grande mantiene el panel en funcionamiento durante largos d\u00edas de producci\u00f3n y se puede encender y apagar con un interruptor integrado. Cargue la bater\u00eda o utilice una fuente de alimentaci\u00f3n disponible por separado a trav\u00e9s del puerto USB-C.<\/p>\n<\/div>\n<\/div>\n<\/div>\n<div>\n<div class=\"feature_UbV5SNP5Eo\">\n<div class=\"featureHeader_UbV5SNP5Eo\">\n<div><\/div>\n<\/div>\n<\/div>\n<\/div>\n<\/div>\n<div class=\"text_TAw0W35QK_ comfy_TAw0W35QK_ sizeTitle4_TAw0W35QK_ weightBold_TAw0W35QK_ primary_i3MsQsqoe0\" data-selenium=\"sellingPointsTitle\"><strong>Caracter\u00edsticas Principales:\u00a0<\/strong><\/div>\n<\/div>\n<ul class=\"list_OMS5rN7R1Z\">\n<li class=\"listItem_OMS5rN7R1Z\" data-selenium=\"sellingPointsListItem\">Cambiar de vista de entrada a medios de reproducci\u00f3n<\/li>\n<li class=\"listItem_OMS5rN7R1Z\" data-selenium=\"sellingPointsListItem\">Revisar otros \u00e1ngulos de c\u00e1mara<\/li>\n<li class=\"listItem_OMS5rN7R1Z\" data-selenium=\"sellingPointsListItem\">Bot\u00f3n de punto de inter\u00e9s<\/li>\n<li class=\"listItem_OMS5rN7R1Z\" data-selenium=\"sellingPointsListItem\">Subir a las redes sociales<\/li>\n<\/ul>\n","protected":false},"excerpt":{"rendered":"<p>Blackmagic Design DaVinci Resolve Replay Editor<\/p>\n","protected":false},"featured_media":6270,"template":"","meta":{"om_disable_all_campaigns":false},"pwb-brand":[],"product_brand":[],"product_cat":[71,61],"product_tag":[506],"class_list":{"0":"post-6267","1":"product","2":"type-product","3":"status-publish","4":"has-post-thumbnail","6":"product_cat-blackmagic-design","7":"product_cat-keyboard-and-control-panel","8":"product_tag-dv-res-bbpnlmlekar","10":"first","11":"instock","12":"shipping-taxable","13":"purchasable","14":"product-type-simple"},"aioseo_notices":[],"jetpack_sharing_enabled":true,"brands":[],"_links":{"self":[{"href":"https:\/\/proservice.com.ar\/index.php\/wp-json\/wp\/v2\/product\/6267","targetHints":{"allow":["GET"]}}],"collection":[{"href":"https:\/\/proservice.com.ar\/index.php\/wp-json\/wp\/v2\/product"}],"about":[{"href":"https:\/\/proservice.com.ar\/index.php\/wp-json\/wp\/v2\/types\/product"}],"wp:featuredmedia":[{"embeddable":true,"href":"https:\/\/proservice.com.ar\/index.php\/wp-json\/wp\/v2\/media\/6270"}],"wp:attachment":[{"href":"https:\/\/proservice.com.ar\/index.php\/wp-json\/wp\/v2\/media?parent=6267"}],"wp:term":[{"taxonomy":"pwb-brand","embeddable":true,"href":"https:\/\/proservice.com.ar\/index.php\/wp-json\/wp\/v2\/pwb-brand?post=6267"},{"taxonomy":"product_brand","embeddable":true,"href":"https:\/\/proservice.com.ar\/index.php\/wp-json\/wp\/v2\/product_brand?post=6267"},{"taxonomy":"product_cat","embeddable":true,"href":"https:\/\/proservice.com.ar\/index.php\/wp-json\/wp\/v2\/product_cat?post=6267"},{"taxonomy":"product_tag","embeddable":true,"href":"https:\/\/proservice.com.ar\/index.php\/wp-json\/wp\/v2\/product_tag?post=6267"}],"curies":[{"name":"wp","href":"https:\/\/api.w.org\/{rel}","templated":true}]}}