{"id":6288,"date":"2024-04-22T10:45:09","date_gmt":"2024-04-22T13:45:09","guid":{"rendered":"https:\/\/proservice.com.ar\/?post_type=product&#038;p=6288"},"modified":"2025-06-10T10:07:39","modified_gmt":"2025-06-10T13:07:39","slug":"tilta-full-camera-cage-for-sony-fx3-fx30-black","status":"publish","type":"product","link":"https:\/\/proservice.com.ar\/index.php\/product\/tilta-full-camera-cage-for-sony-fx3-fx30-black\/","title":{"rendered":"Tilta Full Camera Cage for Sony FX3 &amp; FX30 (Black)"},"content":{"rendered":"<div class=\"title_OMS5rN7R1Z\">\n<div data-selenium=\"sellingPointsTitle\">\n<p>El cage para c\u00e1mara modular y liviana para Sony FX3 y FX30\u00a0de\u00a0Tilta ofrece la opci\u00f3n de protecci\u00f3n de cage completa o una forma de media jaula m\u00e1s liviana adecuada para uso con card\u00e1n. Este cage de aluminio negro mantiene el acceso a los controles de la c\u00e1mara y cuenta con una placa superior extra\u00edble que permite el uso del mango superior XLR original u otro mango. Utilice este cage para montar una variedad de accesorios usando el riel NATO de la placa superior, los soportes de zapata fr\u00eda y las roscas de 1\/4&#8243;-20 con pasadores de ubicaci\u00f3n.<\/p>\n<p>El cage Sony FX3\/FX30 tambi\u00e9n cuenta con una placa de liberaci\u00f3n r\u00e1pida para usar con cabezales de tr\u00edpode estilo Arca y soportes de card\u00e1n. Se puede utilizar tanto en orientaci\u00f3n horizontal como vertical e incluye una mu\u00f1equera derecha y un destornillador.<\/p>\n<\/div>\n<div class=\"text_TAw0W35QK_ comfy_TAw0W35QK_ sizeTitle4_TAw0W35QK_ weightBold_TAw0W35QK_ primary_i3MsQsqoe0\" data-selenium=\"sellingPointsTitle\"><strong>Caracter\u00edsticas Principales:\u00a0<\/strong><\/div>\n<\/div>\n<ul class=\"list_OMS5rN7R1Z\">\n<li class=\"listItem_OMS5rN7R1Z\" data-selenium=\"sellingPointsListItem\">Cageajustada para Sony FX3 y FX30<\/li>\n<li class=\"listItem_OMS5rN7R1Z\" data-selenium=\"sellingPointsListItem\">Base\/placa superior estilo Arca con riel NATO<\/li>\n<li class=\"listItem_OMS5rN7R1Z\" data-selenium=\"sellingPointsListItem\">Compatible con mango XLR FX3 original.<\/li>\n<li class=\"listItem_OMS5rN7R1Z\" data-selenium=\"sellingPointsListItem\">Funciona como jaula completa o media<\/li>\n<li class=\"listItem_OMS5rN7R1Z\" data-selenium=\"sellingPointsListItem\">Placa de liberaci\u00f3n r\u00e1pida y correa para la mu\u00f1eca derecha<\/li>\n<li class=\"listItem_OMS5rN7R1Z\" data-selenium=\"sellingPointsListItem\">Roscas de 1\/4&#8243;-20 con pasadores de localizaci\u00f3n<\/li>\n<li class=\"listItem_OMS5rN7R1Z\" data-selenium=\"sellingPointsListItem\">Soportes de zapata fr\u00eda<\/li>\n<li class=\"listItem_OMS5rN7R1Z\" data-selenium=\"sellingPointsListItem\">Para uso horizontal y vertical<\/li>\n<li class=\"listItem_OMS5rN7R1Z\" data-selenium=\"sellingPointsListItem\">Destornillador incluido<\/li>\n<li class=\"listItem_OMS5rN7R1Z\" data-selenium=\"sellingPointsListItem\">Construcci\u00f3n de aluminio duradera<\/li>\n<\/ul>\n","protected":false},"excerpt":{"rendered":"<p>Tilta Full Camera Cage for Sony FX3 &amp; FX30 (Black)<\/p>\n","protected":false},"featured_media":6290,"template":"","meta":{"om_disable_all_campaigns":false},"pwb-brand":[],"product_brand":[],"product_cat":[59,84],"product_tag":[511],"class_list":{"0":"post-6288","1":"product","2":"type-product","3":"status-publish","4":"has-post-thumbnail","6":"product_cat-camera-cage-and-kit","7":"product_cat-tilta","8":"product_tag-ta-t13-fcc","10":"first","11":"onbackorder","12":"shipping-taxable","13":"product-type-simple"},"aioseo_notices":[],"jetpack_sharing_enabled":true,"brands":[],"_links":{"self":[{"href":"https:\/\/proservice.com.ar\/index.php\/wp-json\/wp\/v2\/product\/6288","targetHints":{"allow":["GET"]}}],"collection":[{"href":"https:\/\/proservice.com.ar\/index.php\/wp-json\/wp\/v2\/product"}],"about":[{"href":"https:\/\/proservice.com.ar\/index.php\/wp-json\/wp\/v2\/types\/product"}],"wp:featuredmedia":[{"embeddable":true,"href":"https:\/\/proservice.com.ar\/index.php\/wp-json\/wp\/v2\/media\/6290"}],"wp:attachment":[{"href":"https:\/\/proservice.com.ar\/index.php\/wp-json\/wp\/v2\/media?parent=6288"}],"wp:term":[{"taxonomy":"pwb-brand","embeddable":true,"href":"https:\/\/proservice.com.ar\/index.php\/wp-json\/wp\/v2\/pwb-brand?post=6288"},{"taxonomy":"product_brand","embeddable":true,"href":"https:\/\/proservice.com.ar\/index.php\/wp-json\/wp\/v2\/product_brand?post=6288"},{"taxonomy":"product_cat","embeddable":true,"href":"https:\/\/proservice.com.ar\/index.php\/wp-json\/wp\/v2\/product_cat?post=6288"},{"taxonomy":"product_tag","embeddable":true,"href":"https:\/\/proservice.com.ar\/index.php\/wp-json\/wp\/v2\/product_tag?post=6288"}],"curies":[{"name":"wp","href":"https:\/\/api.w.org\/{rel}","templated":true}]}}