{"id":6292,"date":"2024-04-22T10:48:08","date_gmt":"2024-04-22T13:48:08","guid":{"rendered":"https:\/\/proservice.com.ar\/?post_type=product&#038;p=6292"},"modified":"2026-04-01T11:29:23","modified_gmt":"2026-04-01T14:29:23","slug":"tilta-nucleus-nano-ii-fiz-wireless-lens-control-system","status":"publish","type":"product","link":"https:\/\/proservice.com.ar\/index.php\/product\/tilta-nucleus-nano-ii-fiz-wireless-lens-control-system\/","title":{"rendered":"Tilta Nucleus Nano II FIZ Wireless Lens Control System"},"content":{"rendered":"<div class=\"title_OMS5rN7R1Z\">\n<div data-selenium=\"sellingPointsTitle\">El sistema de control de lentes inal\u00e1mbrico Nucleus Nano II FIZ de Tilta es un sistema de control de enfoque, iris y zoom dise\u00f1ado tanto para cineastas independientes como para directores de fotograf\u00eda experimentados, ya sea que utilicen un equipo port\u00e1til o montado en un card\u00e1n. La configuraci\u00f3n b\u00e1sica del sistema incluye un controlador de volante con pantalla t\u00e1ctil mejorada y un motor de control de lente con un par cinco veces mayor que su predecesor. La conectividad USB-C, Wi-Fi de 2,4 GHz y Bluetooth conectan las unidades entre s\u00ed desde una distancia de hasta 300 pies y ofrecen compatibilidad de control con sistemas de c\u00e1mara seleccionados, y Wi-Fi permite actualizaciones de firmware.<\/div>\n<div data-selenium=\"sellingPointsTitle\"><\/div>\n<div class=\"text_TAw0W35QK_ comfy_TAw0W35QK_ sizeTitle4_TAw0W35QK_ weightBold_TAw0W35QK_ primary_i3MsQsqoe0\" data-selenium=\"sellingPointsTitle\"><strong>Caracter\u00edsticas Principales:\u00a0<\/strong><\/div>\n<\/div>\n<ul class=\"list_OMS5rN7R1Z\">\n<li class=\"listItem_OMS5rN7R1Z\" data-selenium=\"sellingPointsListItem\">Enfoque de seguimiento inal\u00e1mbrico y control FIZ<\/li>\n<li class=\"listItem_OMS5rN7R1Z\" data-selenium=\"sellingPointsListItem\">Conectividad Wi-Fi y Bluetooth de 2,4 GHz<\/li>\n<li class=\"listItem_OMS5rN7R1Z\" data-selenium=\"sellingPointsListItem\">Alcance inal\u00e1mbrico de 300&#8242;<\/li>\n<li class=\"listItem_OMS5rN7R1Z\" data-selenium=\"sellingPointsListItem\">Controlador de volante inal\u00e1mbrico<\/li>\n<li class=\"listItem_OMS5rN7R1Z\" data-selenium=\"sellingPointsListItem\">Kit de motor de control de lente Nano II<\/li>\n<li class=\"listItem_OMS5rN7R1Z\" data-selenium=\"sellingPointsListItem\">Abrazadera de varilla de 15 mm, anillo de engranaje de enfoque de seguimiento<\/li>\n<li class=\"listItem_OMS5rN7R1Z\" data-selenium=\"sellingPointsListItem\">Motor de lente de alto par 0,8 MOD<\/li>\n<li class=\"listItem_OMS5rN7R1Z\" data-selenium=\"sellingPointsListItem\">Puertos USB-C, estuche de transporte<\/li>\n<\/ul>\n","protected":false},"excerpt":{"rendered":"<p>Tilta Nucleus Nano II FIZ Wireless Lens Control System<\/p>\n","protected":false},"featured_media":6295,"template":"","meta":{"om_disable_all_campaigns":false},"pwb-brand":[],"product_brand":[],"product_cat":[420,84],"product_tag":[512],"class_list":{"0":"post-6292","1":"product","2":"type-product","3":"status-publish","4":"has-post-thumbnail","6":"product_cat-ofertas","7":"product_cat-tilta","8":"product_tag-wlc-t05","10":"first","11":"outofstock","12":"sale","13":"shipping-taxable","14":"purchasable","15":"product-type-simple"},"aioseo_notices":[],"jetpack_sharing_enabled":true,"brands":[],"_links":{"self":[{"href":"https:\/\/proservice.com.ar\/index.php\/wp-json\/wp\/v2\/product\/6292","targetHints":{"allow":["GET"]}}],"collection":[{"href":"https:\/\/proservice.com.ar\/index.php\/wp-json\/wp\/v2\/product"}],"about":[{"href":"https:\/\/proservice.com.ar\/index.php\/wp-json\/wp\/v2\/types\/product"}],"wp:featuredmedia":[{"embeddable":true,"href":"https:\/\/proservice.com.ar\/index.php\/wp-json\/wp\/v2\/media\/6295"}],"wp:attachment":[{"href":"https:\/\/proservice.com.ar\/index.php\/wp-json\/wp\/v2\/media?parent=6292"}],"wp:term":[{"taxonomy":"pwb-brand","embeddable":true,"href":"https:\/\/proservice.com.ar\/index.php\/wp-json\/wp\/v2\/pwb-brand?post=6292"},{"taxonomy":"product_brand","embeddable":true,"href":"https:\/\/proservice.com.ar\/index.php\/wp-json\/wp\/v2\/product_brand?post=6292"},{"taxonomy":"product_cat","embeddable":true,"href":"https:\/\/proservice.com.ar\/index.php\/wp-json\/wp\/v2\/product_cat?post=6292"},{"taxonomy":"product_tag","embeddable":true,"href":"https:\/\/proservice.com.ar\/index.php\/wp-json\/wp\/v2\/product_tag?post=6292"}],"curies":[{"name":"wp","href":"https:\/\/api.w.org\/{rel}","templated":true}]}}