{"id":6300,"date":"2024-04-22T10:56:21","date_gmt":"2024-04-22T13:56:21","guid":{"rendered":"https:\/\/proservice.com.ar\/?post_type=product&#038;p=6300"},"modified":"2025-06-10T10:03:45","modified_gmt":"2025-06-10T13:03:45","slug":"tilta-full-camera-cage-pro-kit-for-sony-zv-e1-black","status":"publish","type":"product","link":"https:\/\/proservice.com.ar\/index.php\/product\/tilta-full-camera-cage-pro-kit-for-sony-zv-e1-black\/","title":{"rendered":"Tilta Full Camera Cage Pro Kit for Sony ZV-E1 (Black)"},"content":{"rendered":"<div class=\"title_OMS5rN7R1Z\">\n<div data-selenium=\"sellingPointsTitle\">Equipe su c\u00e1mara Sony ZV-E1 con este kit Tilta Full Camera Cage Pro negro para brindar protecci\u00f3n adicional a su dispositivo y ampliar sus opciones de montaje. Los componentes principales incluidos con el kit son un cage para c\u00e1mara completa, una placa base LWS de 15 mm y un sistema de enfriamiento para mantener la c\u00e1mara funcionando por m\u00e1s tiempo y evitar el sobrecalentamiento. Tambi\u00e9n se incluye una manija superior NATO con el kit, y un adaptador de tornillo de 1\/4&#8243;-20 a riel NATO monta la manija en la jaula. Integre accesorios basados \u200b\u200ben varillas con la placa base y un par de varillas de aluminio de 15 mm.<\/div>\n<\/div>\n<div data-selenium=\"sellingPointsTitle\"><\/div>\n<div class=\"title_OMS5rN7R1Z\">\n<div class=\"text_TAw0W35QK_ comfy_TAw0W35QK_ sizeTitle4_TAw0W35QK_ weightBold_TAw0W35QK_ primary_i3MsQsqoe0\" data-selenium=\"sellingPointsTitle\"><strong>Caracter\u00edsticas Principales:\u00a0<\/strong><\/div>\n<\/div>\n<ul class=\"list_OMS5rN7R1Z\">\n<li class=\"listItem_OMS5rN7R1Z\" data-selenium=\"sellingPointsListItem\">Compatible con Sony ZV-E1.<\/li>\n<li class=\"listItem_OMS5rN7R1Z\" data-selenium=\"sellingPointsListItem\">Jaula completa para c\u00e1mara, asa superior<\/li>\n<li class=\"listItem_OMS5rN7R1Z\" data-selenium=\"sellingPointsListItem\">Sistema de refrigeraci\u00f3n, placa base LWS de 15 mm<\/li>\n<li class=\"listItem_OMS5rN7R1Z\" data-selenium=\"sellingPointsListItem\">Adaptador de tornillo de 1\/4&#8243;-20 a riel NATO<\/li>\n<\/ul>\n","protected":false},"excerpt":{"rendered":"<p>Tilta Full Camera Cage Pro Kit for Sony ZV-E1 (Black)<\/p>\n","protected":false},"featured_media":6303,"template":"","meta":{"om_disable_all_campaigns":false},"pwb-brand":[],"product_brand":[],"product_cat":[59,84],"product_tag":[514],"class_list":{"0":"post-6300","1":"product","2":"type-product","3":"status-publish","4":"has-post-thumbnail","6":"product_cat-camera-cage-and-kit","7":"product_cat-tilta","8":"product_tag-ta-t35-c-b","10":"first","11":"outofstock","12":"sale","13":"shipping-taxable","14":"purchasable","15":"product-type-simple"},"aioseo_notices":[],"jetpack_sharing_enabled":true,"brands":[],"_links":{"self":[{"href":"https:\/\/proservice.com.ar\/index.php\/wp-json\/wp\/v2\/product\/6300","targetHints":{"allow":["GET"]}}],"collection":[{"href":"https:\/\/proservice.com.ar\/index.php\/wp-json\/wp\/v2\/product"}],"about":[{"href":"https:\/\/proservice.com.ar\/index.php\/wp-json\/wp\/v2\/types\/product"}],"wp:featuredmedia":[{"embeddable":true,"href":"https:\/\/proservice.com.ar\/index.php\/wp-json\/wp\/v2\/media\/6303"}],"wp:attachment":[{"href":"https:\/\/proservice.com.ar\/index.php\/wp-json\/wp\/v2\/media?parent=6300"}],"wp:term":[{"taxonomy":"pwb-brand","embeddable":true,"href":"https:\/\/proservice.com.ar\/index.php\/wp-json\/wp\/v2\/pwb-brand?post=6300"},{"taxonomy":"product_brand","embeddable":true,"href":"https:\/\/proservice.com.ar\/index.php\/wp-json\/wp\/v2\/product_brand?post=6300"},{"taxonomy":"product_cat","embeddable":true,"href":"https:\/\/proservice.com.ar\/index.php\/wp-json\/wp\/v2\/product_cat?post=6300"},{"taxonomy":"product_tag","embeddable":true,"href":"https:\/\/proservice.com.ar\/index.php\/wp-json\/wp\/v2\/product_tag?post=6300"}],"curies":[{"name":"wp","href":"https:\/\/api.w.org\/{rel}","templated":true}]}}