{"id":6307,"date":"2024-11-22T12:35:56","date_gmt":"2024-11-22T15:35:56","guid":{"rendered":"https:\/\/proservice.com.ar\/?post_type=product&#038;p=6307"},"modified":"2026-04-01T11:19:32","modified_gmt":"2026-04-01T14:19:32","slug":"smallrig-rc-60b-bi-color-led-monolight-power-bank-clamp-edition","status":"publish","type":"product","link":"https:\/\/proservice.com.ar\/index.php\/product\/smallrig-rc-60b-bi-color-led-monolight-power-bank-clamp-edition\/","title":{"rendered":"SmallRig RC 60B Bi-Color LED Monolight"},"content":{"rendered":"<div class=\"title_OMS5rN7R1Z\">\n<div data-selenium=\"sellingPointsTitle\">La compacidad y la portabilidad son el coraz\u00f3n de la edici\u00f3n con abrazadera del banco de energ\u00eda monoluz LED bicolor RC 60B de SmallRig . Los creadores y camar\u00f3grafos de todos los niveles de experiencia seguramente apreciar\u00e1n su tama\u00f1o compacto y su flexibilidad bicolor. Adecuado para configuraciones de iluminaci\u00f3n peque\u00f1as y medianas, el RC 60B ofrece un rango CCT de 2700 a 6500K y protocolos de carga\/alimentaci\u00f3n r\u00e1pidos. Alimentada por una bater\u00eda integrada, la unidad le brindar\u00e1 hasta 45 minutos de funcionamiento a m\u00e1xima potencia y 75 minutos en modo ECO. El peso total del RC 60B, combinado con sus accesorios y bolsa de transporte, es de 3,3 libras, lo que libera a los creadores de contenido de la carga del pesado equipo de iluminaci\u00f3n.<\/div>\n<\/div>\n<div data-selenium=\"sellingPointsTitle\"><\/div>\n<div class=\"title_OMS5rN7R1Z\">\n<div class=\"text_TAw0W35QK_ comfy_TAw0W35QK_ sizeTitle4_TAw0W35QK_ weightBold_TAw0W35QK_ primary_i3MsQsqoe0\" data-selenium=\"sellingPointsTitle\"><strong>Caracter\u00edsticas principales:\u00a0<\/strong><\/div>\n<\/div>\n<ul class=\"list_OMS5rN7R1Z\">\n<li class=\"listItem_OMS5rN7R1Z\" data-selenium=\"sellingPointsListItem\">Para producci\u00f3n de v\u00eddeo y vlogging<\/li>\n<li class=\"listItem_OMS5rN7R1Z\" data-selenium=\"sellingPointsListItem\">Salida: 11.200 Lux a 3,3&#8242; con reflector<\/li>\n<li class=\"listItem_OMS5rN7R1Z\" data-selenium=\"sellingPointsListItem\">2700-6500K CCT<\/li>\n<li class=\"listItem_OMS5rN7R1Z\" data-selenium=\"sellingPointsListItem\">Bater\u00eda recargable USB incorporada<\/li>\n<li class=\"listItem_OMS5rN7R1Z\" data-selenium=\"sellingPointsListItem\">Tiempo de ejecuci\u00f3n de hasta 45 minutos<\/li>\n<li class=\"listItem_OMS5rN7R1Z\" data-selenium=\"sellingPointsListItem\">Control a bordo<\/li>\n<li class=\"listItem_OMS5rN7R1Z\" data-selenium=\"sellingPointsListItem\">IRC 97 | TLCI 98 | SSI 89 | TM-30 96\/100<\/li>\n<li class=\"listItem_OMS5rN7R1Z\" data-selenium=\"sellingPointsListItem\">Enfriado por ventilador<\/li>\n<li class=\"listItem_OMS5rN7R1Z\" data-selenium=\"sellingPointsListItem\">Dise\u00f1o compacto, liviano y port\u00e1til<\/li>\n<li class=\"listItem_OMS5rN7R1Z\" data-selenium=\"sellingPointsListItem\">Incluye abrazadera, mango, cable y bolsa.<\/li>\n<\/ul>\n","protected":false},"excerpt":{"rendered":"<p>SmallRig RC 60B Bi-Color LED Monolight (Power Bank Clamp Edition)<\/p>\n","protected":false},"featured_media":6311,"template":"","meta":{"om_disable_all_campaigns":false},"pwb-brand":[],"product_brand":[],"product_cat":[62,83],"product_tag":[516],"class_list":{"0":"post-6307","1":"product","2":"type-product","3":"status-publish","4":"has-post-thumbnail","6":"product_cat-lighting","7":"product_cat-smallrig","8":"product_tag-516","10":"first","11":"outofstock","12":"sale","13":"shipping-taxable","14":"purchasable","15":"product-type-simple"},"aioseo_notices":[],"jetpack_sharing_enabled":true,"brands":[],"_links":{"self":[{"href":"https:\/\/proservice.com.ar\/index.php\/wp-json\/wp\/v2\/product\/6307","targetHints":{"allow":["GET"]}}],"collection":[{"href":"https:\/\/proservice.com.ar\/index.php\/wp-json\/wp\/v2\/product"}],"about":[{"href":"https:\/\/proservice.com.ar\/index.php\/wp-json\/wp\/v2\/types\/product"}],"wp:featuredmedia":[{"embeddable":true,"href":"https:\/\/proservice.com.ar\/index.php\/wp-json\/wp\/v2\/media\/6311"}],"wp:attachment":[{"href":"https:\/\/proservice.com.ar\/index.php\/wp-json\/wp\/v2\/media?parent=6307"}],"wp:term":[{"taxonomy":"pwb-brand","embeddable":true,"href":"https:\/\/proservice.com.ar\/index.php\/wp-json\/wp\/v2\/pwb-brand?post=6307"},{"taxonomy":"product_brand","embeddable":true,"href":"https:\/\/proservice.com.ar\/index.php\/wp-json\/wp\/v2\/product_brand?post=6307"},{"taxonomy":"product_cat","embeddable":true,"href":"https:\/\/proservice.com.ar\/index.php\/wp-json\/wp\/v2\/product_cat?post=6307"},{"taxonomy":"product_tag","embeddable":true,"href":"https:\/\/proservice.com.ar\/index.php\/wp-json\/wp\/v2\/product_tag?post=6307"}],"curies":[{"name":"wp","href":"https:\/\/api.w.org\/{rel}","templated":true}]}}