{"id":6323,"date":"2024-05-06T13:44:24","date_gmt":"2024-05-06T16:44:24","guid":{"rendered":"https:\/\/proservice.com.ar\/?post_type=product&#038;p=6323"},"modified":"2026-04-01T11:28:35","modified_gmt":"2026-04-01T14:28:35","slug":"hollyland-solidcom-c1-pro-hub8s-enc-9-person-full-duplex-wireless-intercom-system-with-hub-1-9-ghz","status":"publish","type":"product","link":"https:\/\/proservice.com.ar\/index.php\/product\/hollyland-solidcom-c1-pro-hub8s-enc-9-person-full-duplex-wireless-intercom-system-with-hub-1-9-ghz\/","title":{"rendered":"Hollyland Solidcom C1 Pro-Hub8S ENC 9-Person Full-Duplex Wireless Intercom System with Hub (1.9 GHz)"},"content":{"rendered":"<div class=\"title_OMS5rN7R1Z\">\n<div data-selenium=\"sellingPointsTitle\">El Solidcom C1 Pro, primer sistema de auriculares de intercomunicaci\u00f3n inal\u00e1mbrica full duplex de Hollyland con tecnolog\u00eda de cancelaci\u00f3n del ruido ambiental (ENC) de doble micr\u00f3fono, es incre\u00edblemente ligero y f\u00e1cil de usar. La integraci\u00f3n de la ENC supone un gran avance, ideal para los equipos de producci\u00f3n que trabajan en entornos ruidosos en los que es esencial una claridad de comunicaci\u00f3n excepcional. Este sistema de auriculares de nueva generaci\u00f3n incorpora la avanzada tecnolog\u00eda DECT 6.0, un rango de audio de banda ancha de 150\u00a0Hz a 7\u00a0kHz y un rango de comunicaci\u00f3n LOS fiable de hasta 350\u00a0m.<\/div>\n<div data-selenium=\"sellingPointsTitle\">\n<div class=\"section-title hl-fade\">Audio n\u00edtido potenciado por ENC para una coordinaci\u00f3n eficiente del equipo<\/div>\n<div class=\"section-subtitle hl-fade\">Micr\u00f3fono dual ENC inigualable<\/div>\n<div class=\"section-description hl-fade\">El Solidcom C1 Pro cuenta con la incomparable tecnolog\u00eda ENC de doble micr\u00f3fono que ofrece un sonido n\u00edtido capturado en entornos exigentes y ruidosos. Su micr\u00f3fono principal direccional se centra con precisi\u00f3n en el rango de voz del orador y, simult\u00e1neamente, el micr\u00f3fono secundario omnidireccional recoge el ruido ambiental procedente de distintas direcciones como muestras de ruido. La se\u00f1al de sonido se procesa con el avanzado algoritmo de ENC, que anula eficazmente el ruido ambiental y ofrece una calidad de sonido n\u00edtida.<\/div>\n<div>El sistema de intercomunicaci\u00f3n Solidcom C1 Pro es capaz de ofrecer un sonido aut\u00e9ntico y claro, incluso en los entornos de producci\u00f3n m\u00e1s exigentes. Su funci\u00f3n premium de cancelaci\u00f3n del eco ac\u00fastico (AEC) elimina eficazmente el eco no deseado en la gama de frecuencia de respuesta de 150\u00a0Hz a 7\u00a0kHz, lo que permite un trabajo en equipo m\u00e1s eficiente.<\/div>\n<div>\n<div class=\"section-title hl-fade\">Eliminaci\u00f3n rigurosa del ruido del viento<\/div>\n<div class=\"section-description hl-fade\">\u00bfLe molesta el ruido del viento en entornos de producci\u00f3n al aire libre? El Solidcom C1 Pro ofrece una soluci\u00f3n vers\u00e1til que evita que el flujo de aire golpee directamente el micr\u00f3fono. Con el papel de fieltro Y5 dise\u00f1ado para el micr\u00f3fono principal como filtro contra el viento, as\u00ed como la almohadilla para micr\u00f3fono, podr\u00e1 disfrutar de total tranquilidad en entornos de producci\u00f3n en los que el ruido del viento es un gran problema.<\/div>\n<\/div>\n<\/div>\n<div data-selenium=\"sellingPointsTitle\"><\/div>\n<div class=\"text_TAw0W35QK_ comfy_TAw0W35QK_ sizeTitle4_TAw0W35QK_ weightBold_TAw0W35QK_ primary_i3MsQsqoe0\" data-selenium=\"sellingPointsTitle\"><strong>Caracter\u00edsticas Principales:\u00a0<\/strong><\/div>\n<\/div>\n<ul class=\"list_OMS5rN7R1Z\">\n<li class=\"listItem_OMS5rN7R1Z\" data-selenium=\"sellingPointsListItem\">Cancelaci\u00f3n de ruido ambiental de dos micr\u00f3fonos<\/li>\n<li class=\"listItem_OMS5rN7R1Z\" data-selenium=\"sellingPointsListItem\">Tecnolog\u00eda confiable DECT 6.0 de 1,9 GHz<\/li>\n<li class=\"listItem_OMS5rN7R1Z\" data-selenium=\"sellingPointsListItem\">Incluye concentrador con auriculares con cable<\/li>\n<li class=\"listItem_OMS5rN7R1Z\" data-selenium=\"sellingPointsListItem\">8 auriculares remotos de un solo o\u00eddo<\/li>\n<li class=\"listItem_OMS5rN7R1Z\" data-selenium=\"sellingPointsListItem\">Amplia respuesta de frecuencia para un audio claro<\/li>\n<li class=\"listItem_OMS5rN7R1Z\" data-selenium=\"sellingPointsListItem\">Rango de operaci\u00f3n de 2 v\u00edas de 350 m<\/li>\n<li class=\"listItem_OMS5rN7R1Z\" data-selenium=\"sellingPointsListItem\">Bot\u00f3n Silenciar\/PTT o girar el brazo para silenciar<\/li>\n<li class=\"listItem_OMS5rN7R1Z\" data-selenium=\"sellingPointsListItem\">Incluye bater\u00edas y cargador de 8 bah\u00edas<\/li>\n<li class=\"listItem_OMS5rN7R1Z\" data-selenium=\"sellingPointsListItem\">Sistema ampliable<\/li>\n<li class=\"listItem_OMS5rN7R1Z\" data-selenium=\"sellingPointsListItem\">Compatible con versiones anteriores de Solidcom C1<\/li>\n<\/ul>\n","protected":false},"excerpt":{"rendered":"<p>SOLIDCOM C1 PRO &#8211; HUB8S<\/p>\n","protected":false},"featured_media":6328,"template":"","meta":{"om_disable_all_campaigns":false},"pwb-brand":[],"product_brand":[],"product_cat":[55,77,640],"product_tag":[518],"class_list":{"0":"post-6323","1":"product","2":"type-product","3":"status-publish","4":"has-post-thumbnail","6":"product_cat-audio","7":"product_cat-hollyland","8":"product_cat-intercom","9":"product_tag-solidcom-c1-pro-hub8s","11":"first","12":"onbackorder","13":"shipping-taxable","14":"product-type-simple"},"aioseo_notices":[],"jetpack_sharing_enabled":true,"brands":[],"_links":{"self":[{"href":"https:\/\/proservice.com.ar\/index.php\/wp-json\/wp\/v2\/product\/6323","targetHints":{"allow":["GET"]}}],"collection":[{"href":"https:\/\/proservice.com.ar\/index.php\/wp-json\/wp\/v2\/product"}],"about":[{"href":"https:\/\/proservice.com.ar\/index.php\/wp-json\/wp\/v2\/types\/product"}],"wp:featuredmedia":[{"embeddable":true,"href":"https:\/\/proservice.com.ar\/index.php\/wp-json\/wp\/v2\/media\/6328"}],"wp:attachment":[{"href":"https:\/\/proservice.com.ar\/index.php\/wp-json\/wp\/v2\/media?parent=6323"}],"wp:term":[{"taxonomy":"pwb-brand","embeddable":true,"href":"https:\/\/proservice.com.ar\/index.php\/wp-json\/wp\/v2\/pwb-brand?post=6323"},{"taxonomy":"product_brand","embeddable":true,"href":"https:\/\/proservice.com.ar\/index.php\/wp-json\/wp\/v2\/product_brand?post=6323"},{"taxonomy":"product_cat","embeddable":true,"href":"https:\/\/proservice.com.ar\/index.php\/wp-json\/wp\/v2\/product_cat?post=6323"},{"taxonomy":"product_tag","embeddable":true,"href":"https:\/\/proservice.com.ar\/index.php\/wp-json\/wp\/v2\/product_tag?post=6323"}],"curies":[{"name":"wp","href":"https:\/\/api.w.org\/{rel}","templated":true}]}}