{"id":6329,"date":"2024-05-06T13:55:46","date_gmt":"2024-05-06T16:55:46","guid":{"rendered":"https:\/\/proservice.com.ar\/?post_type=product&#038;p=6329"},"modified":"2026-02-10T14:17:49","modified_gmt":"2026-02-10T17:17:49","slug":"aida-imaging-compact-visca-serial-ip-ptz-camera-controller","status":"publish","type":"product","link":"https:\/\/proservice.com.ar\/index.php\/product\/aida-imaging-compact-visca-serial-ip-ptz-camera-controller\/","title":{"rendered":"AIDA Imaging Compact VISCA Serial &amp; IP PTZ Camera Controller"},"content":{"rendered":"<div class=\"title_OMS5rN7R1Z\">\n<div data-selenium=\"sellingPointsTitle\">\n<p>Agregue este controlador de c\u00e1mara PTZ IP y serie VISCA compacto simplificado de AIDA Imaging a su producci\u00f3n de c\u00e1mara PTZ para una selecci\u00f3n r\u00e1pida de c\u00e1mara y un uso f\u00e1cil. Usando el cable de conexi\u00f3n incorporado, la CCU-MINI puede conectarse a sus c\u00e1maras usando el protocolo serial VISCA o controlar c\u00e1maras IP a trav\u00e9s de una LAN. El cable multiconector cuenta con una entrada de alimentaci\u00f3n hembra de 12 VCC, un cable Ethernet RJ45, un cable serial de bloque de terminales RS-485 y un cable serial RJ45 RS-422.<\/p>\n<p>Con el joystick de 3 direcciones, puede controlar las operaciones de giro, inclinaci\u00f3n y zoom de hasta siete c\u00e1maras. Puede seleccionar c\u00e1maras con solo presionar un bot\u00f3n, y hay botones adicionales para controlar el enfoque, la velocidad de giro\/inclinaci\u00f3n y las operaciones de configuraci\u00f3n. Una gran pantalla LCD le muestra el estado de los controles de su c\u00e1mara.<\/p>\n<\/div>\n<div data-selenium=\"sellingPointsTitle\"><\/div>\n<div class=\"text_TAw0W35QK_ comfy_TAw0W35QK_ sizeTitle4_TAw0W35QK_ weightBold_TAw0W35QK_ primary_i3MsQsqoe0\" data-selenium=\"sellingPointsTitle\"><strong>Caracter\u00edsticas Principales:\u00a0<\/strong><\/div>\n<\/div>\n<ul class=\"list_OMS5rN7R1Z\">\n<li class=\"listItem_OMS5rN7R1Z\" data-selenium=\"sellingPointsListItem\">Controle hasta siete c\u00e1maras PTZ<\/li>\n<li class=\"listItem_OMS5rN7R1Z\" data-selenium=\"sellingPointsListItem\">Joystick de giro\/inclinaci\u00f3n\/zoom<\/li>\n<li class=\"listItem_OMS5rN7R1Z\" data-selenium=\"sellingPointsListItem\">Selecci\u00f3n de c\u00e1mara con un solo toque<\/li>\n<li class=\"listItem_OMS5rN7R1Z\" data-selenium=\"sellingPointsListItem\">Control VISCA serie y VISCA sobre IP<\/li>\n<li class=\"listItem_OMS5rN7R1Z\" data-selenium=\"sellingPointsListItem\">Controles compactos y simplificados, pantalla LCD grande<\/li>\n<\/ul>\n","protected":false},"excerpt":{"rendered":"<p>CCU-MINI<\/p>\n","protected":false},"featured_media":6332,"template":"","meta":{"om_disable_all_campaigns":false},"pwb-brand":[],"product_brand":[],"product_cat":[70,61],"product_tag":[519],"class_list":{"0":"post-6329","1":"product","2":"type-product","3":"status-publish","4":"has-post-thumbnail","6":"product_cat-aida","7":"product_cat-keyboard-and-control-panel","8":"product_tag-ccu-mini","10":"first","11":"instock","12":"sale","13":"shipping-taxable","14":"purchasable","15":"product-type-simple"},"aioseo_notices":[],"jetpack_sharing_enabled":true,"brands":[],"_links":{"self":[{"href":"https:\/\/proservice.com.ar\/index.php\/wp-json\/wp\/v2\/product\/6329","targetHints":{"allow":["GET"]}}],"collection":[{"href":"https:\/\/proservice.com.ar\/index.php\/wp-json\/wp\/v2\/product"}],"about":[{"href":"https:\/\/proservice.com.ar\/index.php\/wp-json\/wp\/v2\/types\/product"}],"wp:featuredmedia":[{"embeddable":true,"href":"https:\/\/proservice.com.ar\/index.php\/wp-json\/wp\/v2\/media\/6332"}],"wp:attachment":[{"href":"https:\/\/proservice.com.ar\/index.php\/wp-json\/wp\/v2\/media?parent=6329"}],"wp:term":[{"taxonomy":"pwb-brand","embeddable":true,"href":"https:\/\/proservice.com.ar\/index.php\/wp-json\/wp\/v2\/pwb-brand?post=6329"},{"taxonomy":"product_brand","embeddable":true,"href":"https:\/\/proservice.com.ar\/index.php\/wp-json\/wp\/v2\/product_brand?post=6329"},{"taxonomy":"product_cat","embeddable":true,"href":"https:\/\/proservice.com.ar\/index.php\/wp-json\/wp\/v2\/product_cat?post=6329"},{"taxonomy":"product_tag","embeddable":true,"href":"https:\/\/proservice.com.ar\/index.php\/wp-json\/wp\/v2\/product_tag?post=6329"}],"curies":[{"name":"wp","href":"https:\/\/api.w.org\/{rel}","templated":true}]}}