{"id":6346,"date":"2022-02-15T14:11:08","date_gmt":"2022-02-15T17:11:08","guid":{"rendered":"https:\/\/proservice.com.ar\/?post_type=product&#038;p=6346"},"modified":"2025-05-27T15:30:12","modified_gmt":"2025-05-27T18:30:12","slug":"lente-fijo-estandar-55mm-f1-8-serie-zeiss-full-frame","status":"publish","type":"product","link":"https:\/\/proservice.com.ar\/index.php\/product\/lente-fijo-estandar-55mm-f1-8-serie-zeiss-full-frame\/","title":{"rendered":"Lente Fijo Est\u00e1ndar 55mm F1.8 Serie Zeiss Full Frame"},"content":{"rendered":"<p>Montura E, formato Full Frame, Lente prime est\u00e1ndar ZEISS, Apertura circular de 9 l\u00e1minas<\/p>\n","protected":false},"excerpt":{"rendered":"<p>SEL55F18Z AE<\/p>\n","protected":false},"featured_media":6347,"template":"","meta":{"om_disable_all_campaigns":false},"pwb-brand":[],"product_brand":[],"product_cat":[33,15],"product_tag":[524],"class_list":{"0":"post-6346","1":"product","2":"type-product","3":"status-publish","4":"has-post-thumbnail","6":"product_cat-accesorios","7":"product_cat-camera","8":"product_tag-sel55f18z-ae","10":"first","11":"onbackorder","12":"shipping-taxable","13":"product-type-simple"},"aioseo_notices":[],"jetpack_sharing_enabled":true,"brands":[],"_links":{"self":[{"href":"https:\/\/proservice.com.ar\/index.php\/wp-json\/wp\/v2\/product\/6346","targetHints":{"allow":["GET"]}}],"collection":[{"href":"https:\/\/proservice.com.ar\/index.php\/wp-json\/wp\/v2\/product"}],"about":[{"href":"https:\/\/proservice.com.ar\/index.php\/wp-json\/wp\/v2\/types\/product"}],"wp:featuredmedia":[{"embeddable":true,"href":"https:\/\/proservice.com.ar\/index.php\/wp-json\/wp\/v2\/media\/6347"}],"wp:attachment":[{"href":"https:\/\/proservice.com.ar\/index.php\/wp-json\/wp\/v2\/media?parent=6346"}],"wp:term":[{"taxonomy":"pwb-brand","embeddable":true,"href":"https:\/\/proservice.com.ar\/index.php\/wp-json\/wp\/v2\/pwb-brand?post=6346"},{"taxonomy":"product_brand","embeddable":true,"href":"https:\/\/proservice.com.ar\/index.php\/wp-json\/wp\/v2\/product_brand?post=6346"},{"taxonomy":"product_cat","embeddable":true,"href":"https:\/\/proservice.com.ar\/index.php\/wp-json\/wp\/v2\/product_cat?post=6346"},{"taxonomy":"product_tag","embeddable":true,"href":"https:\/\/proservice.com.ar\/index.php\/wp-json\/wp\/v2\/product_tag?post=6346"}],"curies":[{"name":"wp","href":"https:\/\/api.w.org\/{rel}","templated":true}]}}