{"id":6355,"date":"2024-05-20T13:19:03","date_gmt":"2024-05-20T16:19:03","guid":{"rendered":"https:\/\/proservice.com.ar\/?post_type=product&#038;p=6355"},"modified":"2025-11-12T11:03:51","modified_gmt":"2025-11-12T14:03:51","slug":"camara-de-video-pxw-z90-4k-hdr-bateria-np-fv100a","status":"publish","type":"product","link":"https:\/\/proservice.com.ar\/index.php\/product\/camara-de-video-pxw-z90-4k-hdr-bateria-np-fv100a\/","title":{"rendered":"C\u00e1mara de Video PXW-Z90 4K HDR + Bater\u00eda NP-FV100A (Discontinuada)"},"content":{"rendered":"<p>Kit: Videoc\u00e1mara PXW-Z90V + Bater\u00eda recargable NP-FV100A<\/p>\n<p>Videoc\u00e1mara PXW-Z90V<\/p>\n<p>La videoc\u00e1mara PXW-Z90 ofrece im\u00e1genes 4K con calidad de broadcast y funciones de avanzada, como enfoque autom\u00e1tico de alta velocidad, flujo de trabajo HDR instant\u00e1neo, c\u00e1mara superlenta a un m\u00e1ximo de 960 fps*\/1000 fps y transmisi\u00f3n por WiFi.<\/p>\n<p>Comparta el momento ya mismo con Simple Live Streaming<\/p>\n<p>Con la videoc\u00e1mara PXW-Z90, compartir videos de alta calidad en tiempo real con su p\u00fablico online es muy sencillo. Transmita contenido en vivo directamente a las principales plataformas digitales con una configuraci\u00f3n sencilla.*<\/p>\n<p>M\u00e1xima movilidad con enfoque autom\u00e1tico de alta velocidad<\/p>\n<p>La c\u00e1mara PXW-Z90 es ultraliviana, del tama\u00f1o de la palma de la mano, para poder realizar tomas en cualquier situaci\u00f3n. Su sistema Fast Hybrid AF est\u00e1 dise\u00f1ado para ofrecer calidad de imagen precisa, en todo momento, con completo control creativo.<\/p>\n<p>Bater\u00eda recargable NP-FV100A serie V<\/p>\n<p>El modelo de mayor capacidad de la bater\u00eda recargable InfoLITHIUM\u2122 serie V. Muestra un indicador de energ\u00eda restante preciso en Handycam\u00ae. Aumenta la energ\u00eda en comparaci\u00f3n con el modelo anterior NP-FV100. Carga r\u00e1pida con el cargador BC-QM1\/AC-VQV10 opcional.<\/p>\n","protected":false},"excerpt":{"rendered":"<p>PXW-Z90V + NP-FV100A<\/p>\n","protected":false},"featured_media":6357,"template":"","meta":{"om_disable_all_campaigns":false},"pwb-brand":[],"product_brand":[],"product_cat":[15,420,527],"product_tag":[528,529],"class_list":{"0":"post-6355","1":"product","2":"type-product","3":"status-publish","4":"has-post-thumbnail","6":"product_cat-camera","7":"product_cat-ofertas","8":"product_cat-sony","9":"product_tag-pxw-z90v","10":"product_tag-pxw-z90v-np-fv100a","12":"first","13":"onbackorder","14":"shipping-taxable","15":"product-type-simple"},"aioseo_notices":[],"jetpack_sharing_enabled":true,"brands":[],"_links":{"self":[{"href":"https:\/\/proservice.com.ar\/index.php\/wp-json\/wp\/v2\/product\/6355","targetHints":{"allow":["GET"]}}],"collection":[{"href":"https:\/\/proservice.com.ar\/index.php\/wp-json\/wp\/v2\/product"}],"about":[{"href":"https:\/\/proservice.com.ar\/index.php\/wp-json\/wp\/v2\/types\/product"}],"wp:featuredmedia":[{"embeddable":true,"href":"https:\/\/proservice.com.ar\/index.php\/wp-json\/wp\/v2\/media\/6357"}],"wp:attachment":[{"href":"https:\/\/proservice.com.ar\/index.php\/wp-json\/wp\/v2\/media?parent=6355"}],"wp:term":[{"taxonomy":"pwb-brand","embeddable":true,"href":"https:\/\/proservice.com.ar\/index.php\/wp-json\/wp\/v2\/pwb-brand?post=6355"},{"taxonomy":"product_brand","embeddable":true,"href":"https:\/\/proservice.com.ar\/index.php\/wp-json\/wp\/v2\/product_brand?post=6355"},{"taxonomy":"product_cat","embeddable":true,"href":"https:\/\/proservice.com.ar\/index.php\/wp-json\/wp\/v2\/product_cat?post=6355"},{"taxonomy":"product_tag","embeddable":true,"href":"https:\/\/proservice.com.ar\/index.php\/wp-json\/wp\/v2\/product_tag?post=6355"}],"curies":[{"name":"wp","href":"https:\/\/api.w.org\/{rel}","templated":true}]}}