{"id":6371,"date":"2024-05-20T14:29:37","date_gmt":"2024-05-20T17:29:37","guid":{"rendered":"https:\/\/proservice.com.ar\/?post_type=product&#038;p=6371"},"modified":"2025-06-17T12:32:35","modified_gmt":"2025-06-17T15:32:35","slug":"camara-de-video-full-frame-ilme-fx6-4k-solo-body","status":"publish","type":"product","link":"https:\/\/proservice.com.ar\/index.php\/product\/camara-de-video-full-frame-ilme-fx6-4k-solo-body\/","title":{"rendered":"Camara de Video Full Frame ILME-FX6 4K (Solo body)"},"content":{"rendered":"<p>La c\u00e1mara Cinema Line FX6 pone un tama\u00f1o compacto y un rendimiento revolucionario al alcance de los creadores, con un sensor de imagen full-frame y una sensibilidad impactante. Las vanguardistas funciones de video ofrecen un rendimiento innovador y una biblioteca de aspectos cinematogr\u00e1ficos, junto con interfaces profesionales y un filtro electr\u00f3nico de densidad neutra variable. Nota: El funcionamiento de este equipo en un entorno residencial podr\u00eda provocar interferencias de radio.<\/p>\n","protected":false},"excerpt":{"rendered":"<p>ILME-FX6V<\/p>\n","protected":false},"featured_media":6376,"template":"","meta":{"om_disable_all_campaigns":false},"pwb-brand":[],"product_brand":[],"product_cat":[527],"product_tag":[530],"class_list":{"0":"post-6371","1":"product","2":"type-product","3":"status-publish","4":"has-post-thumbnail","6":"product_cat-sony","7":"product_tag-ilme-fx6v","9":"first","10":"onbackorder","11":"shipping-taxable","12":"product-type-simple"},"aioseo_notices":[],"jetpack_sharing_enabled":true,"brands":[],"_links":{"self":[{"href":"https:\/\/proservice.com.ar\/index.php\/wp-json\/wp\/v2\/product\/6371","targetHints":{"allow":["GET"]}}],"collection":[{"href":"https:\/\/proservice.com.ar\/index.php\/wp-json\/wp\/v2\/product"}],"about":[{"href":"https:\/\/proservice.com.ar\/index.php\/wp-json\/wp\/v2\/types\/product"}],"wp:featuredmedia":[{"embeddable":true,"href":"https:\/\/proservice.com.ar\/index.php\/wp-json\/wp\/v2\/media\/6376"}],"wp:attachment":[{"href":"https:\/\/proservice.com.ar\/index.php\/wp-json\/wp\/v2\/media?parent=6371"}],"wp:term":[{"taxonomy":"pwb-brand","embeddable":true,"href":"https:\/\/proservice.com.ar\/index.php\/wp-json\/wp\/v2\/pwb-brand?post=6371"},{"taxonomy":"product_brand","embeddable":true,"href":"https:\/\/proservice.com.ar\/index.php\/wp-json\/wp\/v2\/product_brand?post=6371"},{"taxonomy":"product_cat","embeddable":true,"href":"https:\/\/proservice.com.ar\/index.php\/wp-json\/wp\/v2\/product_cat?post=6371"},{"taxonomy":"product_tag","embeddable":true,"href":"https:\/\/proservice.com.ar\/index.php\/wp-json\/wp\/v2\/product_tag?post=6371"}],"curies":[{"name":"wp","href":"https:\/\/api.w.org\/{rel}","templated":true}]}}