{"id":6377,"date":"2023-05-20T14:32:55","date_gmt":"2023-05-20T17:32:55","guid":{"rendered":"https:\/\/proservice.com.ar\/?post_type=product&#038;p=6377"},"modified":"2025-06-17T14:04:52","modified_gmt":"2025-06-17T17:04:52","slug":"camara-digital-mirrorless-full-frame-ilme-fx3-solo-body","status":"publish","type":"product","link":"https:\/\/proservice.com.ar\/index.php\/product\/camara-digital-mirrorless-full-frame-ilme-fx3-solo-body\/","title":{"rendered":"C\u00e1mara Digital Mirrorless Full Frame ILME-FX3 (Solo body)"},"content":{"rendered":"<p>La c\u00e1mara FX3 Cinema Line ofrece alta sensibilidad y una expresi\u00f3n cinematogr\u00e1fica full-frame en un dise\u00f1o incre\u00edblemente compacto. Gracias a la movilidad mejorada para facilitar la grabaci\u00f3n en solitario y un funcionamiento profesional, es la herramienta creativa ideal para capturar una visi\u00f3n cinematogr\u00e1fica en cualquier lugar.<\/p>\n<p>&nbsp;<\/p>\n<div class=\"title_OMS5rN7R1Z\">\n<div class=\"text_TAw0W35QK_ comfy_TAw0W35QK_ sizeTitle4_TAw0W35QK_ weightBold_TAw0W35QK_ primary_i3MsQsqoe0\" data-selenium=\"sellingPointsTitle\"><strong>Caracter\u00edsticas Principales:\u00a0<\/strong><\/div>\n<\/div>\n<ul class=\"list_OMS5rN7R1Z\">\n<li class=\"listItem_OMS5rN7R1Z\" data-selenium=\"sellingPointsListItem\">Sensor CMOS Exmor R de fotograma completo de 12,1 MP<\/li>\n<li class=\"listItem_OMS5rN7R1Z\" data-selenium=\"sellingPointsListItem\">UHD 4K hasta 120 | 1080p hasta 240<\/li>\n<li class=\"listItem_OMS5rN7R1Z\" data-selenium=\"sellingPointsListItem\">Forma compacta para funcionamiento sin jaulas<\/li>\n<li class=\"listItem_OMS5rN7R1Z\" data-selenium=\"sellingPointsListItem\">10 bits 4:2:2 XAVC SI, salida sin procesar de 16 bits<\/li>\n<li class=\"listItem_OMS5rN7R1Z\" data-selenium=\"sellingPointsListItem\">S-Cinetone\/S-Log3\/HLG, 15+ paradas DR<\/li>\n<li class=\"listItem_OMS5rN7R1Z\" data-selenium=\"sellingPointsListItem\">Mango adaptador desmontable 2 x XLR\/TRS<\/li>\n<li class=\"listItem_OMS5rN7R1Z\" data-selenium=\"sellingPointsListItem\">AF con detecci\u00f3n de fase\/Seguimiento facial\/AF ocular<\/li>\n<li class=\"listItem_OMS5rN7R1Z\" data-selenium=\"sellingPointsListItem\">Rango ISO ampliado de 80 a 409.600<\/li>\n<li class=\"listItem_OMS5rN7R1Z\" data-selenium=\"sellingPointsListItem\">Ranuras para tarjetas duales CFexpress tipo A\/SDXC<\/li>\n<\/ul>\n","protected":false},"excerpt":{"rendered":"<p>ILME-FX3<\/p>\n","protected":false},"featured_media":6378,"template":"","meta":{"om_disable_all_campaigns":false},"pwb-brand":[],"product_brand":[],"product_cat":[527],"product_tag":[531],"class_list":{"0":"post-6377","1":"product","2":"type-product","3":"status-publish","4":"has-post-thumbnail","6":"product_cat-sony","7":"product_tag-ilme-fx3","9":"first","10":"onbackorder","11":"shipping-taxable","12":"product-type-simple"},"aioseo_notices":[],"jetpack_sharing_enabled":true,"brands":[],"_links":{"self":[{"href":"https:\/\/proservice.com.ar\/index.php\/wp-json\/wp\/v2\/product\/6377","targetHints":{"allow":["GET"]}}],"collection":[{"href":"https:\/\/proservice.com.ar\/index.php\/wp-json\/wp\/v2\/product"}],"about":[{"href":"https:\/\/proservice.com.ar\/index.php\/wp-json\/wp\/v2\/types\/product"}],"wp:featuredmedia":[{"embeddable":true,"href":"https:\/\/proservice.com.ar\/index.php\/wp-json\/wp\/v2\/media\/6378"}],"wp:attachment":[{"href":"https:\/\/proservice.com.ar\/index.php\/wp-json\/wp\/v2\/media?parent=6377"}],"wp:term":[{"taxonomy":"pwb-brand","embeddable":true,"href":"https:\/\/proservice.com.ar\/index.php\/wp-json\/wp\/v2\/pwb-brand?post=6377"},{"taxonomy":"product_brand","embeddable":true,"href":"https:\/\/proservice.com.ar\/index.php\/wp-json\/wp\/v2\/product_brand?post=6377"},{"taxonomy":"product_cat","embeddable":true,"href":"https:\/\/proservice.com.ar\/index.php\/wp-json\/wp\/v2\/product_cat?post=6377"},{"taxonomy":"product_tag","embeddable":true,"href":"https:\/\/proservice.com.ar\/index.php\/wp-json\/wp\/v2\/product_tag?post=6377"}],"curies":[{"name":"wp","href":"https:\/\/api.w.org\/{rel}","templated":true}]}}