{"id":6388,"date":"2022-03-20T14:55:32","date_gmt":"2022-03-20T17:55:32","guid":{"rendered":"https:\/\/proservice.com.ar\/?post_type=product&#038;p=6388"},"modified":"2025-05-12T14:09:42","modified_gmt":"2025-05-12T17:09:42","slug":"camara-digital-mirrorless-full-frame-ilce-9m2-a9ii-solo-body","status":"publish","type":"product","link":"https:\/\/proservice.com.ar\/index.php\/product\/camara-digital-mirrorless-full-frame-ilce-9m2-a9ii-solo-body\/","title":{"rendered":"C\u00e1mara Digital Mirrorless Full Frame ILCE-9M2 A9II (Solo body)"},"content":{"rendered":"<p>La facilidad de uso, la confiabilidad y la conectividad se perfeccionan para adaptarlas a las necesidades profesionales, lo que incluye, adem\u00e1s de su confiable AF, captura continua de hasta 20 fps<sup class=\"pasonyb2cqa-product-custom-0-x-openGate\" data-note=\"Modo de captura continua \">1<\/sup>Modo de captura continua &#8220;alta&#8221;. A una velocidad de obturaci\u00f3n igual o superior a 1\/125\u00a0s. En el modo AF-C, la frecuencia de imagen continua m\u00e1xima depende del modo de captura y de la lente utilizada.<sup class=\"pasonyb2cqa-product-custom-0-x-openGate\" data-note=\"Cuando se utiliza el obturador electr\u00f3nico. El rendimiento del seguimiento de AF puede depender de la lente y la configuraci\u00f3n. El contenido de la pantalla se actualiza m\u00e1s lentamente con las velocidades de obturaci\u00f3n lentas.\">2<\/sup>Cuando se utiliza el obturador electr\u00f3nico. El rendimiento del seguimiento de AF puede depender de la lente y la configuraci\u00f3n. El contenido de la pantalla se actualiza m\u00e1s lentamente con las velocidades de obturaci\u00f3n lentas.<sup class=\"pasonyb2cqa-product-custom-0-x-openGate\" data-note=\"La captura silenciosa est\u00e1 disponible al establecer el tipo de obturador en \">3<\/sup>La captura silenciosa est\u00e1 disponible al establecer el tipo de obturador en &#8220;Electr\u00f3nico&#8221;.<\/p>\n<div class=\"title_OMS5rN7R1Z\">\n<div class=\"text_TAw0W35QK_ comfy_TAw0W35QK_ sizeTitle4_TAw0W35QK_ weightBold_TAw0W35QK_ primary_i3MsQsqoe0\" data-selenium=\"sellingPointsTitle\"><strong>Caracter\u00edsticas Principales:\u00a0<\/strong><\/div>\n<\/div>\n<ul class=\"list_OMS5rN7R1Z\">\n<li class=\"listItem_OMS5rN7R1Z\" data-selenium=\"sellingPointsListItem\">Sensor CMOS Exmor RS de fotograma completo de 24,2 MP<\/li>\n<li class=\"listItem_OMS5rN7R1Z\" data-selenium=\"sellingPointsListItem\">Procesador de im\u00e1genes BIONZ X y LSI frontal<\/li>\n<li class=\"listItem_OMS5rN7R1Z\" data-selenium=\"sellingPointsListItem\">Sistema AF de detecci\u00f3n de fase de 693 puntos<\/li>\n<li class=\"listItem_OMS5rN7R1Z\" data-selenium=\"sellingPointsListItem\">Disparo de hasta 20 fps, ISO 100-204800<\/li>\n<li class=\"listItem_OMS5rN7R1Z\" data-selenium=\"sellingPointsListItem\">V\u00eddeo UHD 4K30p, Eye AF en tiempo real<\/li>\n<li class=\"listItem_OMS5rN7R1Z\" data-selenium=\"sellingPointsListItem\">EVF OLED Quad-VGA de 3,7 millones de puntos sin apagones<\/li>\n<li class=\"listItem_OMS5rN7R1Z\" data-selenium=\"sellingPointsListItem\">Pantalla t\u00e1ctil LCD inclinable de 3,0&#8243; y 1,44 m de puntos<\/li>\n<li class=\"listItem_OMS5rN7R1Z\" data-selenium=\"sellingPointsListItem\">Estabilizaci\u00f3n INTERIOR SteadyShot de 5 ejes<\/li>\n<li class=\"listItem_OMS5rN7R1Z\" data-selenium=\"sellingPointsListItem\">Ranuras duales para tarjetas SD UHS-II, notas de voz<\/li>\n<li class=\"listItem_OMS5rN7R1Z\" data-selenium=\"sellingPointsListItem\">Wi-Fi de 5 GHz, Ethernet 1000BASE-T<\/li>\n<\/ul>\n","protected":false},"excerpt":{"rendered":"<p>ILCE-9M2<\/p>\n","protected":false},"featured_media":6393,"template":"","meta":{"om_disable_all_campaigns":false},"pwb-brand":[],"product_brand":[],"product_cat":[527],"product_tag":[533],"class_list":{"0":"post-6388","1":"product","2":"type-product","3":"status-publish","4":"has-post-thumbnail","6":"product_cat-sony","7":"product_tag-ilce-9m2","9":"first","10":"onbackorder","11":"shipping-taxable","12":"product-type-simple"},"aioseo_notices":[],"jetpack_sharing_enabled":true,"brands":[],"_links":{"self":[{"href":"https:\/\/proservice.com.ar\/index.php\/wp-json\/wp\/v2\/product\/6388","targetHints":{"allow":["GET"]}}],"collection":[{"href":"https:\/\/proservice.com.ar\/index.php\/wp-json\/wp\/v2\/product"}],"about":[{"href":"https:\/\/proservice.com.ar\/index.php\/wp-json\/wp\/v2\/types\/product"}],"wp:featuredmedia":[{"embeddable":true,"href":"https:\/\/proservice.com.ar\/index.php\/wp-json\/wp\/v2\/media\/6393"}],"wp:attachment":[{"href":"https:\/\/proservice.com.ar\/index.php\/wp-json\/wp\/v2\/media?parent=6388"}],"wp:term":[{"taxonomy":"pwb-brand","embeddable":true,"href":"https:\/\/proservice.com.ar\/index.php\/wp-json\/wp\/v2\/pwb-brand?post=6388"},{"taxonomy":"product_brand","embeddable":true,"href":"https:\/\/proservice.com.ar\/index.php\/wp-json\/wp\/v2\/product_brand?post=6388"},{"taxonomy":"product_cat","embeddable":true,"href":"https:\/\/proservice.com.ar\/index.php\/wp-json\/wp\/v2\/product_cat?post=6388"},{"taxonomy":"product_tag","embeddable":true,"href":"https:\/\/proservice.com.ar\/index.php\/wp-json\/wp\/v2\/product_tag?post=6388"}],"curies":[{"name":"wp","href":"https:\/\/api.w.org\/{rel}","templated":true}]}}