{"id":6395,"date":"2023-02-20T15:02:24","date_gmt":"2023-02-20T18:02:24","guid":{"rendered":"https:\/\/proservice.com.ar\/?post_type=product&#038;p=6395"},"modified":"2025-05-12T14:09:47","modified_gmt":"2025-05-12T17:09:47","slug":"camara-digital-mirrorless-full-frame-ilce-1-a1-solo-body","status":"publish","type":"product","link":"https:\/\/proservice.com.ar\/index.php\/product\/camara-digital-mirrorless-full-frame-ilce-1-a1-solo-body\/","title":{"rendered":"C\u00e1mara Digital Mirrorless Full Frame ILCE-1 A1 (Solo body)"},"content":{"rendered":"<p>Gracias a los nuevos avances y tecnolog\u00edas clave, la a1 ofrece high resolution y una velocidad sin precedentes combinada con una sensibilidad y un rango din\u00e1mico que pueden dar vida a la visi\u00f3n del creador. Todo esto est\u00e1 respaldado por funciones y flujos de trabajo profesionales que hacen posible la entrega de fotos y pel\u00edculas para una nueva era de comunicaci\u00f3n visual.<\/p>\n<p>&nbsp;<\/p>\n<div class=\"title_OMS5rN7R1Z\">\n<div class=\"text_TAw0W35QK_ comfy_TAw0W35QK_ sizeTitle4_TAw0W35QK_ weightBold_TAw0W35QK_ primary_i3MsQsqoe0\" data-selenium=\"sellingPointsTitle\"><strong>Caracter\u00edsticas Principales:\u00a0<\/strong><\/div>\n<\/div>\n<ul class=\"list_OMS5rN7R1Z\">\n<li class=\"listItem_OMS5rN7R1Z\" data-selenium=\"sellingPointsListItem\"><span>Sensor CMOS BSI Exmor RS de fotograma completo de 50 MP<\/span><\/li>\n<li class=\"listItem_OMS5rN7R1Z\" data-selenium=\"sellingPointsListItem\"><span>Disparo de hasta 30 fps, ISO 50-102400<\/span><\/li>\n<li class=\"listItem_OMS5rN7R1Z\" data-selenium=\"sellingPointsListItem\"><span>V\u00eddeo 8K 30p y 4K 120p en 10 bits<\/span><\/li>\n<li class=\"listItem_OMS5rN7R1Z\" data-selenium=\"sellingPointsListItem\"><span>Salida de v\u00eddeo sin procesar de 4,3K y 16 bits, S-Cinetone<\/span><\/li>\n<li class=\"listItem_OMS5rN7R1Z\" data-selenium=\"sellingPointsListItem\"><span>EVF de 9,44 m de puntos con frecuencia de actualizaci\u00f3n de 240 fps<\/span><\/li>\n<li class=\"listItem_OMS5rN7R1Z\" data-selenium=\"sellingPointsListItem\"><span>759-pt. AF h\u00edbrido r\u00e1pido, AF Eye en tiempo real<\/span><\/li>\n<li class=\"listItem_OMS5rN7R1Z\" data-selenium=\"sellingPointsListItem\"><span>Estabilizaci\u00f3n de imagen SteadyShot de 5 ejes<\/span><\/li>\n<li class=\"listItem_OMS5rN7R1Z\" data-selenium=\"sellingPointsListItem\"><span>Mec\u00e1nico de doble accionamiento. Obturador, sincronizaci\u00f3n de 1\/400 segundos<\/span><\/li>\n<li class=\"listItem_OMS5rN7R1Z\" data-selenium=\"sellingPointsListItem\"><span>Wi-Fi MIMO de 5 GHz, Ethernet 1000BASE-T<\/span><\/li>\n<li class=\"listItem_OMS5rN7R1Z\" data-selenium=\"sellingPointsListItem\"><span>Ranuras duales para tarjetas CFexpress tipo A\/SD<\/span><\/li>\n<\/ul>\n","protected":false},"excerpt":{"rendered":"<p>ILCE-1<\/p>\n","protected":false},"featured_media":6401,"template":"","meta":{"om_disable_all_campaigns":false},"pwb-brand":[],"product_brand":[],"product_cat":[527],"product_tag":[535,534],"class_list":{"0":"post-6395","1":"product","2":"type-product","3":"status-publish","4":"has-post-thumbnail","6":"product_cat-sony","7":"product_tag-ilce-1","8":"product_tag-ilce-1-bq","10":"first","11":"onbackorder","12":"shipping-taxable","13":"product-type-simple"},"aioseo_notices":[],"jetpack_sharing_enabled":true,"brands":[],"_links":{"self":[{"href":"https:\/\/proservice.com.ar\/index.php\/wp-json\/wp\/v2\/product\/6395","targetHints":{"allow":["GET"]}}],"collection":[{"href":"https:\/\/proservice.com.ar\/index.php\/wp-json\/wp\/v2\/product"}],"about":[{"href":"https:\/\/proservice.com.ar\/index.php\/wp-json\/wp\/v2\/types\/product"}],"wp:featuredmedia":[{"embeddable":true,"href":"https:\/\/proservice.com.ar\/index.php\/wp-json\/wp\/v2\/media\/6401"}],"wp:attachment":[{"href":"https:\/\/proservice.com.ar\/index.php\/wp-json\/wp\/v2\/media?parent=6395"}],"wp:term":[{"taxonomy":"pwb-brand","embeddable":true,"href":"https:\/\/proservice.com.ar\/index.php\/wp-json\/wp\/v2\/pwb-brand?post=6395"},{"taxonomy":"product_brand","embeddable":true,"href":"https:\/\/proservice.com.ar\/index.php\/wp-json\/wp\/v2\/product_brand?post=6395"},{"taxonomy":"product_cat","embeddable":true,"href":"https:\/\/proservice.com.ar\/index.php\/wp-json\/wp\/v2\/product_cat?post=6395"},{"taxonomy":"product_tag","embeddable":true,"href":"https:\/\/proservice.com.ar\/index.php\/wp-json\/wp\/v2\/product_tag?post=6395"}],"curies":[{"name":"wp","href":"https:\/\/api.w.org\/{rel}","templated":true}]}}