{"id":6403,"date":"2023-05-20T16:48:02","date_gmt":"2023-05-20T19:48:02","guid":{"rendered":"https:\/\/proservice.com.ar\/?post_type=product&#038;p=6403"},"modified":"2025-11-28T14:32:15","modified_gmt":"2025-11-28T17:32:15","slug":"olympus-m-zuiko-digital-ed-12-50mm-f-3-5-6-3-ez-lente","status":"publish","type":"product","link":"https:\/\/proservice.com.ar\/index.php\/product\/olympus-m-zuiko-digital-ed-12-50mm-f-3-5-6-3-ez-lente\/","title":{"rendered":"Olympus M.Zuiko Digital ED 12-50mm f\/3.5-6.3 EZ Lente"},"content":{"rendered":"<div class=\"title_OMS5rN7R1Z\">\n<div class=\"text_TAw0W35QK_ comfy_TAw0W35QK_ sizeTitle4_TAw0W35QK_ weightBold_TAw0W35QK_ primary_i3MsQsqoe0\" data-selenium=\"sellingPointsTitle\">\n<div class=\"title_OMS5rN7R1Z\">\n<div data-selenium=\"sellingPointsTitle\">\n<div>\n<div class=\"productDescription_UbV5SNP5Eo\" data-selenium=\"overviewLongDescription\">\n<div class=\"js-injected-html text_UbV5SNP5Eo\">\n<p>Un zoom vers\u00e1til con capacidades de manejo \u00fanicas, el\u00a0M.Zuiko Digital ED 12-50 mm f\/3.5-6.3 EZ\u00a0de\u00a0Olympus\u00a0es un lente equivalente a 24-100 mm dise\u00f1ado para c\u00e1maras sin espejo Micro Four Thirds. Complementando la flexibilidad del rango de zoom, este objetivo tambi\u00e9n se caracteriza por su control de zoom electr\u00f3nico, para un movimiento de zoom suave y constante, as\u00ed como por un bot\u00f3n de modo macro de un solo toque, que brinda acceso directo a una configuraci\u00f3n de enfoque cercano para permitir fotografiar sujetos. tan cerca como 7,8&#8243; de distancia. Este 12-50 mm tambi\u00e9n se distingue por el uso de una serie de elementos asf\u00e9ricos, de baja dispersi\u00f3n y de alto \u00edndice de refracci\u00f3n para controlar una variedad de aberraciones y distorsiones para lograr una nitidez, claridad y precisi\u00f3n de color notables en todo el Adem\u00e1s, un sistema de enfoque autom\u00e1tico compatible con pel\u00edculas y fotograf\u00edas logra un rendimiento de enfoque r\u00e1pido, suave y silencioso, y un embrague de enfoque manual permite cambiar instant\u00e1neamente entre m\u00e9todos de enfoque.<\/p>\n<\/div>\n<\/div>\n<\/div>\n<div class=\"feature_UbV5SNP5Eo\">\n<div class=\"feature_UbV5SNP5Eo\">\n<div>\n<div class=\"feature_UbV5SNP5Eo\">\n<div class=\"descriptionAsTitle_UbV5SNP5Eo\">\n<div class=\"js-injected-html text_UbV5SNP5Eo\">El zoom de gran angular a tele est\u00e1 dise\u00f1ado para c\u00e1maras sin espejo Micro Four Thirds y proporciona un rango de distancia focal equivalente a 24-100 mm.<\/div>\n<\/div>\n<\/div>\n<\/div>\n<div>\n<div class=\"feature_UbV5SNP5Eo\">\n<div class=\"descriptionAsTitle_UbV5SNP5Eo\">\n<div class=\"js-injected-html text_UbV5SNP5Eo\">La construcci\u00f3n de la lente incorpora un elemento DSA (Dual Super Aspherical), dos elementos asf\u00e9ricos, un elemento de dispersi\u00f3n extrabaja y un elemento de alto \u00edndice de refracci\u00f3n en su dise\u00f1o para minimizar las aberraciones, la distorsi\u00f3n y las franjas de color en todo el rango del zoom y al mismo tiempo contribuir a nitidez general de la imagen, claridad y precisi\u00f3n del color.<\/div>\n<\/div>\n<\/div>\n<\/div>\n<div>\n<div class=\"feature_UbV5SNP5Eo\">\n<div class=\"descriptionAsTitle_UbV5SNP5Eo\">\n<div class=\"js-injected-html text_UbV5SNP5Eo\">El control de zoom electr\u00f3nico utiliza un motor lineal para producir efectos de zoom suaves y dram\u00e1ticos para complementar su grabaci\u00f3n de video. Se utiliza un anillo deslizante para cambiar entre m\u00e9todos de zoom mec\u00e1nico y electr\u00f3nico.<\/div>\n<\/div>\n<\/div>\n<\/div>\n<div>\n<div class=\"feature_UbV5SNP5Eo\">\n<div class=\"descriptionAsTitle_UbV5SNP5Eo\">\n<div class=\"js-injected-html text_UbV5SNP5Eo\">El sistema de enfoque autom\u00e1tico Movie &amp; Still Compatible (MSC) beneficia tanto a las aplicaciones de fotograf\u00eda como de v\u00eddeo debido a su rendimiento fluido, silencioso y r\u00e1pido.<\/div>\n<\/div>\n<\/div>\n<\/div>\n<div>\n<div class=\"feature_UbV5SNP5Eo\">\n<div class=\"descriptionAsTitle_UbV5SNP5Eo\">\n<div class=\"js-injected-html text_UbV5SNP5Eo\">El embrague de enfoque manual le permite colocar r\u00e1pidamente el anillo de enfoque en su lugar para un control de enfoque directo e intuitivo.<\/div>\n<\/div>\n<\/div>\n<\/div>\n<div>\n<div class=\"feature_UbV5SNP5Eo\">\n<div class=\"descriptionAsTitle_UbV5SNP5Eo\">\n<div class=\"js-injected-html text_UbV5SNP5Eo\">Un bot\u00f3n de modo macro de un toque le permite trabajar dentro de un rango de enfoque de 7,9 a 19,7&#8243;, junto con una ampliaci\u00f3n m\u00e1xima de 0,36x, para beneficiar la fotograf\u00eda de sujetos en primeros planos.<\/div>\n<\/div>\n<\/div>\n<\/div>\n<div>\n<div class=\"feature_UbV5SNP5Eo\">\n<div class=\"descriptionAsTitle_UbV5SNP5Eo\">\n<div class=\"js-injected-html text_UbV5SNP5Eo\">Bot\u00f3n programable L-Fn (funci\u00f3n de lente) para un ajuste de configuraci\u00f3n de f\u00e1cil acceso.<\/div>\n<\/div>\n<\/div>\n<\/div>\n<div>\n<div class=\"feature_UbV5SNP5Eo\">\n<div class=\"descriptionAsTitle_UbV5SNP5Eo\">\n<div class=\"js-injected-html text_UbV5SNP5Eo\"><span>El dise\u00f1o a prueba de polvo y salpicaduras garantiza el rendimiento de la lente en condiciones inclementes y duras.<\/span><\/div>\n<\/div>\n<\/div>\n<\/div>\n<\/div>\n<\/div>\n<\/div>\n<div data-selenium=\"sellingPointsTitle\"><\/div>\n<div class=\"text_TAw0W35QK_ comfy_TAw0W35QK_ sizeTitle4_TAw0W35QK_ weightBold_TAw0W35QK_ primary_i3MsQsqoe0\" data-selenium=\"sellingPointsTitle\"><strong>Caracter\u00edsticas Principales:\u00a0<\/strong><\/div>\n<\/div>\n<ul class=\"list_OMS5rN7R1Z\">\n<li class=\"listItem_OMS5rN7R1Z\" data-selenium=\"sellingPointsListItem\"><span>Sistema Micro Cuatro Tercios<\/span><\/li>\n<li class=\"listItem_OMS5rN7R1Z\" data-selenium=\"sellingPointsListItem\"><span>24-100 mm (equivalente a 35 mm)<\/span><\/li>\n<li class=\"listItem_OMS5rN7R1Z\" data-selenium=\"sellingPointsListItem\"><span>Rango de apertura: f\/3,5 a f\/22<\/span><\/li>\n<li class=\"listItem_OMS5rN7R1Z\" data-selenium=\"sellingPointsListItem\"><span>Tres elementos asf\u00e9ricos<\/span><\/li>\n<li class=\"listItem_OMS5rN7R1Z\" data-selenium=\"sellingPointsListItem\"><span>Un elemento de recursos humanos, un elemento de DE<\/span><\/li>\n<li class=\"listItem_OMS5rN7R1Z\" data-selenium=\"sellingPointsListItem\"><span>Sistema AF MSC, embrague de enfoque manual<\/span><\/li>\n<li class=\"listItem_OMS5rN7R1Z\" data-selenium=\"sellingPointsListItem\"><span>Zoom electr\u00f3nico, modo macro de un toque<\/span><\/li>\n<li class=\"listItem_OMS5rN7R1Z\" data-selenium=\"sellingPointsListItem\"><span>Bot\u00f3n de funci\u00f3n L-Fn programable<\/span><\/li>\n<li class=\"listItem_OMS5rN7R1Z\" data-selenium=\"sellingPointsListItem\"><span>Construcci\u00f3n resistente a la intemperie<\/span><\/li>\n<li class=\"listItem_OMS5rN7R1Z\" data-selenium=\"sellingPointsListItem\"><span>Diafragma redondeado de 5 hojas<\/span><\/li>\n<\/ul>\n<\/div>\n<\/div>\n","protected":false},"excerpt":{"rendered":"<p>v314040bu000<\/p>\n","protected":false},"featured_media":6405,"template":"","meta":{"om_disable_all_campaigns":false},"pwb-brand":[],"product_brand":[],"product_cat":[420,423],"product_tag":[536],"class_list":{"0":"post-6403","1":"product","2":"type-product","3":"status-publish","4":"has-post-thumbnail","6":"product_cat-ofertas","7":"product_cat-video","8":"product_tag-v314040bu000","10":"first","11":"instock","12":"sale","13":"shipping-taxable","14":"purchasable","15":"product-type-simple"},"aioseo_notices":[],"jetpack_sharing_enabled":true,"brands":[],"_links":{"self":[{"href":"https:\/\/proservice.com.ar\/index.php\/wp-json\/wp\/v2\/product\/6403","targetHints":{"allow":["GET"]}}],"collection":[{"href":"https:\/\/proservice.com.ar\/index.php\/wp-json\/wp\/v2\/product"}],"about":[{"href":"https:\/\/proservice.com.ar\/index.php\/wp-json\/wp\/v2\/types\/product"}],"wp:featuredmedia":[{"embeddable":true,"href":"https:\/\/proservice.com.ar\/index.php\/wp-json\/wp\/v2\/media\/6405"}],"wp:attachment":[{"href":"https:\/\/proservice.com.ar\/index.php\/wp-json\/wp\/v2\/media?parent=6403"}],"wp:term":[{"taxonomy":"pwb-brand","embeddable":true,"href":"https:\/\/proservice.com.ar\/index.php\/wp-json\/wp\/v2\/pwb-brand?post=6403"},{"taxonomy":"product_brand","embeddable":true,"href":"https:\/\/proservice.com.ar\/index.php\/wp-json\/wp\/v2\/product_brand?post=6403"},{"taxonomy":"product_cat","embeddable":true,"href":"https:\/\/proservice.com.ar\/index.php\/wp-json\/wp\/v2\/product_cat?post=6403"},{"taxonomy":"product_tag","embeddable":true,"href":"https:\/\/proservice.com.ar\/index.php\/wp-json\/wp\/v2\/product_tag?post=6403"}],"curies":[{"name":"wp","href":"https:\/\/api.w.org\/{rel}","templated":true}]}}