{"id":6406,"date":"2024-05-22T12:50:25","date_gmt":"2024-05-22T15:50:25","guid":{"rendered":"https:\/\/proservice.com.ar\/?post_type=product&#038;p=6406"},"modified":"2026-02-09T11:31:24","modified_gmt":"2026-02-09T14:31:24","slug":"smallrig-universal-tripod-dolly","status":"publish","type":"product","link":"https:\/\/proservice.com.ar\/index.php\/product\/smallrig-universal-tripod-dolly\/","title":{"rendered":"SmallRig Universal Tripod Dolly"},"content":{"rendered":"<div class=\"title_OMS5rN7R1Z\">\n<div data-selenium=\"sellingPointsTitle\">Movilice sin problemas casi cualquier tr\u00edpode y un equipo de c\u00e1mara peque\u00f1o o mediano con el Dolly de SmallRig . Esta plataforma rodante universal le permite mover tr\u00edpodes con facilidad a lo largo de superficies planas. Cada una de las ruedas grandes de 7cm\u00a0 de di\u00e1metro cuenta con frenos de rueda independientes para bloquear la plataforma rodante en su posici\u00f3n, y tornillos de bloqueo dedicados aseguran el tr\u00edpode en su lugar.<\/div>\n<\/div>\n<div data-selenium=\"sellingPointsTitle\"><\/div>\n<div data-selenium=\"sellingPointsTitle\"><\/div>\n<div class=\"title_OMS5rN7R1Z\">\n<div class=\"text_TAw0W35QK_ comfy_TAw0W35QK_ sizeTitle4_TAw0W35QK_ weightBold_TAw0W35QK_ primary_i3MsQsqoe0\" data-selenium=\"sellingPointsTitle\"><strong>Caracter\u00edsticas Principales:\u00a0<\/strong><\/div>\n<\/div>\n<ul class=\"list_OMS5rN7R1Z\">\n<li class=\"listItem_OMS5rN7R1Z\" data-selenium=\"sellingPointsListItem\">Dolly universal\u00a0 adaptable a la mayor\u00eda de los tr\u00edpodes<\/li>\n<li class=\"listItem_OMS5rN7R1Z\" data-selenium=\"sellingPointsListItem\">Capacidad de carga de 14 kilos<\/li>\n<li class=\"listItem_OMS5rN7R1Z\" data-selenium=\"sellingPointsListItem\">Ruedas grandes de 7 cm\u00a0 con frenos individuales<\/li>\n<li class=\"listItem_OMS5rN7R1Z\" data-selenium=\"sellingPointsListItem\">Patas ajustables de 30 a 43 cm<\/li>\n<li class=\"listItem_OMS5rN7R1Z\" data-selenium=\"sellingPointsListItem\">Se pliega para transporte<\/li>\n<\/ul>\n<div class=\"featureHeader_UbV5SNP5Eo\">\n<div class=\"text_TAw0W35QK_ comfy_TAw0W35QK_ sizeTitle2_TAw0W35QK_ weightNormal_TAw0W35QK_ primary_i3MsQsqoe0\"><strong>Compatibilidad<\/strong><\/div>\n<div><\/div>\n<\/div>\n<div>\n<div class=\"js-injected-html text_UbV5SNP5Eo\">La mayor\u00eda de los tr\u00edpodes con puntas de goma\/patas redondas, incluidos, entre otros:<br \/>\nSmallRig AD-01 Tr\u00edpode con cabezal fluido de alta resistencia 3751<br \/>\nSmallRig CT180 Tr\u00edpode de v\u00eddeo 3760<\/div>\n<\/div>\n","protected":false},"excerpt":{"rendered":"<p>3986<\/p>\n","protected":false},"featured_media":6411,"template":"","meta":{"om_disable_all_campaigns":false},"pwb-brand":[],"product_brand":[],"product_cat":[83,299],"product_tag":[537],"class_list":{"0":"post-6406","1":"product","2":"type-product","3":"status-publish","4":"has-post-thumbnail","6":"product_cat-smallrig","7":"product_cat-tripods","8":"product_tag-537","10":"first","11":"outofstock","12":"shipping-taxable","13":"purchasable","14":"product-type-simple"},"aioseo_notices":[],"jetpack_sharing_enabled":true,"brands":[],"_links":{"self":[{"href":"https:\/\/proservice.com.ar\/index.php\/wp-json\/wp\/v2\/product\/6406","targetHints":{"allow":["GET"]}}],"collection":[{"href":"https:\/\/proservice.com.ar\/index.php\/wp-json\/wp\/v2\/product"}],"about":[{"href":"https:\/\/proservice.com.ar\/index.php\/wp-json\/wp\/v2\/types\/product"}],"wp:featuredmedia":[{"embeddable":true,"href":"https:\/\/proservice.com.ar\/index.php\/wp-json\/wp\/v2\/media\/6411"}],"wp:attachment":[{"href":"https:\/\/proservice.com.ar\/index.php\/wp-json\/wp\/v2\/media?parent=6406"}],"wp:term":[{"taxonomy":"pwb-brand","embeddable":true,"href":"https:\/\/proservice.com.ar\/index.php\/wp-json\/wp\/v2\/pwb-brand?post=6406"},{"taxonomy":"product_brand","embeddable":true,"href":"https:\/\/proservice.com.ar\/index.php\/wp-json\/wp\/v2\/product_brand?post=6406"},{"taxonomy":"product_cat","embeddable":true,"href":"https:\/\/proservice.com.ar\/index.php\/wp-json\/wp\/v2\/product_cat?post=6406"},{"taxonomy":"product_tag","embeddable":true,"href":"https:\/\/proservice.com.ar\/index.php\/wp-json\/wp\/v2\/product_tag?post=6406"}],"curies":[{"name":"wp","href":"https:\/\/api.w.org\/{rel}","templated":true}]}}