{"id":6412,"date":"2024-05-22T13:09:26","date_gmt":"2024-05-22T16:09:26","guid":{"rendered":"https:\/\/proservice.com.ar\/?post_type=product&#038;p=6412"},"modified":"2026-04-01T11:27:28","modified_gmt":"2026-04-01T14:27:28","slug":"blackmagic-design-studio-camera-4k-pro-g2","status":"publish","type":"product","link":"https:\/\/proservice.com.ar\/index.php\/product\/blackmagic-design-studio-camera-4k-pro-g2\/","title":{"rendered":"Blackmagic Design Studio Camera 4K Pro G2"},"content":{"rendered":"<div class=\"title_OMS5rN7R1Z\">\n<div data-selenium=\"sellingPointsTitle\">Dise\u00f1ada para funcionar a la perfecci\u00f3n con potentes switchers de video SDI, la Blackmagic Design Studio Camera 4K Pro G2 ahora ofrece transmisi\u00f3n en vivo adem\u00e1s de conexiones profesionales como 12G-SDI y Ethernet 10GbE. La conexi\u00f3n Ethernet le permite configurar un flujo de trabajo estilo SMPTE utilizando una configuraci\u00f3n de un solo cable m\u00e1s asequible con PoE (alimentaci\u00f3n a trav\u00e9s de Ethernet) y la salida 12G-SDI y el retorno de programa proporcionan funciones de control de c\u00e1mara, conversaci\u00f3n y tally. Este \u00faltimo modelo 4K Pro conserva caracter\u00edsticas como un monitor de pantalla t\u00e1ctil de 7 pulgadas, salida HDMI, grabaci\u00f3n Blackmagic Raw, compatibilidad con HDR, audio XLR y montura de lente Micro Four Thirds de su predecesor.<\/div>\n<\/div>\n<div data-selenium=\"sellingPointsTitle\"><\/div>\n<div class=\"title_OMS5rN7R1Z\">\n<div class=\"text_TAw0W35QK_ comfy_TAw0W35QK_ sizeTitle4_TAw0W35QK_ weightBold_TAw0W35QK_ primary_i3MsQsqoe0\" data-selenium=\"sellingPointsTitle\"><strong>Caracter\u00edsticas Principales:\u00a0<\/strong><\/div>\n<\/div>\n<ul class=\"list_OMS5rN7R1Z\">\n<li class=\"listItem_OMS5rN7R1Z\" data-selenium=\"sellingPointsListItem\"><span>Montura de lente Micro Cuatro Tercios<\/span><\/li>\n<li class=\"listItem_OMS5rN7R1Z\" data-selenium=\"sellingPointsListItem\"><span>Capture hasta UHD 4K 3840 x 2160p60<\/span><\/li>\n<li class=\"listItem_OMS5rN7R1Z\" data-selenium=\"sellingPointsListItem\"><span>Transmisi\u00f3n en vivo<\/span><\/li>\n<li class=\"listItem_OMS5rN7R1Z\" data-selenium=\"sellingPointsListItem\"><span>E\/S de v\u00eddeo 12G-SDI, HDMI y Ethernet 10G<\/span><\/li>\n<li class=\"listItem_OMS5rN7R1Z\" data-selenium=\"sellingPointsListItem\"><span>Flujo de trabajo PoE de un solo cable asequible<\/span><\/li>\n<li class=\"listItem_OMS5rN7R1Z\" data-selenium=\"sellingPointsListItem\"><span>Pantalla t\u00e1ctil LCD HDR de alto brillo de 7&#8243;<\/span><\/li>\n<li class=\"listItem_OMS5rN7R1Z\" data-selenium=\"sellingPointsListItem\"><span>Grabar en discos USB tipo C externos<\/span><\/li>\n<li class=\"listItem_OMS5rN7R1Z\" data-selenium=\"sellingPointsListItem\"><span>Graba Blackmagic Raw, hasta 25.600 ISO<\/span><\/li>\n<li class=\"listItem_OMS5rN7R1Z\" data-selenium=\"sellingPointsListItem\"><span>E\/S de v\u00eddeo 12G-SDI, HDMI y Ethernet 10G<\/span><\/li>\n<li class=\"listItem_OMS5rN7R1Z\" data-selenium=\"sellingPointsListItem\"><span>Entrada de audio XLR y 3,5 mm, micr\u00f3fonos integrados<\/span><\/li>\n<\/ul>\n","protected":false},"excerpt":{"rendered":"<p>CINSTUDMFT\/G24PDFG2<\/p>\n","protected":false},"featured_media":6416,"template":"","meta":{"om_disable_all_campaigns":false},"pwb-brand":[],"product_brand":[],"product_cat":[71,15,423],"product_tag":[171],"class_list":{"0":"post-6412","1":"product","2":"type-product","3":"status-publish","4":"has-post-thumbnail","6":"product_cat-blackmagic-design","7":"product_cat-camera","8":"product_cat-video","9":"product_tag-cinstudmft-g24pdfg2","11":"first","12":"onbackorder","13":"shipping-taxable","14":"product-type-simple"},"aioseo_notices":[],"jetpack_sharing_enabled":true,"brands":[],"_links":{"self":[{"href":"https:\/\/proservice.com.ar\/index.php\/wp-json\/wp\/v2\/product\/6412","targetHints":{"allow":["GET"]}}],"collection":[{"href":"https:\/\/proservice.com.ar\/index.php\/wp-json\/wp\/v2\/product"}],"about":[{"href":"https:\/\/proservice.com.ar\/index.php\/wp-json\/wp\/v2\/types\/product"}],"wp:featuredmedia":[{"embeddable":true,"href":"https:\/\/proservice.com.ar\/index.php\/wp-json\/wp\/v2\/media\/6416"}],"wp:attachment":[{"href":"https:\/\/proservice.com.ar\/index.php\/wp-json\/wp\/v2\/media?parent=6412"}],"wp:term":[{"taxonomy":"pwb-brand","embeddable":true,"href":"https:\/\/proservice.com.ar\/index.php\/wp-json\/wp\/v2\/pwb-brand?post=6412"},{"taxonomy":"product_brand","embeddable":true,"href":"https:\/\/proservice.com.ar\/index.php\/wp-json\/wp\/v2\/product_brand?post=6412"},{"taxonomy":"product_cat","embeddable":true,"href":"https:\/\/proservice.com.ar\/index.php\/wp-json\/wp\/v2\/product_cat?post=6412"},{"taxonomy":"product_tag","embeddable":true,"href":"https:\/\/proservice.com.ar\/index.php\/wp-json\/wp\/v2\/product_tag?post=6412"}],"curies":[{"name":"wp","href":"https:\/\/api.w.org\/{rel}","templated":true}]}}