{"id":6418,"date":"2023-06-03T16:01:05","date_gmt":"2023-06-03T19:01:05","guid":{"rendered":"https:\/\/proservice.com.ar\/?post_type=product&#038;p=6418"},"modified":"2025-06-11T15:19:10","modified_gmt":"2025-06-11T18:19:10","slug":"blackmagic-design-smart-videohub-40-x-40-6g-sdi","status":"publish","type":"product","link":"https:\/\/proservice.com.ar\/index.php\/product\/blackmagic-design-smart-videohub-40-x-40-6g-sdi\/","title":{"rendered":"Blackmagic Design Smart Videohub 40 x 40 6G-SDI"},"content":{"rendered":"<div class=\"title_OMS5rN7R1Z\">\n<div data-selenium=\"sellingPointsTitle\">El Smart Videohub 40 x 40 6G-SDI\u00a0de\u00a0Blackmagic Design\u00a0es un enrutador de formato mixto con 40 entradas 6G-SDI y 40 salidas 6G-SDI para enrutar cualquier combinaci\u00f3n de v\u00eddeo SD, HD, Ultra HD 4K y DCI 4K. Admite muestreo de color 4:2:2 y 4:4:4 y procesamiento de 10 bits para gradaciones m\u00e1s suaves. Alojado en un marco de 2RU, el Smart Videohub es ideal para su uso tanto en grandes sistemas de transmisi\u00f3n como en mini racks port\u00e1tiles para producciones en vivo. Una pantalla LCD incorporada permite ver sus fuentes directamente en el enrutador, con botones simples y una perilla giratoria para control. El enrutamiento tambi\u00e9n se puede controlar mediante paneles remotos dedicados o a trav\u00e9s de Ethernet utilizando el software incluido para Mac OS X y Windows. Incluso puedes usar la aplicaci\u00f3n para iPad disponible para cambiar la ruta a trav\u00e9s de tu red inal\u00e1mbrica.<\/div>\n<div data-selenium=\"sellingPointsTitle\"><\/div>\n<div class=\"text_TAw0W35QK_ comfy_TAw0W35QK_ sizeTitle4_TAw0W35QK_ weightBold_TAw0W35QK_ primary_i3MsQsqoe0\" data-selenium=\"sellingPointsTitle\"><strong>Caracter\u00edsticas Principales:\u00a0<\/strong><\/div>\n<\/div>\n<ul class=\"list_OMS5rN7R1Z\">\n<li class=\"listItem_OMS5rN7R1Z\" data-selenium=\"sellingPointsListItem\">Conmutador de enrutamiento<\/li>\n<li class=\"listItem_OMS5rN7R1Z\" data-selenium=\"sellingPointsListItem\">40 entradas 6G-SDI\/40 salidas 6G-SDI<\/li>\n<li class=\"listItem_OMS5rN7R1Z\" data-selenium=\"sellingPointsListItem\">Soporta SD, HD, Ultra HD 4K, DCI 4K<\/li>\n<li class=\"listItem_OMS5rN7R1Z\" data-selenium=\"sellingPointsListItem\">Muestreo 4:2:2 y 4:4:4<\/li>\n<li class=\"listItem_OMS5rN7R1Z\" data-selenium=\"sellingPointsListItem\">Procesamiento de 10 bits<\/li>\n<li class=\"listItem_OMS5rN7R1Z\" data-selenium=\"sellingPointsListItem\">Reclocking SDI<\/li>\n<li class=\"listItem_OMS5rN7R1Z\" data-selenium=\"sellingPointsListItem\">LCD incorporado con control de perilla giratoria<\/li>\n<li class=\"listItem_OMS5rN7R1Z\" data-selenium=\"sellingPointsListItem\">Botones en el panel frontal<\/li>\n<li class=\"listItem_OMS5rN7R1Z\" data-selenium=\"sellingPointsListItem\">Ethernet para control remoto<\/li>\n<li class=\"listItem_OMS5rN7R1Z\" data-selenium=\"sellingPointsListItem\">Software de control Videohub incluido<\/li>\n<\/ul>\n","protected":false},"excerpt":{"rendered":"<p>VHUBSMART6G4040<\/p>\n","protected":false},"featured_media":6421,"template":"","meta":{"om_disable_all_campaigns":false},"pwb-brand":[],"product_brand":[],"product_cat":[71],"product_tag":[538],"class_list":{"0":"post-6418","1":"product","2":"type-product","3":"status-publish","4":"has-post-thumbnail","6":"product_cat-blackmagic-design","7":"product_tag-vhubsmart6g4040","9":"first","10":"outofstock","11":"shipping-taxable","12":"product-type-simple"},"aioseo_notices":[],"jetpack_sharing_enabled":true,"brands":[],"_links":{"self":[{"href":"https:\/\/proservice.com.ar\/index.php\/wp-json\/wp\/v2\/product\/6418","targetHints":{"allow":["GET"]}}],"collection":[{"href":"https:\/\/proservice.com.ar\/index.php\/wp-json\/wp\/v2\/product"}],"about":[{"href":"https:\/\/proservice.com.ar\/index.php\/wp-json\/wp\/v2\/types\/product"}],"wp:featuredmedia":[{"embeddable":true,"href":"https:\/\/proservice.com.ar\/index.php\/wp-json\/wp\/v2\/media\/6421"}],"wp:attachment":[{"href":"https:\/\/proservice.com.ar\/index.php\/wp-json\/wp\/v2\/media?parent=6418"}],"wp:term":[{"taxonomy":"pwb-brand","embeddable":true,"href":"https:\/\/proservice.com.ar\/index.php\/wp-json\/wp\/v2\/pwb-brand?post=6418"},{"taxonomy":"product_brand","embeddable":true,"href":"https:\/\/proservice.com.ar\/index.php\/wp-json\/wp\/v2\/product_brand?post=6418"},{"taxonomy":"product_cat","embeddable":true,"href":"https:\/\/proservice.com.ar\/index.php\/wp-json\/wp\/v2\/product_cat?post=6418"},{"taxonomy":"product_tag","embeddable":true,"href":"https:\/\/proservice.com.ar\/index.php\/wp-json\/wp\/v2\/product_tag?post=6418"}],"curies":[{"name":"wp","href":"https:\/\/api.w.org\/{rel}","templated":true}]}}